{"id":728192,"date":"2025-08-27T20:35:10","date_gmt":"2025-08-27T17:35:10","guid":{"rendered":"https:\/\/roveyayinevi.com.tr\/index.php\/urun\/efsane-karakterler-alp-ile-elifin-fantastik-maceralari-mustafa-kemal-ataturk\/"},"modified":"2026-04-16T02:35:55","modified_gmt":"2026-04-15T23:35:55","slug":"efsane-karakterler-alp-ile-elifin-fantastik-maceralari-mustafa-kemal-ataturk","status":"publish","type":"product","link":"https:\/\/roveyayinevi.com.tr\/index.php\/urun\/efsane-karakterler-alp-ile-elifin-fantastik-maceralari-mustafa-kemal-ataturk\/","title":{"rendered":"Efsane Karakterler Alp \u0130le Elif\u2019in Fantastik Maceralar\u0131 Mustafa Kemal Atat\u00fcrk"},"content":{"rendered":"<p>Tarihin efsane karakterleri bu e\u011flenceli ve heyecanl\u0131 seride bulu\u015fuyor. Usta tarihi romanc\u0131 ve akademisyen Beyaz\u0131t Akman \u00e7ocuklar i\u00e7in yazd\u0131. Alp s\u0131radan ve s\u0131k\u0131c\u0131 hayat\u0131 olan bir \u00e7ocuk oldu\u011funu san\u0131yor. Ta ki Elif \u2019le birlikte fantastik maceralara ad\u0131m at\u0131ncaya kadar! Alp, 23 Nisan gezisinde otob\u00fcsten indi\u011finde bamba\u015fka bir Ankara\u2019yla kar\u015f\u0131la\u015f\u0131r. Kafas\u0131 allak bullak iken kar\u015f\u0131s\u0131na Elif \u00e7\u0131kar ve onu gizemli bir zaman kap\u0131s\u0131ndan ge\u00e7irir. \u0130kili, kendilerini Atat\u00fcrk\u2019\u00fcn \u00e7ocuklu\u011fundan \u00c7anakkale cephelerine, Band\u0131rma Vapuru\u2019ndan ilk meclis koridorlar\u0131na uzanan soluk solu\u011fa bir ser\u00fcvenin tam ortas\u0131nda bulur. Tarihin t\u00fcm \u00f6nemli karakterlerini silmeye kararl\u0131 Tarih\u00e7alan\u2019\u0131n hedefinde bu sefer Atat\u00fcrk ve Kurtulu\u015f Sava\u015f\u0131 var! Alp ile Elif tarih \u00e7a\u011flar\u0131nda yolculuk ederek Atat\u00fcrk\u2019\u00fc bulmal\u0131 ve Tarih\u00e7alan\u2019a engel olmal\u0131lar. Acaba kahramanlar\u0131m\u0131z  Tarih\u00e7alan\u2019\u0131 durdurabilecek mi? Alp ile Elif \u2019in fantastik maceras\u0131na siz de kat\u0131l\u0131n ve zamanda yolculu\u011fun keyfini \u00e7\u0131kar\u0131n! Efsane Karakterler, y\u0131llar s\u00fcren bir \u00e7al\u0131\u015fman\u0131n ard\u0131ndan tarih, bilim ve edebiyat serisi olarak haz\u0131rland\u0131. <\/p>\n","protected":false},"excerpt":{"rendered":"<p>Tarihin efsane karakterleri bu e\u011flenceli ve heyecanl\u0131 seride bulu\u015fuyor. Usta tarihi romanc\u0131 ve akademisyen Beyaz\u0131t Akman \u00e7ocuklar i\u00e7in yazd\u0131. Alp s\u0131radan ve s\u0131k\u0131c\u0131 hayat\u0131 olan bir<span class=\"excerpt-hellip\"> [\u2026]<\/span><\/p>\n","protected":false},"featured_media":0,"template":"","meta":{"_monsterinsights_skip_tracking":false,"_monsterinsights_sitenote_active":false,"_monsterinsights_sitenote_note":"","_monsterinsights_sitenote_category":0},"product_brand":[],"product_cat":[12275,12274],"product_tag":[],"class_list":{"0":"post-728192","1":"product","2":"type-product","3":"status-publish","5":"product_cat-6-12-yas-kitaplari","6":"product_cat-cocuk-ve-genclik-kitaplari","7":"pa_cilt-ciltsiz","8":"pa_tur-kitap","9":"pa_yayinevi-epsilon-yayinlari","10":"pa_yazar-beyazit-akman","12":"first","13":"instock","14":"sale","15":"shipping-taxable","16":"purchasable","17":"product-type-simple"},"_links":{"self":[{"href":"https:\/\/roveyayinevi.com.tr\/index.php\/wp-json\/wp\/v2\/product\/728192","targetHints":{"allow":["GET"]}}],"collection":[{"href":"https:\/\/roveyayinevi.com.tr\/index.php\/wp-json\/wp\/v2\/product"}],"about":[{"href":"https:\/\/roveyayinevi.com.tr\/index.php\/wp-json\/wp\/v2\/types\/product"}],"wp:attachment":[{"href":"https:\/\/roveyayinevi.com.tr\/index.php\/wp-json\/wp\/v2\/media?parent=728192"}],"wp:term":[{"taxonomy":"product_brand","embeddable":true,"href":"https:\/\/roveyayinevi.com.tr\/index.php\/wp-json\/wp\/v2\/product_brand?post=728192"},{"taxonomy":"product_cat","embeddable":true,"href":"https:\/\/roveyayinevi.com.tr\/index.php\/wp-json\/wp\/v2\/product_cat?post=728192"},{"taxonomy":"product_tag","embeddable":true,"href":"https:\/\/roveyayinevi.com.tr\/index.php\/wp-json\/wp\/v2\/product_tag?post=728192"}],"curies":[{"name":"wp","href":"https:\/\/api.w.org\/{rel}","templated":true}]}}