{"id":728189,"date":"2025-08-27T20:35:07","date_gmt":"2025-08-27T17:35:07","guid":{"rendered":"https:\/\/roveyayinevi.com.tr\/index.php\/urun\/turkcu-devlet-adami-mahmut-esat-bozkurt\/"},"modified":"2026-04-16T02:35:55","modified_gmt":"2026-04-15T23:35:55","slug":"turkcu-devlet-adami-mahmut-esat-bozkurt","status":"publish","type":"product","link":"https:\/\/roveyayinevi.com.tr\/index.php\/urun\/turkcu-devlet-adami-mahmut-esat-bozkurt\/","title":{"rendered":"T\u00fcrk\u00e7\u00fc Devlet Adam\u0131  Mahmut Esat Bozkurt"},"content":{"rendered":"<p>Vatan\u0131n\u0131 savunmak i\u00e7in kariyerini b\u0131rak\u0131p \u0130svi\u00e7re\u2019den T\u00fcrkiye\u2019ye gelen ve \u00e7ete (m\u00fcfreze) olu\u015fturarak Mill\u00ee M\u00fccadele\u2019ye kat\u0131lan bir ba\u011f\u0131ms\u0131zl\u0131k sava\u015f\u00e7\u0131s\u0131! \u0130ktisat Bakan\u0131 olup iktisat ve tar\u0131m alan\u0131nda ilklere imza atan bir halk\u00e7\u0131! Adliye Bakan\u0131 olup Atat\u00fcrk\u2019\u00fcn onay ve g\u00f6r\u00fc\u015fleriyle T\u00fcrkiye\u2019yi \u00e7a\u011fda\u015fla\u015ft\u0131ran, meden\u00ee milletler aras\u0131na sokan bir \u00e7a\u011fda\u015f hukuk\u00e7u! Kapit\u00fclasyonlar\u0131n kald\u0131r\u0131lm\u0131\u015f olmas\u0131na ra\u011fmen Fransa\u2019n\u0131n k\u00fcstahl\u0131\u011f\u0131yla Lahey Adalet Divan\u0131\u2019nda mill\u00ee dava haline gelen Lotus-Bozkurt Davas\u0131\u2019 n\u0131 kazanan bir avukat! S\u0131rf serbest\u00e7e yazmak i\u00e7in bir daha bakanl\u0131k istemeyip kalemiyle sava\u015f veren bir yazar!  Ve tabi\u00ee ki b\u00fct\u00fcn bunlar\u0131 yaparken T\u00fcrk\u00e7\u00fcl\u00fck fikriyle hareket edip milleti i\u00e7in yan\u0131p tutu\u015fan bir milliyet\u00e7i! L\u00e2ik, halk\u00e7\u0131, cumhuriyet\u00e7i, devlet\u00e7i, ink\u0131lap\u00e7\u0131 bir T\u00fcrk\u00e7\u00fc! T\u00fcrk\u00e7\u00fc prati\u011fin ifadesi! T\u00fcrk\u00e7\u00fc esaslar \u00fczerine kurulmu\u015f olan T\u00fcrkiye Cumhuriyeti\u2019nin T\u00fcrk\u00e7\u00fc bakan\u0131! Devlet uygulamas\u0131nda \u00f6rnek al\u0131nmas\u0131 gereken bir T\u00fcrk\u00e7\u00fc devlet adam\u0131! Mahmut Esat Bozkurt! <\/p>\n","protected":false},"excerpt":{"rendered":"<p>Vatan\u0131n\u0131 savunmak i\u00e7in kariyerini b\u0131rak\u0131p \u0130svi\u00e7re\u2019den T\u00fcrkiye\u2019ye gelen ve \u00e7ete (m\u00fcfreze) olu\u015fturarak Mill\u00ee M\u00fccadele\u2019ye kat\u0131lan bir ba\u011f\u0131ms\u0131zl\u0131k sava\u015f\u00e7\u0131s\u0131! \u0130ktisat Bakan\u0131 olup iktisat ve tar\u0131m alan\u0131nda ilklere<span class=\"excerpt-hellip\"> [\u2026]<\/span><\/p>\n","protected":false},"featured_media":0,"template":"","meta":{"_monsterinsights_skip_tracking":false,"_monsterinsights_sitenote_active":false,"_monsterinsights_sitenote_note":"","_monsterinsights_sitenote_category":0},"product_brand":[],"product_cat":[13946,12304],"product_tag":[],"class_list":{"0":"post-728189","1":"product","2":"type-product","3":"status-publish","5":"product_cat-biyografi-otobiyografi","6":"product_cat-tarih","7":"pa_cilt-ciltsiz","8":"pa_tur-kitap","9":"pa_yayinevi-hitabevi-yayinlari","10":"pa_yazar-hayri-yildirim","12":"first","13":"instock","14":"sale","15":"shipping-taxable","16":"purchasable","17":"product-type-simple"},"_links":{"self":[{"href":"https:\/\/roveyayinevi.com.tr\/index.php\/wp-json\/wp\/v2\/product\/728189","targetHints":{"allow":["GET"]}}],"collection":[{"href":"https:\/\/roveyayinevi.com.tr\/index.php\/wp-json\/wp\/v2\/product"}],"about":[{"href":"https:\/\/roveyayinevi.com.tr\/index.php\/wp-json\/wp\/v2\/types\/product"}],"wp:attachment":[{"href":"https:\/\/roveyayinevi.com.tr\/index.php\/wp-json\/wp\/v2\/media?parent=728189"}],"wp:term":[{"taxonomy":"product_brand","embeddable":true,"href":"https:\/\/roveyayinevi.com.tr\/index.php\/wp-json\/wp\/v2\/product_brand?post=728189"},{"taxonomy":"product_cat","embeddable":true,"href":"https:\/\/roveyayinevi.com.tr\/index.php\/wp-json\/wp\/v2\/product_cat?post=728189"},{"taxonomy":"product_tag","embeddable":true,"href":"https:\/\/roveyayinevi.com.tr\/index.php\/wp-json\/wp\/v2\/product_tag?post=728189"}],"curies":[{"name":"wp","href":"https:\/\/api.w.org\/{rel}","templated":true}]}}