{"id":728188,"date":"2025-08-27T20:35:06","date_gmt":"2025-08-27T17:35:06","guid":{"rendered":"https:\/\/roveyayinevi.com.tr\/index.php\/urun\/osmanlida-modern-vatandaslik-egitiminin-dogusu\/"},"modified":"2026-04-16T02:35:55","modified_gmt":"2026-04-15T23:35:55","slug":"osmanlida-modern-vatandaslik-egitiminin-dogusu","status":"publish","type":"product","link":"https:\/\/roveyayinevi.com.tr\/index.php\/urun\/osmanlida-modern-vatandaslik-egitiminin-dogusu\/","title":{"rendered":"Osmanl\u0131\u2019da Modern Vatanda\u015fl\u0131k E\u011fitiminin Do\u011fu\u015fu"},"content":{"rendered":"<p>II. Me\u015frutiyet D\u00f6nemi\u2019nin hareketli atmosferinde bir\u00e7ok kurum gibi okul da siyasal ideolojinin n\u00fcfuz etti\u011fi politik bir mek\u00e2na d\u00f6n\u00fc\u015f\u00fcrken; \u00e7ocuklar bu ideolojinin vazetti\u011fi bilgi, de\u011fer ve becerilerle gelece\u011fin vatanda\u015flar\u0131 olarak haz\u0131rlanmaktayd\u0131. Bu ba\u011flamda II. Me\u015frutiyet D\u00f6nemi vatanda\u015fl\u0131k e\u011fitiminin amac\u0131; her ne kadar \u00e7ocuklar\u0131 bir vatanda\u015f olarak gelece\u011fe haz\u0131rlamak olsa da ger\u00e7ekte \u00e7o\u011fu yerde \u00fcst\u00fc kapal\u0131 ya da a\u00e7\u0131k surette \u00e7ocuklar\u0131 bir kurtar\u0131c\u0131ya d\u00f6n\u00fc\u015ft\u00fcrmektedir. Nitekim vatanda\u015fl\u0131k e\u011fitimi kapsam\u0131ndaki derslerin m\u00fcfredat i\u00e7eriklerinin belirlenmesinde etkili olan siyasi se\u00e7kinlerin ve bu programlar do\u011frultusunda e\u011fitim-\u00f6\u011fretim faaliyetlerini s\u00fcrd\u00fcren e\u011fitimcilerin, -daha genel anlamda ayd\u0131nlar\u0131n- uzun y\u0131llard\u0131r tedav\u00fclde olan \u201cBu devlet nas\u0131l kurtulur?\u201d sorusuna mukabil kurtarmaya \u00e7al\u0131\u015ft\u0131klar\u0131 devlet i\u00e7in yeni kurtar\u0131c\u0131lar yaratmak istedikleri ifade edilebilir. Bu kurtar\u0131c\u0131lar\/\u00e7ocuklar, s\u00f6z konusu d\u00f6nemde \u00fclke i\u00e7inde ya\u015fanan siyasi, sosyal, ekonomik, k\u00fclt\u00fcrel alanlar\u0131ndaki d\u00f6n\u00fc\u015f\u00fcm\u00fc hazmetmi\u015f ve i\u015ftiyakla savunan birer fig\u00fcr\/nefer olmakla muvazzaft\u0131. Bunun \u00f6tesinde en b\u00fcy\u00fck vazifeleri ise cephede, s\u0131cak sava\u015f ortam\u0131nda vatan\u0131 m\u00fcdafaa edecek asker olmalar\u0131d\u0131r. Daha \u00e7ok ulus devletlerde g\u00f6r\u00fclen, ge\u00e7mi\u015fi bug\u00fcn\u00fcn ihtiya\u00e7lar\u0131 do\u011frultusunda in\u015fa etme \u00e7abas\u0131, ulusalla\u015fman\u0131n haz\u0131rl\u0131k d\u00f6nemi olan II. Me\u015frutiyet D\u00f6nemi\u2019nde de kendini g\u00f6stermektedir. Ayr\u0131ca yeniden yarat\u0131lan veya var olan\u0131 yeniden in\u015fa etmek suretiyle dola\u015f\u0131ma giren de\u011ferler, semboller ve kahramanlar kolektif duygular\u0131n ve bilincin olu\u015fmas\u0131nda hayati role sahiptir. Bu unsurlar, pedagojik de\u011ferden \u00f6te vatanda\u015f namzetlerinde, k\u00fc\u00e7\u00fckl\u00fcklerinden ba\u015flayarak siyasal sisteme y\u00f6nelik r\u0131za ve onay yaratacak motifleri ve yorumlar\u0131 kendinde toplamaktad\u0131r <\/p>\n","protected":false},"excerpt":{"rendered":"<p>II. Me\u015frutiyet D\u00f6nemi\u2019nin hareketli atmosferinde bir\u00e7ok kurum gibi okul da siyasal ideolojinin n\u00fcfuz etti\u011fi politik bir mek\u00e2na d\u00f6n\u00fc\u015f\u00fcrken; \u00e7ocuklar bu ideolojinin vazetti\u011fi bilgi, de\u011fer ve becerilerle<span class=\"excerpt-hellip\"> [\u2026]<\/span><\/p>\n","protected":false},"featured_media":0,"template":"","meta":{"_monsterinsights_skip_tracking":false,"_monsterinsights_sitenote_active":false,"_monsterinsights_sitenote_note":"","_monsterinsights_sitenote_category":0},"product_brand":[],"product_cat":[13517,12304],"product_tag":[],"class_list":{"0":"post-728188","1":"product","2":"type-product","3":"status-publish","5":"product_cat-osmanli-tarihi","6":"product_cat-tarih","7":"pa_cilt-ciltsiz","8":"pa_tur-kitap","9":"pa_yayinevi-hitabevi-yayinlari","10":"pa_yazar-emre-igneci","12":"first","13":"instock","14":"sale","15":"shipping-taxable","16":"purchasable","17":"product-type-simple"},"_links":{"self":[{"href":"https:\/\/roveyayinevi.com.tr\/index.php\/wp-json\/wp\/v2\/product\/728188","targetHints":{"allow":["GET"]}}],"collection":[{"href":"https:\/\/roveyayinevi.com.tr\/index.php\/wp-json\/wp\/v2\/product"}],"about":[{"href":"https:\/\/roveyayinevi.com.tr\/index.php\/wp-json\/wp\/v2\/types\/product"}],"wp:attachment":[{"href":"https:\/\/roveyayinevi.com.tr\/index.php\/wp-json\/wp\/v2\/media?parent=728188"}],"wp:term":[{"taxonomy":"product_brand","embeddable":true,"href":"https:\/\/roveyayinevi.com.tr\/index.php\/wp-json\/wp\/v2\/product_brand?post=728188"},{"taxonomy":"product_cat","embeddable":true,"href":"https:\/\/roveyayinevi.com.tr\/index.php\/wp-json\/wp\/v2\/product_cat?post=728188"},{"taxonomy":"product_tag","embeddable":true,"href":"https:\/\/roveyayinevi.com.tr\/index.php\/wp-json\/wp\/v2\/product_tag?post=728188"}],"curies":[{"name":"wp","href":"https:\/\/api.w.org\/{rel}","templated":true}]}}