{"id":728187,"date":"2025-08-27T20:35:05","date_gmt":"2025-08-27T17:35:05","guid":{"rendered":"https:\/\/roveyayinevi.com.tr\/index.php\/urun\/kuantum-kehaneti-kartlari\/"},"modified":"2026-04-16T02:35:55","modified_gmt":"2026-04-15T23:35:55","slug":"kuantum-kehaneti-kartlari","status":"publish","type":"product","link":"https:\/\/roveyayinevi.com.tr\/index.php\/urun\/kuantum-kehaneti-kartlari\/","title":{"rendered":"Kuantum Kehaneti Kartlar\u0131"},"content":{"rendered":"<p>53 Kartl\u0131k Deste ve A\u00e7\u0131klama Kitab\u0131.   Kuantum d\u00fcnyas\u0131 sonsuz olas\u0131l\u0131klar sunar. \u0130\u00e7inizde ve \u00e7evrenizde s\u0131n\u0131rs\u0131z f\u0131rsatlar ve m\u00fcthi\u015f bir bolluk enerjisi titre\u015fiyor. Uluslararas\u0131 bir \u00fcne sahip kuantum enerjisi uzman\u0131 Sandra Anne Taylor, \u015fu \u00e2n\u0131n enerjisinin, evrensel etkilerin ve gelece\u011finizdeki olas\u0131l\u0131klar\u0131n birbiriyle uyumlulu\u011funu ortaya koymak i\u00e7in Kuantum Kehaneti\u2019ni tasarlad\u0131. Bu kartlar sadece \u00f6ng\u00f6rmekle kalm\u0131yor, ayn\u0131 zamanda size bir okuma esnas\u0131nda odakland\u0131\u011f\u0131n\u0131z herhangi bir konu hakk\u0131nda yol da g\u00f6steriyor. Bilincinizi ve enerjinizi de\u011fi\u015ftirecek se\u00e7eneklerin daha \u00e7ok fark\u0131na vard\u0131k\u00e7a hayat\u0131n\u0131zda sihirli bir e\u015fzamanl\u0131l\u0131\u011f\u0131n ortaya \u00e7\u0131kt\u0131\u011f\u0131n\u0131 g\u00f6receksiniz. Bu kartlar\u0131n sezgilerinizi kuantum d\u00fcnyas\u0131nda sizi bekleyen derin fark\u0131ndal\u0131klara ve keyifli deneyimlere a\u00e7mas\u0131na izin verin! <\/p>\n","protected":false},"excerpt":{"rendered":"<p>53 Kartl\u0131k Deste ve A\u00e7\u0131klama Kitab\u0131. Kuantum d\u00fcnyas\u0131 sonsuz olas\u0131l\u0131klar sunar. \u0130\u00e7inizde ve \u00e7evrenizde s\u0131n\u0131rs\u0131z f\u0131rsatlar ve m\u00fcthi\u015f bir bolluk enerjisi titre\u015fiyor. Uluslararas\u0131 bir \u00fcne sahip<span class=\"excerpt-hellip\"> [\u2026]<\/span><\/p>\n","protected":false},"featured_media":0,"template":"","meta":{"_monsterinsights_skip_tracking":false,"_monsterinsights_sitenote_active":false,"_monsterinsights_sitenote_note":"","_monsterinsights_sitenote_category":0},"product_brand":[],"product_cat":[18082,15563],"product_tag":[],"class_list":{"0":"post-728187","1":"product","2":"type-product","3":"status-publish","5":"product_cat-astroloji-fal-ruya","6":"product_cat-hobi","7":"pa_cilt-ciltsiz","8":"pa_tur-kitap","9":"pa_yayinevi-butik-yayinlari","10":"pa_yazar-sandra-anne-taylor","12":"first","13":"instock","14":"sale","15":"shipping-taxable","16":"purchasable","17":"product-type-simple"},"_links":{"self":[{"href":"https:\/\/roveyayinevi.com.tr\/index.php\/wp-json\/wp\/v2\/product\/728187","targetHints":{"allow":["GET"]}}],"collection":[{"href":"https:\/\/roveyayinevi.com.tr\/index.php\/wp-json\/wp\/v2\/product"}],"about":[{"href":"https:\/\/roveyayinevi.com.tr\/index.php\/wp-json\/wp\/v2\/types\/product"}],"wp:attachment":[{"href":"https:\/\/roveyayinevi.com.tr\/index.php\/wp-json\/wp\/v2\/media?parent=728187"}],"wp:term":[{"taxonomy":"product_brand","embeddable":true,"href":"https:\/\/roveyayinevi.com.tr\/index.php\/wp-json\/wp\/v2\/product_brand?post=728187"},{"taxonomy":"product_cat","embeddable":true,"href":"https:\/\/roveyayinevi.com.tr\/index.php\/wp-json\/wp\/v2\/product_cat?post=728187"},{"taxonomy":"product_tag","embeddable":true,"href":"https:\/\/roveyayinevi.com.tr\/index.php\/wp-json\/wp\/v2\/product_tag?post=728187"}],"curies":[{"name":"wp","href":"https:\/\/api.w.org\/{rel}","templated":true}]}}