{"id":728186,"date":"2025-08-27T20:35:05","date_gmt":"2025-08-27T17:35:05","guid":{"rendered":"https:\/\/roveyayinevi.com.tr\/index.php\/urun\/mimar-sinan-tarihsel-ve-muhayyel\/"},"modified":"2026-04-16T02:35:55","modified_gmt":"2026-04-15T23:35:55","slug":"mimar-sinan-tarihsel-ve-muhayyel","status":"publish","type":"product","link":"https:\/\/roveyayinevi.com.tr\/index.php\/urun\/mimar-sinan-tarihsel-ve-muhayyel\/","title":{"rendered":"Mimar Sinan &#8211; Tarihsel ve Muhayyel"},"content":{"rendered":"<p>Bu kitap bir Mimar Sinan monografisi de\u011fil. Ya\u015fam\u0131 ve eserleri \u00fczerinde bilinenlerin yeni bir \u00f6zetini sunmuyor. Onun yap\u0131lar\u0131n\u0131n bir d\u00f6k\u00fcm\u00fcn\u00fc i\u00e7ermiyor. Neden \u00e7ok \u00f6nemli bir dahi oldu\u011funu ve d\u00fcnya mimarl\u0131\u011f\u0131na yapt\u0131\u011f\u0131 katk\u0131lar\u0131 da anlatm\u0131yor. Sinan\u2019a ve eserlerine \u00f6vg\u00fcler d\u00fczm\u00fcyor. Sinan yap\u0131lar\u0131n\u0131n yeni \u00e7ekilmi\u015f \u00e7ok ba\u015far\u0131l\u0131 foto\u011fraflar\u0131ndan olu\u015fan bir alb\u00fcm b\u00f6l\u00fcm\u00fcne de yer vermiyor. B\u00f6yle \u00e7ok say\u0131da kitap zaten var.  Mimar Sinan: Tarihsel ve Muhayyel, birbiriyle ba\u011flant\u0131l\u0131 iki ara\u015ft\u0131rma g\u00fczerg\u00e2h\u0131nda ortaya konmu\u015f bir \u00e7al\u0131\u015fma: \u00d6nce, Sinan\u2019\u0131n ve Sinan \u00e7a\u011f\u0131 mimarisinin tarihini yazma yakla\u015f\u0131mlar\u0131n\u0131 tart\u0131\u015f\u0131p alternatifler \u00f6neriyor, ard\u0131ndan da pop\u00fcler k\u00fclt\u00fcrde varedilmi\u015f ve h\u00e2l\u00e2 \u00fcretilmeye devam eden Sinan imgesinin nas\u0131l in\u015fa edildi\u011fini anlamay\u0131 deniyor. \u0130lk kesimde, bug\u00fcne kadar yaz\u0131lagelenden farkl\u0131 ve ger\u00e7ek\u00e7i Sinan tarihleri yazmak i\u00e7in baz\u0131 yeni imk\u00e2nlar\u0131n nas\u0131l kullan\u0131labilece\u011fi g\u00f6sterilmeye \u00e7al\u0131\u015f\u0131l\u0131yor. En \u00f6nemlisi, burada kutsalla\u015ft\u0131r\u0131c\u0131 olmayan, aksine so\u011fukkanl\u0131 bir tarihsel Sinan metni ortaya konmaya \u00e7abalan\u0131yor. Kitab\u0131n ikinci kesimiyse g\u00fcncel T\u00fcrkiye\u2019deki pop\u00fcler Sinan alg\u0131s\u0131 hakk\u0131nda: Ortamda neden Sinan\u2019\u0131 16. y\u00fczy\u0131l\u0131n ola\u011fan toplumsal, siyasal, ekonomik, k\u00fclt\u00fcrel ger\u00e7ekleri ba\u011flam\u0131nda g\u00f6rmekten ka\u00e7\u0131nan bir pop\u00fcler damar var? Varl\u0131\u011f\u0131na bug\u00fcn fazlas\u0131yla a\u015fina oldu\u011fumuz, ancak ge\u00e7mi\u015fte mevcut olmayan imkan ve olgular\u0131, d\u00fc\u015f\u00fcnceleri, teknikleri, tutumlar\u0131, \u00f6rg\u00fctsel yap\u0131lar\u0131, siyasal \u00f6r\u00fcnt\u00fcleri ve kayg\u0131lar\u0131 iradi bir unutu\u015fa tabi tutmadan tarih yazamay\u0131z. Ac\u0131kl\u0131d\u0131r ki, tarihyaz\u0131m\u0131nda, hele mimarl\u0131k tarihinde bunun kadar s\u0131k yapt\u0131\u011f\u0131m\u0131z ba\u015fka bir yanl\u0131\u015f neredeyse yok. Burada ayn\u0131 yanl\u0131\u015f yap\u0131lmamaya \u00e7abalan\u0131yor, o kadar. <\/p>\n","protected":false},"excerpt":{"rendered":"<p>Bu kitap bir Mimar Sinan monografisi de\u011fil. Ya\u015fam\u0131 ve eserleri \u00fczerinde bilinenlerin yeni bir \u00f6zetini sunmuyor. Onun yap\u0131lar\u0131n\u0131n bir d\u00f6k\u00fcm\u00fcn\u00fc i\u00e7ermiyor. Neden \u00e7ok \u00f6nemli bir dahi<span class=\"excerpt-hellip\"> [\u2026]<\/span><\/p>\n","protected":false},"featured_media":0,"template":"","meta":{"_monsterinsights_skip_tracking":false,"_monsterinsights_sitenote_active":false,"_monsterinsights_sitenote_note":"","_monsterinsights_sitenote_category":0},"product_brand":[],"product_cat":[12370,12304],"product_tag":[],"class_list":{"0":"post-728186","1":"product","2":"type-product","3":"status-publish","5":"product_cat-arastirma-inceleme","6":"product_cat-tarih","7":"pa_cilt-ciltsiz","8":"pa_tur-kitap","9":"pa_yayinevi-metis-yayinlari","10":"pa_yazar-ugur-tanyeli","12":"first","13":"instock","14":"sale","15":"shipping-taxable","16":"purchasable","17":"product-type-simple"},"_links":{"self":[{"href":"https:\/\/roveyayinevi.com.tr\/index.php\/wp-json\/wp\/v2\/product\/728186","targetHints":{"allow":["GET"]}}],"collection":[{"href":"https:\/\/roveyayinevi.com.tr\/index.php\/wp-json\/wp\/v2\/product"}],"about":[{"href":"https:\/\/roveyayinevi.com.tr\/index.php\/wp-json\/wp\/v2\/types\/product"}],"wp:attachment":[{"href":"https:\/\/roveyayinevi.com.tr\/index.php\/wp-json\/wp\/v2\/media?parent=728186"}],"wp:term":[{"taxonomy":"product_brand","embeddable":true,"href":"https:\/\/roveyayinevi.com.tr\/index.php\/wp-json\/wp\/v2\/product_brand?post=728186"},{"taxonomy":"product_cat","embeddable":true,"href":"https:\/\/roveyayinevi.com.tr\/index.php\/wp-json\/wp\/v2\/product_cat?post=728186"},{"taxonomy":"product_tag","embeddable":true,"href":"https:\/\/roveyayinevi.com.tr\/index.php\/wp-json\/wp\/v2\/product_tag?post=728186"}],"curies":[{"name":"wp","href":"https:\/\/api.w.org\/{rel}","templated":true}]}}