{"id":728184,"date":"2025-08-27T20:35:03","date_gmt":"2025-08-27T17:35:03","guid":{"rendered":"https:\/\/roveyayinevi.com.tr\/index.php\/urun\/jans-mans-sokagi-cocuklar\/"},"modified":"2026-04-16T02:35:55","modified_gmt":"2026-04-15T23:35:55","slug":"jans-mans-sokagi-cocuklar","status":"publish","type":"product","link":"https:\/\/roveyayinevi.com.tr\/index.php\/urun\/jans-mans-sokagi-cocuklar\/","title":{"rendered":"Jans Mans Soka\u011f\u0131 \u00c7ocuklar"},"content":{"rendered":"<p>Zeki Erkut&#8217;un eseri &#8220;Jans Mans Soka\u011f\u0131 \u00c7ocuklar\u0131&#8221; &#8220;belgesel tad\u0131nda bir K\u0131br\u0131s roman\u0131.&#8221; \u201c50\u2019li y\u0131llar&#8230; Lefko\u015fa&#8217;n\u0131n K\u00fc\u00e7\u00fckkaymakl\u0131 b\u00f6lgesindeki karma bir mahallesinde K\u0131br\u0131sl\u0131 T\u00fcrk, Rum ve Ermenilerin ya\u015fad\u0131\u011f\u0131 Standart ve Belediye Evleri&#8230; Jans Mans Soka\u011f\u0131 ve bu sokakta, her \u015feyden habersiz bir dut a\u011fac\u0131 etraf\u0131nda kendi kavgalar\u0131n\u0131 veren \u00e7ocuklar&#8230;Bir tarafta tedhi\u015f olaylar\u0131n\u0131n soka\u011f\u0131 ve karanl\u0131\u011f\u0131 ele ge\u00e7irdi\u011fi ola\u011fan\u00fcst\u00fc bir d\u00f6nemde te\u015fkilatlar, tetik\u00e7iler ve cinayetler, \u00f6b\u00fcr tarafta par\u00e7alanm\u0131\u015f, kana bulanm\u0131\u015f ya\u015famlarla yar\u0131m kalan a\u015fklar&#8230; Ki\u015fi, mek\u00e2n ve olaylar\u0131n tarihsel bir doku i\u00e7inde canland\u0131r\u0131ld\u0131\u011f\u0131 b\u00f6ylesi bir ortamda insanl\u0131k yine de kazanabilecek miydi?\u201d Romanda d\u00f6nemin \u0130ngiliz Valisi Sir Hugh Foot, Meyhaneci Halide Genabla, sinema i\u015fleten Arapu\u015fa\u011f\u0131 gibi K\u0131br\u0131s\u2019ta ya\u015fam\u0131\u015f ger\u00e7ek karakterler de yeniden canlan\u0131yor. <\/p>\n","protected":false},"excerpt":{"rendered":"<p>Zeki Erkut&#8217;un eseri &#8220;Jans Mans Soka\u011f\u0131 \u00c7ocuklar\u0131&#8221; &#8220;belgesel tad\u0131nda bir K\u0131br\u0131s roman\u0131.&#8221; \u201c50\u2019li y\u0131llar&#8230; Lefko\u015fa&#8217;n\u0131n K\u00fc\u00e7\u00fckkaymakl\u0131 b\u00f6lgesindeki karma bir mahallesinde K\u0131br\u0131sl\u0131 T\u00fcrk, Rum ve Ermenilerin ya\u015fad\u0131\u011f\u0131<span class=\"excerpt-hellip\"> [\u2026]<\/span><\/p>\n","protected":false},"featured_media":0,"template":"","meta":{"_monsterinsights_skip_tracking":false,"_monsterinsights_sitenote_active":false,"_monsterinsights_sitenote_note":"","_monsterinsights_sitenote_category":0},"product_brand":[],"product_cat":[12291,12711],"product_tag":[],"class_list":{"0":"post-728184","1":"product","2":"type-product","3":"status-publish","5":"product_cat-edebiyat","6":"product_cat-roman-oyku","7":"pa_cilt-ciltsiz","8":"pa_tur-kitap","9":"pa_yayinevi-kalkedon-yayincilik","10":"pa_yazar-zeki-erkut","12":"first","13":"instock","14":"sale","15":"shipping-taxable","16":"purchasable","17":"product-type-simple"},"_links":{"self":[{"href":"https:\/\/roveyayinevi.com.tr\/index.php\/wp-json\/wp\/v2\/product\/728184","targetHints":{"allow":["GET"]}}],"collection":[{"href":"https:\/\/roveyayinevi.com.tr\/index.php\/wp-json\/wp\/v2\/product"}],"about":[{"href":"https:\/\/roveyayinevi.com.tr\/index.php\/wp-json\/wp\/v2\/types\/product"}],"wp:attachment":[{"href":"https:\/\/roveyayinevi.com.tr\/index.php\/wp-json\/wp\/v2\/media?parent=728184"}],"wp:term":[{"taxonomy":"product_brand","embeddable":true,"href":"https:\/\/roveyayinevi.com.tr\/index.php\/wp-json\/wp\/v2\/product_brand?post=728184"},{"taxonomy":"product_cat","embeddable":true,"href":"https:\/\/roveyayinevi.com.tr\/index.php\/wp-json\/wp\/v2\/product_cat?post=728184"},{"taxonomy":"product_tag","embeddable":true,"href":"https:\/\/roveyayinevi.com.tr\/index.php\/wp-json\/wp\/v2\/product_tag?post=728184"}],"curies":[{"name":"wp","href":"https:\/\/api.w.org\/{rel}","templated":true}]}}