{"id":728182,"date":"2025-08-27T20:35:00","date_gmt":"2025-08-27T17:35:00","guid":{"rendered":"https:\/\/roveyayinevi.com.tr\/index.php\/urun\/yanki\/"},"modified":"2026-04-16T02:35:55","modified_gmt":"2026-04-15T23:35:55","slug":"yanki","status":"publish","type":"product","link":"https:\/\/roveyayinevi.com.tr\/index.php\/urun\/yanki\/","title":{"rendered":"Yank\u0131"},"content":{"rendered":"<p>Gecenin karanl\u0131\u011f\u0131nda, \u0131ss\u0131z sokaklarda gezer d\u00fc\u015flerin f\u0131s\u0131lt\u0131lar\u0131. Sahipsizli\u011fin somurtkanl\u0131\u011f\u0131n\u0131 pe\u015flerine takarak, bulduklar\u0131 ilk bar\u0131na\u011fa girerler. \u0130\u015fte orada, g\u00f6lgelerin ard\u0131nda, ba\u015flar siyahla beyaz\u0131n hik\u00e2yesi. Ya da \u00f6yle san\u0131r herhangi birisi&#8230; Yank\u0131 bir ilk kitap olmas\u0131na kar\u015f\u0131n ustal\u0131kla \u00f6r\u00fclm\u00fc\u015f \u00f6yk\u00fclerden olu\u015fuyor. Rahats\u0131z edici, hatta denebilir ki \u201criskli\u201d meseleleri irdeleyen bu \u00f6yk\u00fcler yeri geldi\u011finde bi\u00e7imsel denemelerden sak\u0131n\u0131lmadan ortaya konuyor. Kimi zaman \u015fiddeti, ard\u0131ndaki nedenleri ya da d\u00fcped\u00fcz nedensizli\u011fini, kimi zaman g\u00fcnl\u00fck hayat\u0131m\u0131z\u0131n i\u00e7ine sinmi\u015f tahakk\u00fcm\u00fc, kimi zaman da s\u0131radan hayatlar\u0131m\u0131z\u0131n karanl\u0131\u011f\u0131n\u0131 ya da \u00fczerimizde bir y\u00fck gibi ta\u015f\u0131d\u0131\u011f\u0131m\u0131z yar\u0131 \u00f6l\u00fc halimizi anlat\u0131yor. A\u00e7g\u00f6zl\u00fcl\u00fc\u011f\u00fc, doymak bilmez arzuyu, sa\u00e7ma sapan ya\u015famlar\u0131 ve belki de en \u00f6nemlisi, soka\u011f\u0131 ve e\u015fitsizli\u011fi oda\u011f\u0131na almaktan, bunlar\u0131 hayal g\u00fcc\u00fcn\u00fcn prizmas\u0131na tutmaktan da asla geri durmuyor&#8230;M\u00fcge Ko\u00e7ak yarat\u0131c\u0131l\u0131\u011f\u0131yla; muzip, k\u0131vrak ve cesur kalemiyle ad\u0131ndan \u00e7ok s\u00f6z ettirece\u011fe benziyor.<\/p>\n","protected":false},"excerpt":{"rendered":"<p>Gecenin karanl\u0131\u011f\u0131nda, \u0131ss\u0131z sokaklarda gezer d\u00fc\u015flerin f\u0131s\u0131lt\u0131lar\u0131. Sahipsizli\u011fin somurtkanl\u0131\u011f\u0131n\u0131 pe\u015flerine takarak, bulduklar\u0131 ilk bar\u0131na\u011fa girerler. \u0130\u015fte orada, g\u00f6lgelerin ard\u0131nda, ba\u015flar siyahla beyaz\u0131n hik\u00e2yesi. Ya da \u00f6yle<span class=\"excerpt-hellip\"> [\u2026]<\/span><\/p>\n","protected":false},"featured_media":0,"template":"","meta":{"_monsterinsights_skip_tracking":false,"_monsterinsights_sitenote_active":false,"_monsterinsights_sitenote_note":"","_monsterinsights_sitenote_category":0},"product_brand":[],"product_cat":[12291,12711],"product_tag":[],"class_list":{"0":"post-728182","1":"product","2":"type-product","3":"status-publish","5":"product_cat-edebiyat","6":"product_cat-roman-oyku","7":"pa_cilt-ciltsiz","8":"pa_tur-kitap","9":"pa_yayinevi-can-yayinlari","10":"pa_yazar-muge-kocak","12":"first","13":"instock","14":"sale","15":"shipping-taxable","16":"purchasable","17":"product-type-simple"},"_links":{"self":[{"href":"https:\/\/roveyayinevi.com.tr\/index.php\/wp-json\/wp\/v2\/product\/728182","targetHints":{"allow":["GET"]}}],"collection":[{"href":"https:\/\/roveyayinevi.com.tr\/index.php\/wp-json\/wp\/v2\/product"}],"about":[{"href":"https:\/\/roveyayinevi.com.tr\/index.php\/wp-json\/wp\/v2\/types\/product"}],"wp:attachment":[{"href":"https:\/\/roveyayinevi.com.tr\/index.php\/wp-json\/wp\/v2\/media?parent=728182"}],"wp:term":[{"taxonomy":"product_brand","embeddable":true,"href":"https:\/\/roveyayinevi.com.tr\/index.php\/wp-json\/wp\/v2\/product_brand?post=728182"},{"taxonomy":"product_cat","embeddable":true,"href":"https:\/\/roveyayinevi.com.tr\/index.php\/wp-json\/wp\/v2\/product_cat?post=728182"},{"taxonomy":"product_tag","embeddable":true,"href":"https:\/\/roveyayinevi.com.tr\/index.php\/wp-json\/wp\/v2\/product_tag?post=728182"}],"curies":[{"name":"wp","href":"https:\/\/api.w.org\/{rel}","templated":true}]}}