{"id":728179,"date":"2025-08-27T20:34:58","date_gmt":"2025-08-27T17:34:58","guid":{"rendered":"https:\/\/roveyayinevi.com.tr\/index.php\/urun\/iklim-direnisi\/"},"modified":"2026-04-16T02:35:55","modified_gmt":"2026-04-15T23:35:55","slug":"iklim-direnisi","status":"publish","type":"product","link":"https:\/\/roveyayinevi.com.tr\/index.php\/urun\/iklim-direnisi\/","title":{"rendered":"\u0130klim Direni\u015fi"},"content":{"rendered":"<p>Her y\u0131l temmuz ya da a\u011fustos aylar\u0131, kuzey yar\u0131m k\u00fcrede gelmi\u015f ge\u00e7mi\u015f en s\u0131cak ay ilan ediliyor. G\u00fcnler en s\u0131cak g\u00fcn olmak i\u00e7in birbiriyle yar\u0131\u015f\u0131yor. \u0130klim krizi yoktur, yaland\u0131r, uydurmad\u0131r diyenler, eski gazete sayfalar\u0131nda saklanacak sayfa ar\u0131yor, y\u00fczleri k\u0131zar\u0131yor, kimsenin y\u00fcz\u00fcne bakam\u0131yor.   Bu arada h\u00fck\u00fcmetler, lacivert tak\u0131m elbiseli adamlar\u0131n\u0131 ve d\u00f6piyes giymi\u015f kad\u0131nlar\u0131n\u0131, \u00e7antalar\u0131nda kal\u0131n kal\u0131n dosyalarla, Birle\u015fmi\u015f Milletler iklim konferanslar\u0131na g\u00f6ndererek, neden kendi \u00fclkelerinin taahh\u00fctlerden muaf tutulmalar\u0131 gerekti\u011fine dair tezlerini uzun ve s\u0131k\u0131c\u0131 konu\u015fmalarla anlatmaya, masan\u0131n di\u011fer ucundaki ve kendileri gibi d\u00fc\u015f\u00fcnen di\u011fer \u00fclke b\u00fcrokrattalar\u0131n\u0131 ikna etmeye \u00e7al\u0131\u015f\u0131yorlar.   Hele o ABD yok mu?  Sera gaz\u0131na herhangi bir s\u0131n\u0131rland\u0131rma gelecek diye \u00f6d\u00fc kopuyor. H\u00fck\u00fcmet yetkilileri ard\u0131 ard\u0131na a\u00e7\u0131klamalar yap\u0131yor, temsil ettikleri lobiler zarar edecek diye korkudan bacaklar\u0131 titriyor.   Paris Anla\u015fmas\u0131, y\u00fczlerce ucundan tutulmu\u015f bir ip gibi, bir o yana bir bu yana \u00e7ekiliyor. Esas\u0131nda kimsenin uzla\u015fmaya g\u00f6nl\u00fc olmad\u0131\u011f\u0131n\u0131 herkesin bildi\u011fi bir k\u00f6rebe oyununa d\u00f6n\u00fcyor. Tablonun \u00f6teki y\u00fcz\u00fcndeyse bamba\u015fka renkler var. Ya\u015fam savunucular\u0131 okyanus ortas\u0131ndaki ada devletlerinden, Avrupa\u2019n\u0131n k\u00fc\u00e7\u00fck \u015fehirlerine, Amerika k\u0131tas\u0131n\u0131n d\u00f6rt bir yan\u0131ndan Asya bozk\u0131rlar\u0131na ve g\u00fcne\u015fin do\u011fdu\u011fu \u00fclke Japonya\u2019ya kadar direni\u015f halindeler.   D\u00fcnya\u2019n\u0131n b\u00fct\u00fcn halklar\u0131 teyakkuz halinde. Bu ayaklanma \u015fiddetsiz ve k\u00fcresel bir direnme. Sivil itaatsizlik eylemleri Galler\u2019den Filipinler\u2019e kadar yay\u0131l\u0131yor. H\u00fck\u00fcmetler d\u00fcnyay\u0131 y\u00f6netebilirler ancak bu onlar\u0131n insanl\u0131g\u0306\u0131n ortak miras\u0131 olan d\u00fcnyan\u0131n sahibi olduklar\u0131 anlam\u0131na gelmez. Bu d\u00fcnyan\u0131n ger\u00e7ek sahibi; insan\u0131, a\u011fa\u00e7lar\u0131 ve b\u00fct\u00fcn ya\u015fayan canl\u0131lar\u0131 ile hepimiziz, bir tekini bile d\u0131\u015far\u0131da b\u0131rakmadan ya\u015fam\u0131 savunan aktivistleriz. \u0130klim Direni\u015fi, ya\u015fam savunucular\u0131n\u0131n kitab\u0131d\u0131r. Hepsine selam olsun. <\/p>\n","protected":false},"excerpt":{"rendered":"<p>Her y\u0131l temmuz ya da a\u011fustos aylar\u0131, kuzey yar\u0131m k\u00fcrede gelmi\u015f ge\u00e7mi\u015f en s\u0131cak ay ilan ediliyor. G\u00fcnler en s\u0131cak g\u00fcn olmak i\u00e7in birbiriyle yar\u0131\u015f\u0131yor. \u0130klim<span class=\"excerpt-hellip\"> [\u2026]<\/span><\/p>\n","protected":false},"featured_media":0,"template":"","meta":{"_monsterinsights_skip_tracking":false,"_monsterinsights_sitenote_active":false,"_monsterinsights_sitenote_note":"","_monsterinsights_sitenote_category":0},"product_brand":[],"product_cat":[13590,12337],"product_tag":[],"class_list":{"0":"post-728179","1":"product","2":"type-product","3":"status-publish","5":"product_cat-arastirma-inceleme-politika-siyaset","6":"product_cat-politika-siyaset","7":"pa_cilt-ciltsiz","8":"pa_tur-kitap","9":"pa_yayinevi-yeni-insan-yayinlari","10":"pa_yazar-jeremy-brecher","12":"first","13":"instock","14":"sale","15":"shipping-taxable","16":"purchasable","17":"product-type-simple"},"_links":{"self":[{"href":"https:\/\/roveyayinevi.com.tr\/index.php\/wp-json\/wp\/v2\/product\/728179","targetHints":{"allow":["GET"]}}],"collection":[{"href":"https:\/\/roveyayinevi.com.tr\/index.php\/wp-json\/wp\/v2\/product"}],"about":[{"href":"https:\/\/roveyayinevi.com.tr\/index.php\/wp-json\/wp\/v2\/types\/product"}],"wp:attachment":[{"href":"https:\/\/roveyayinevi.com.tr\/index.php\/wp-json\/wp\/v2\/media?parent=728179"}],"wp:term":[{"taxonomy":"product_brand","embeddable":true,"href":"https:\/\/roveyayinevi.com.tr\/index.php\/wp-json\/wp\/v2\/product_brand?post=728179"},{"taxonomy":"product_cat","embeddable":true,"href":"https:\/\/roveyayinevi.com.tr\/index.php\/wp-json\/wp\/v2\/product_cat?post=728179"},{"taxonomy":"product_tag","embeddable":true,"href":"https:\/\/roveyayinevi.com.tr\/index.php\/wp-json\/wp\/v2\/product_tag?post=728179"}],"curies":[{"name":"wp","href":"https:\/\/api.w.org\/{rel}","templated":true}]}}