{"id":728178,"date":"2025-08-27T20:34:57","date_gmt":"2025-08-27T17:34:57","guid":{"rendered":"https:\/\/roveyayinevi.com.tr\/index.php\/urun\/sherlock-holmesun-maceralari-2\/"},"modified":"2026-04-16T02:35:55","modified_gmt":"2026-04-15T23:35:55","slug":"sherlock-holmesun-maceralari-2","status":"publish","type":"product","link":"https:\/\/roveyayinevi.com.tr\/index.php\/urun\/sherlock-holmesun-maceralari-2\/","title":{"rendered":"Sherlock Holmes&#8217;un Maceralar\u0131"},"content":{"rendered":"<p>Zamanda yolculuk yaparak Viktorya d\u00f6nemi Londra\u2019s\u0131nda, edebiyat d\u00fcnyas\u0131n\u0131n en harika dedektif ekibi muhte\u015fem Sherlock Holmes ile sad\u0131k asistan\u0131 Dr. Watson\u2019\u0131n maceralar\u0131n\u0131 hayranl\u0131kla okuyacaks\u0131n\u0131z. \u0130lk olarak 1892 y\u0131l\u0131nda yay\u0131mlanan Sherlock Holmes\u2019un Maceralar\u0131, efsanevi Sherlock Holmes serisinin ilk ve en iyi \u00f6yk\u00fc derlemesi.Kitap, yazar\u0131n ki\u015fisel favorileri aras\u0131nda bulunan \u00f6yk\u00fcleri de i\u00e7eriyor: Bir kral\u0131n, eski sevgilisinin \u015fantaj\u0131na u\u011frad\u0131\u011f\u0131, Holmes\u2019un a\u00e7\u0131k\u00e7a hayranl\u0131\u011f\u0131n\u0131 belli etti\u011fi ilk kad\u0131nla m\u00fccadele etti\u011fi \u201cBohemya\u2019da Skandal\u201d\u0131n yan\u0131 s\u0131ra \u201cBenekli Kordon\u201d, \u201cK\u0131z\u0131l Sa\u00e7l\u0131lar Birli\u011fi\u201d, \u201cBe\u015f Portakal \u00c7ekirde\u011fi\u201d maceralar\u0131 da kitapta yer al\u0131yor. \u201cMavi Yakut\u201d, \u201cM\u00fchendisin Ba\u015fparma\u011f\u0131\u201d, \u201cZ\u00fcmr\u00fct Ta\u00e7\u201d, \u201cK\u0131z\u0131l G\u00fcrgenler\u201d ve d\u00f6rt farkl\u0131 gizem daha sizleri bekliyor.<\/p>\n","protected":false},"excerpt":{"rendered":"<p>Zamanda yolculuk yaparak Viktorya d\u00f6nemi Londra\u2019s\u0131nda, edebiyat d\u00fcnyas\u0131n\u0131n en harika dedektif ekibi muhte\u015fem Sherlock Holmes ile sad\u0131k asistan\u0131 Dr. Watson\u2019\u0131n maceralar\u0131n\u0131 hayranl\u0131kla okuyacaks\u0131n\u0131z. \u0130lk olarak 1892<span class=\"excerpt-hellip\"> [\u2026]<\/span><\/p>\n","protected":false},"featured_media":0,"template":"","meta":{"_monsterinsights_skip_tracking":false,"_monsterinsights_sitenote_active":false,"_monsterinsights_sitenote_note":"","_monsterinsights_sitenote_category":0},"product_brand":[],"product_cat":[12291,26797],"product_tag":[],"class_list":{"0":"post-728178","1":"product","2":"type-product","3":"status-publish","5":"product_cat-edebiyat","6":"product_cat-modern-klasikler","7":"pa_cilt-ciltsiz","8":"pa_tur-kitap","9":"pa_yayinevi-bilgi-yayinevi","10":"pa_yazar-arthur-conan-doyle","12":"first","13":"instock","14":"sale","15":"shipping-taxable","16":"purchasable","17":"product-type-simple"},"_links":{"self":[{"href":"https:\/\/roveyayinevi.com.tr\/index.php\/wp-json\/wp\/v2\/product\/728178","targetHints":{"allow":["GET"]}}],"collection":[{"href":"https:\/\/roveyayinevi.com.tr\/index.php\/wp-json\/wp\/v2\/product"}],"about":[{"href":"https:\/\/roveyayinevi.com.tr\/index.php\/wp-json\/wp\/v2\/types\/product"}],"wp:attachment":[{"href":"https:\/\/roveyayinevi.com.tr\/index.php\/wp-json\/wp\/v2\/media?parent=728178"}],"wp:term":[{"taxonomy":"product_brand","embeddable":true,"href":"https:\/\/roveyayinevi.com.tr\/index.php\/wp-json\/wp\/v2\/product_brand?post=728178"},{"taxonomy":"product_cat","embeddable":true,"href":"https:\/\/roveyayinevi.com.tr\/index.php\/wp-json\/wp\/v2\/product_cat?post=728178"},{"taxonomy":"product_tag","embeddable":true,"href":"https:\/\/roveyayinevi.com.tr\/index.php\/wp-json\/wp\/v2\/product_tag?post=728178"}],"curies":[{"name":"wp","href":"https:\/\/api.w.org\/{rel}","templated":true}]}}