{"id":728177,"date":"2025-08-27T20:34:55","date_gmt":"2025-08-27T17:34:55","guid":{"rendered":"https:\/\/roveyayinevi.com.tr\/index.php\/urun\/sherlock-holmesun-anilari-2\/"},"modified":"2026-04-16T02:35:55","modified_gmt":"2026-04-15T23:35:55","slug":"sherlock-holmesun-anilari-2","status":"publish","type":"product","link":"https:\/\/roveyayinevi.com.tr\/index.php\/urun\/sherlock-holmesun-anilari-2\/","title":{"rendered":"Sherlock Holmes&#8217;un An\u0131lar\u0131"},"content":{"rendered":"<p>Dr. Watson, en sevdi\u011fi dostunun, \u00fcnl\u00fc dedektif Sherlock Holmes&#8217;un an\u0131lar\u0131n\u0131 yazarak bizi maceradan maceraya s\u00fcr\u00fcklemeye devam ediyor.Sherlock Holmes&#8217;un An\u0131lar\u0131; farkl\u0131 on bir hik\u00e2yeyi i\u00e7eriyor. Her hik\u00e2yede Dedektif ile Doktor, Viktorya d\u00f6nemi Londra\u2019s\u0131nda tehlikeyi g\u00f6ze alarak entrikac\u0131 ve k\u00f6t\u00fcc\u00fcl g\u00fc\u00e7lerle m\u00fccadele edip esrarengiz olaylar zincirini \u00e7\u00f6zmeye \u00e7al\u0131\u015f\u0131yorlar.<\/p>\n","protected":false},"excerpt":{"rendered":"<p>Dr. Watson, en sevdi\u011fi dostunun, \u00fcnl\u00fc dedektif Sherlock Holmes&#8217;un an\u0131lar\u0131n\u0131 yazarak bizi maceradan maceraya s\u00fcr\u00fcklemeye devam ediyor.Sherlock Holmes&#8217;un An\u0131lar\u0131; farkl\u0131 on bir hik\u00e2yeyi i\u00e7eriyor. Her hik\u00e2yede<span class=\"excerpt-hellip\"> [\u2026]<\/span><\/p>\n","protected":false},"featured_media":0,"template":"","meta":{"_monsterinsights_skip_tracking":false,"_monsterinsights_sitenote_active":false,"_monsterinsights_sitenote_note":"","_monsterinsights_sitenote_category":0},"product_brand":[],"product_cat":[12291,26797],"product_tag":[],"class_list":{"0":"post-728177","1":"product","2":"type-product","3":"status-publish","5":"product_cat-edebiyat","6":"product_cat-modern-klasikler","7":"pa_cilt-ciltsiz","8":"pa_tur-kitap","9":"pa_yayinevi-bilgi-yayinevi","10":"pa_yazar-arthur-conan-doyle","12":"first","13":"instock","14":"sale","15":"shipping-taxable","16":"purchasable","17":"product-type-simple"},"_links":{"self":[{"href":"https:\/\/roveyayinevi.com.tr\/index.php\/wp-json\/wp\/v2\/product\/728177","targetHints":{"allow":["GET"]}}],"collection":[{"href":"https:\/\/roveyayinevi.com.tr\/index.php\/wp-json\/wp\/v2\/product"}],"about":[{"href":"https:\/\/roveyayinevi.com.tr\/index.php\/wp-json\/wp\/v2\/types\/product"}],"wp:attachment":[{"href":"https:\/\/roveyayinevi.com.tr\/index.php\/wp-json\/wp\/v2\/media?parent=728177"}],"wp:term":[{"taxonomy":"product_brand","embeddable":true,"href":"https:\/\/roveyayinevi.com.tr\/index.php\/wp-json\/wp\/v2\/product_brand?post=728177"},{"taxonomy":"product_cat","embeddable":true,"href":"https:\/\/roveyayinevi.com.tr\/index.php\/wp-json\/wp\/v2\/product_cat?post=728177"},{"taxonomy":"product_tag","embeddable":true,"href":"https:\/\/roveyayinevi.com.tr\/index.php\/wp-json\/wp\/v2\/product_tag?post=728177"}],"curies":[{"name":"wp","href":"https:\/\/api.w.org\/{rel}","templated":true}]}}