{"id":728175,"date":"2025-08-27T20:34:53","date_gmt":"2025-08-27T17:34:53","guid":{"rendered":"https:\/\/roveyayinevi.com.tr\/index.php\/urun\/kulubenin-gizemi\/"},"modified":"2026-04-16T02:35:55","modified_gmt":"2026-04-15T23:35:55","slug":"kulubenin-gizemi","status":"publish","type":"product","link":"https:\/\/roveyayinevi.com.tr\/index.php\/urun\/kulubenin-gizemi\/","title":{"rendered":"Kul\u00fcbenin Gizemi"},"content":{"rendered":"<p>\u00c7ocuklar merak i\u00e7inde! Kul\u00fcbe, her g\u00fcn biraz daha dikkatlerini \u00e7ekiyor. \u00dcf\u00fcrseniz y\u0131k\u0131lacak kadar bak\u0131ms\u0131z bu k\u00fc\u00e7\u00fck evde, bir \u0131\u015f\u0131k dola\u015f\u0131yor. Baz\u0131 geceler, binicisiz bir at d\u00f6rtnala gelip sonra s\u0131r oluyor. O at\u0131n y\u00fck\u00fc ne acaba?  Korkun\u00e7 bak\u0131\u015flar\u0131, sald\u0131rmaya haz\u0131r k\u00f6pe\u011fiyle gelip giden adam kim?Uzaktan kul\u00fcbeyi g\u00f6zl\u00fcyorlar. Meraklar\u0131 her ge\u00e7en b\u00fcy\u00fcyor.B\u00fcy\u00fckler sessiz kalsa da \u00e7ocuklar kararl\u0131! Bu kul\u00fcbenin s\u0131rr\u0131n\u0131 \u00e7\u00f6zecekler!<\/p>\n","protected":false},"excerpt":{"rendered":"<p>\u00c7ocuklar merak i\u00e7inde! Kul\u00fcbe, her g\u00fcn biraz daha dikkatlerini \u00e7ekiyor. \u00dcf\u00fcrseniz y\u0131k\u0131lacak kadar bak\u0131ms\u0131z bu k\u00fc\u00e7\u00fck evde, bir \u0131\u015f\u0131k dola\u015f\u0131yor. Baz\u0131 geceler, binicisiz bir at d\u00f6rtnala<span class=\"excerpt-hellip\"> [\u2026]<\/span><\/p>\n","protected":false},"featured_media":0,"template":"","meta":{"_monsterinsights_skip_tracking":false,"_monsterinsights_sitenote_active":false,"_monsterinsights_sitenote_note":"","_monsterinsights_sitenote_category":0},"product_brand":[],"product_cat":[12275,12274],"product_tag":[],"class_list":{"0":"post-728175","1":"product","2":"type-product","3":"status-publish","5":"product_cat-6-12-yas-kitaplari","6":"product_cat-cocuk-ve-genclik-kitaplari","7":"pa_cilt-ciltsiz","8":"pa_tur-kitap","9":"pa_yayinevi-bilgi-yayinevi","10":"pa_yazar-zehra-unuvar","12":"first","13":"instock","14":"sale","15":"shipping-taxable","16":"purchasable","17":"product-type-simple"},"_links":{"self":[{"href":"https:\/\/roveyayinevi.com.tr\/index.php\/wp-json\/wp\/v2\/product\/728175","targetHints":{"allow":["GET"]}}],"collection":[{"href":"https:\/\/roveyayinevi.com.tr\/index.php\/wp-json\/wp\/v2\/product"}],"about":[{"href":"https:\/\/roveyayinevi.com.tr\/index.php\/wp-json\/wp\/v2\/types\/product"}],"wp:attachment":[{"href":"https:\/\/roveyayinevi.com.tr\/index.php\/wp-json\/wp\/v2\/media?parent=728175"}],"wp:term":[{"taxonomy":"product_brand","embeddable":true,"href":"https:\/\/roveyayinevi.com.tr\/index.php\/wp-json\/wp\/v2\/product_brand?post=728175"},{"taxonomy":"product_cat","embeddable":true,"href":"https:\/\/roveyayinevi.com.tr\/index.php\/wp-json\/wp\/v2\/product_cat?post=728175"},{"taxonomy":"product_tag","embeddable":true,"href":"https:\/\/roveyayinevi.com.tr\/index.php\/wp-json\/wp\/v2\/product_tag?post=728175"}],"curies":[{"name":"wp","href":"https:\/\/api.w.org\/{rel}","templated":true}]}}