{"id":728174,"date":"2025-08-27T20:34:52","date_gmt":"2025-08-27T17:34:52","guid":{"rendered":"https:\/\/roveyayinevi.com.tr\/index.php\/urun\/10-tombala-basima-kon\/"},"modified":"2026-04-16T02:35:55","modified_gmt":"2026-04-15T23:35:55","slug":"10-tombala-basima-kon","status":"publish","type":"product","link":"https:\/\/roveyayinevi.com.tr\/index.php\/urun\/10-tombala-basima-kon\/","title":{"rendered":"10 Tombala Ba\u015f\u0131ma Kon"},"content":{"rendered":"<p>2020 y\u0131l\u0131, 23 Nisan Ulusal Egemenlik ve \u00c7ocuk Bayram\u0131n\u0131n 100. kez kutland\u0131\u011f\u0131 y\u0131l oldu. 100 y\u0131l\u0131 geride b\u0131rakan Cumhuriyet\u2019e hepimizin borcu var. \u00d6yleyse \u00e7ocuklardan ba\u015flayarak yeti\u015fkinlere, \u00f6\u011frencilerden \u00f6\u011fretmenlere de\u011fin elimizi uzatmak gerekir. 10 Tombala Ba\u015f\u0131ma Kon bu ama\u00e7la yaz\u0131ld\u0131&#8230; Elma \u00c7ocuk bu y\u0131l 10 ya\u015f\u0131n\u0131 bitiriyor. 10 ya\u015f\u0131n gen\u00e7li\u011fi, enerjisi, co\u015fkusu, yarat\u0131c\u0131l\u0131\u011f\u0131, \u00e7al\u0131\u015fkanl\u0131\u011f\u0131 \u00fczerinde&#8230; \u00d6yleyse 10. ya\u015f\u0131 kutlaman\u0131n bir yolu yine kitap olsun. 10 Tombala Ba\u015f\u0131ma Kon bunun i\u00e7in yaz\u0131ld\u0131&#8230;Elma Yay\u0131nevinin, yeni kitab\u0131 sizlerle, keyifli okumalar\u2026<\/p>\n","protected":false},"excerpt":{"rendered":"<p>2020 y\u0131l\u0131, 23 Nisan Ulusal Egemenlik ve \u00c7ocuk Bayram\u0131n\u0131n 100. kez kutland\u0131\u011f\u0131 y\u0131l oldu. 100 y\u0131l\u0131 geride b\u0131rakan Cumhuriyet\u2019e hepimizin borcu var. \u00d6yleyse \u00e7ocuklardan ba\u015flayarak yeti\u015fkinlere,<span class=\"excerpt-hellip\"> [\u2026]<\/span><\/p>\n","protected":false},"featured_media":0,"template":"","meta":{"_monsterinsights_skip_tracking":false,"_monsterinsights_sitenote_active":false,"_monsterinsights_sitenote_note":"","_monsterinsights_sitenote_category":0},"product_brand":[],"product_cat":[12573,12566],"product_tag":[],"class_list":{"0":"post-728174","1":"product","2":"type-product","3":"status-publish","5":"product_cat-akademik-kitaplar","6":"product_cat-egitim","7":"pa_cilt-ciltsiz","8":"pa_tur-kitap","9":"pa_yayinevi-elma-yayinevi","10":"pa_yazar-tulay-ustundag","12":"first","13":"instock","14":"sale","15":"shipping-taxable","16":"purchasable","17":"product-type-simple"},"_links":{"self":[{"href":"https:\/\/roveyayinevi.com.tr\/index.php\/wp-json\/wp\/v2\/product\/728174","targetHints":{"allow":["GET"]}}],"collection":[{"href":"https:\/\/roveyayinevi.com.tr\/index.php\/wp-json\/wp\/v2\/product"}],"about":[{"href":"https:\/\/roveyayinevi.com.tr\/index.php\/wp-json\/wp\/v2\/types\/product"}],"wp:attachment":[{"href":"https:\/\/roveyayinevi.com.tr\/index.php\/wp-json\/wp\/v2\/media?parent=728174"}],"wp:term":[{"taxonomy":"product_brand","embeddable":true,"href":"https:\/\/roveyayinevi.com.tr\/index.php\/wp-json\/wp\/v2\/product_brand?post=728174"},{"taxonomy":"product_cat","embeddable":true,"href":"https:\/\/roveyayinevi.com.tr\/index.php\/wp-json\/wp\/v2\/product_cat?post=728174"},{"taxonomy":"product_tag","embeddable":true,"href":"https:\/\/roveyayinevi.com.tr\/index.php\/wp-json\/wp\/v2\/product_tag?post=728174"}],"curies":[{"name":"wp","href":"https:\/\/api.w.org\/{rel}","templated":true}]}}