{"id":728173,"date":"2025-08-27T20:34:52","date_gmt":"2025-08-27T17:34:52","guid":{"rendered":"https:\/\/roveyayinevi.com.tr\/index.php\/urun\/matematiksel-ispat-ve-ogretimi\/"},"modified":"2026-04-16T02:35:55","modified_gmt":"2026-04-15T23:35:55","slug":"matematiksel-ispat-ve-ogretimi","status":"publish","type":"product","link":"https:\/\/roveyayinevi.com.tr\/index.php\/urun\/matematiksel-ispat-ve-ogretimi\/","title":{"rendered":"Matematiksel \u0130spat ve \u00d6\u011fretimi"},"content":{"rendered":"<p>S\u00fcrecin ba\u015f\u0131nda \u201cMatematik E\u011fitiminde \u0130spat ve \u0130spatlama\u201d dersine y\u00f6nelik olu\u015fturdu\u011fum konu yelpazesinden yola \u00e7\u0131karak yazar ekibi olarak yapt\u0131\u011f\u0131m\u0131z fikir al\u0131\u015fveri\u015fleri sonucunda kitab\u0131n b\u00f6l\u00fcmlerine karar verdik. Kitaptaki b\u00f6l\u00fcmleri belirlerken dikkat etti\u011fimiz baz\u0131 temel noktalar vard\u0131. Bunlar; ispata y\u00f6nelik uluslararas\u0131 akademik literat\u00fcr\u00fc geni\u015f boyutta yans\u0131tabilmek, b\u00f6l\u00fcmlerin birbirini b\u00fct\u00fcnler \u015fekilde yap\u0131lanmas\u0131n\u0131 sa\u011flamak, b\u00f6l\u00fcm i\u00e7eriklerinin yeterli akademik derinlikte m\u00fcmk\u00fcn oldu\u011funca yal\u0131n ve anla\u015f\u0131l\u0131r bir \u015fekilde yaz\u0131lmas\u0131na \u00f6zen g\u00f6stermek ve kitab\u0131n hedef kitlesini (lise ve \u00fcniversite \u00f6\u011frencileri, e\u011fitim ve fen\/fen edebiyat fak\u00fcltesi matematik b\u00f6l\u00fcm\u00fc \u00f6\u011frencileri, \u00f6\u011fretmenler, lisans\u00fcst\u00fc \u00f6\u011frencileri ve di\u011fer matematik severler) konular\u0131n elverdi\u011fi \u00f6l\u00e7\u00fcde geni\u015f tutmakt\u0131. Yaz\u0131m s\u00fcreci boyunca her b\u00f6l\u00fcm, hem kendi ba\u011flam\u0131nda hem de di\u011fer b\u00f6l\u00fcmleri b\u00fct\u00fcnleme anlam\u0131nda en az iki-\u00fc\u00e7 kez g\u00f6zden ge\u00e7irme ve yeniden d\u00fczenleme s\u00fcrecine tabi tutuldu. S\u00fcre\u00e7te b\u00f6l\u00fcm yazar\u0131 olan t\u00fcm meslekta\u015flar\u0131m ger\u00e7ekten b\u00fcy\u00fck bir \u00f6zveri ve titizlikle \u00e7al\u0131\u015ft\u0131, bu g\u00fczel ve nitelikli oldu\u011funa can\u0131 g\u00f6n\u00fclden inand\u0131\u011f\u0131m\u0131z esere \u00e7ok b\u00fcy\u00fck katk\u0131 sa\u011flad\u0131. Bu nedenle kitab\u0131n edit\u00f6r\u00fc olarak ekipteki her bir meslekta\u015f\u0131ma ayr\u0131 ayr\u0131 \u00e7ok te\u015fekk\u00fcr ediyorum. Tohumu on iki-on \u00fc\u00e7 y\u0131l \u00f6nce at\u0131lan ve \u00fc\u00e7 y\u0131l \u00f6nce filizlenmeye ba\u015flayan bu eser onlars\u0131z ye\u015ferip b\u00fcy\u00fcyemezdi. \u0130spatlar ve ispatlama becerisini konu alan \u00e7al\u0131\u015fmalar uluslararas\u0131 literat\u00fcrde ilk s\u0131ralarda yer alsa da bas\u0131l\u0131 eserler (\u00f6zellikle kitaplar) ba\u011flam\u0131nda ayn\u0131 \u015feyi \u00fclkemiz i\u00e7in s\u00f6ylemek g\u00fc\u00e7t\u00fcr. Dolay\u0131s\u0131yla bu alanda \u00fcretilmi\u015f eserlere fazlaca ihtiya\u00e7 duyulmaktad\u0131r. T\u00fcm\u00fcyle ispat ve ispat \u00f6\u011fretimini konu edinen \u00fclkemizdeki ilk akademik kitap olmas\u0131 nedeniyle gurur duydu\u011fumuz bu eserin, matematik e\u011fitimi alan\u0131na \u00e7ok y\u00f6nl\u00fc katk\u0131lar yapmas\u0131n\u0131 ve bu alanda daha fazla eserin \u00fcretilmesine y\u00f6nelik bir ba\u015flang\u0131\u00e7 ivmesi olu\u015fturmas\u0131n\u0131 temenni ediyoruz. Umar\u0131z bu eser, bizleri heyecanland\u0131rd\u0131\u011f\u0131 kadar siz okurlar\u0131 da heyecanland\u0131rarak matematik yapma ve \u00f6\u011frenme ser\u00fcveninizde sizlere yard\u0131mc\u0131 olur. <\/p>\n","protected":false},"excerpt":{"rendered":"<p>S\u00fcrecin ba\u015f\u0131nda \u201cMatematik E\u011fitiminde \u0130spat ve \u0130spatlama\u201d dersine y\u00f6nelik olu\u015fturdu\u011fum konu yelpazesinden yola \u00e7\u0131karak yazar ekibi olarak yapt\u0131\u011f\u0131m\u0131z fikir al\u0131\u015fveri\u015fleri sonucunda kitab\u0131n b\u00f6l\u00fcmlerine karar verdik. Kitaptaki<span class=\"excerpt-hellip\"> [\u2026]<\/span><\/p>\n","protected":false},"featured_media":0,"template":"","meta":{"_monsterinsights_skip_tracking":false,"_monsterinsights_sitenote_active":false,"_monsterinsights_sitenote_note":"","_monsterinsights_sitenote_category":0},"product_brand":[],"product_cat":[12573,12566],"product_tag":[],"class_list":{"0":"post-728173","1":"product","2":"type-product","3":"status-publish","5":"product_cat-akademik-kitaplar","6":"product_cat-egitim","7":"pa_cilt-ciltsiz","8":"pa_tur-kitap","9":"pa_yayinevi-ani-yayincilik","10":"pa_yazar-ani-yayincilik-kolektif","12":"first","13":"instock","14":"sale","15":"shipping-taxable","16":"purchasable","17":"product-type-simple"},"_links":{"self":[{"href":"https:\/\/roveyayinevi.com.tr\/index.php\/wp-json\/wp\/v2\/product\/728173","targetHints":{"allow":["GET"]}}],"collection":[{"href":"https:\/\/roveyayinevi.com.tr\/index.php\/wp-json\/wp\/v2\/product"}],"about":[{"href":"https:\/\/roveyayinevi.com.tr\/index.php\/wp-json\/wp\/v2\/types\/product"}],"wp:attachment":[{"href":"https:\/\/roveyayinevi.com.tr\/index.php\/wp-json\/wp\/v2\/media?parent=728173"}],"wp:term":[{"taxonomy":"product_brand","embeddable":true,"href":"https:\/\/roveyayinevi.com.tr\/index.php\/wp-json\/wp\/v2\/product_brand?post=728173"},{"taxonomy":"product_cat","embeddable":true,"href":"https:\/\/roveyayinevi.com.tr\/index.php\/wp-json\/wp\/v2\/product_cat?post=728173"},{"taxonomy":"product_tag","embeddable":true,"href":"https:\/\/roveyayinevi.com.tr\/index.php\/wp-json\/wp\/v2\/product_tag?post=728173"}],"curies":[{"name":"wp","href":"https:\/\/api.w.org\/{rel}","templated":true}]}}