{"id":728171,"date":"2025-08-27T20:34:50","date_gmt":"2025-08-27T17:34:50","guid":{"rendered":"https:\/\/roveyayinevi.com.tr\/index.php\/urun\/sevdalim-hayat-ciltli\/"},"modified":"2026-04-16T02:35:55","modified_gmt":"2026-04-15T23:35:55","slug":"sevdalim-hayat-ciltli","status":"publish","type":"product","link":"https:\/\/roveyayinevi.com.tr\/index.php\/urun\/sevdalim-hayat-ciltli\/","title":{"rendered":"Sevdal\u0131m Hayat  (Ciltli)"},"content":{"rendered":"<p>\u201cSaz \u00e7ald\u0131n m\u0131 Sa\u011f elin ge\u00e7mi\u015ftedir Sol elin  Gelecekte\u201d Faz\u0131l H\u00fcsn\u00fc Da\u011flarca\u2019n\u0131n Z\u00fclf\u00fc Livaneli i\u00e7in yazd\u0131\u011f\u0131 \u015fiiri\u2026 \u00c7a\u011f\u0131n ustas\u0131, bar\u0131\u015f el\u00e7isi, direni\u015fin ve umudun kalemi, halk sanat\u00e7\u0131s\u0131, d\u00fcnya \u00e7ap\u0131nda bir m\u00fczisyen, sinemac\u0131, siyaset\u00e7i. Babaannesinin \u201cke\u00e7i\u201dsi. Abidin Dino\u2019nun s\u00f6zleriyle \u201cmutlulu\u011fun m\u00fczi\u011fini yapan\u201d fikir ve sanat i\u015f\u00e7isi\u2026 Z\u00fclf\u00fc Livaneli. Usta yazar, bu kez g\u00fcnden g\u00fcne \u201ciyi evlatlar\u0131n\u0131 bo\u011fan, k\u00f6t\u00fcleri ise \u00f6d\u00fcllendiren\u201d bir \u00fclke haline gelen T\u00fcrkiye\u2019de; Cengiz Aytmatov\u2019dan Ya\u015far Kemal\u2019e, Elia Kazan\u2019dan Ingmar Bergman\u2019a, B\u00fclent Ecevit\u2019ten Mihail Gorba\u00e7ov\u2019a dek uzanan ya\u015fam ser\u00fcvenini payla\u015f\u0131yor. Livaneli, sanat insan\u0131n\u0131n ka\u00e7\u0131namad\u0131\u011f\u0131 yazg\u0131y\u0131 kendi kendinin arzuh\u00e2lcisi olup anlat\u0131yor. Elinizdeki \u00e7al\u0131\u015fma, yaln\u0131zca Livaneli\u2019nin zengin \u00f6mr\u00fcn\u00fcn de\u011fil; ayn\u0131 zamanda hapislerden s\u00fcrg\u00fcne, darbeden \u00f6l\u00fcmlere t\u00fcrl\u00fc deneyimle s\u0131nanan bir ku\u015fa\u011f\u0131n da hik\u00e2yesi. Kendi s\u00f6zleriyle: \u201c\u015eimdi okuyacaklar\u0131n\u0131z, kolayca g\u00f6rece\u011finiz gibi s\u00fcrekli sanat \u00fcst\u00fcne d\u00fc\u015f\u00fcnen, yarat\u0131 sanc\u0131lar\u0131 \u00e7eken ama d\u00f6nemin ve \u00fclkenin ko\u015fullar\u0131 gere\u011fi zaman zaman politikadan ka\u00e7amayan birinin an\u0131lar\u0131.\u201d Okumaya m\u00fcptela bir \u00e7ocu\u011fun, milyonlar\u0131n tan\u0131d\u0131\u011f\u0131 bir sanat\u00e7\u0131ya ve siyaset\u00e7iye d\u00f6n\u00fc\u015fme s\u00fcrecine, yak\u0131n tarihin politik ve k\u00fclt\u00fcrel atmosferine \u0131\u015f\u0131k tutan Sevdal\u0131m Hayat, y\u00fcrekleri s\u0131cac\u0131k bir \u201cmerhaba\u201dya davet ediyor. <\/p>\n","protected":false},"excerpt":{"rendered":"<p>\u201cSaz \u00e7ald\u0131n m\u0131 Sa\u011f elin ge\u00e7mi\u015ftedir Sol elin Gelecekte\u201d Faz\u0131l H\u00fcsn\u00fc Da\u011flarca\u2019n\u0131n Z\u00fclf\u00fc Livaneli i\u00e7in yazd\u0131\u011f\u0131 \u015fiiri\u2026 \u00c7a\u011f\u0131n ustas\u0131, bar\u0131\u015f el\u00e7isi, direni\u015fin ve umudun kalemi, halk<span class=\"excerpt-hellip\"> [\u2026]<\/span><\/p>\n","protected":false},"featured_media":0,"template":"","meta":{"_monsterinsights_skip_tracking":false,"_monsterinsights_sitenote_active":false,"_monsterinsights_sitenote_note":"","_monsterinsights_sitenote_category":0},"product_brand":[],"product_cat":[18545,12291],"product_tag":[],"class_list":{"0":"post-728171","1":"product","2":"type-product","3":"status-publish","5":"product_cat-anlati","6":"product_cat-edebiyat","7":"pa_cilt-ciltli","8":"pa_tur-kitap","9":"pa_yayinevi-inkilap-kitabevi","10":"pa_yazar-zulfu-livaneli","12":"first","13":"instock","14":"sale","15":"shipping-taxable","16":"purchasable","17":"product-type-simple"},"_links":{"self":[{"href":"https:\/\/roveyayinevi.com.tr\/index.php\/wp-json\/wp\/v2\/product\/728171","targetHints":{"allow":["GET"]}}],"collection":[{"href":"https:\/\/roveyayinevi.com.tr\/index.php\/wp-json\/wp\/v2\/product"}],"about":[{"href":"https:\/\/roveyayinevi.com.tr\/index.php\/wp-json\/wp\/v2\/types\/product"}],"wp:attachment":[{"href":"https:\/\/roveyayinevi.com.tr\/index.php\/wp-json\/wp\/v2\/media?parent=728171"}],"wp:term":[{"taxonomy":"product_brand","embeddable":true,"href":"https:\/\/roveyayinevi.com.tr\/index.php\/wp-json\/wp\/v2\/product_brand?post=728171"},{"taxonomy":"product_cat","embeddable":true,"href":"https:\/\/roveyayinevi.com.tr\/index.php\/wp-json\/wp\/v2\/product_cat?post=728171"},{"taxonomy":"product_tag","embeddable":true,"href":"https:\/\/roveyayinevi.com.tr\/index.php\/wp-json\/wp\/v2\/product_tag?post=728171"}],"curies":[{"name":"wp","href":"https:\/\/api.w.org\/{rel}","templated":true}]}}