{"id":728169,"date":"2025-08-27T20:34:48","date_gmt":"2025-08-27T17:34:48","guid":{"rendered":"https:\/\/roveyayinevi.com.tr\/index.php\/urun\/siddet-tanimadigin-dusmani-yenemezsin\/"},"modified":"2026-04-16T02:35:54","modified_gmt":"2026-04-15T23:35:54","slug":"siddet-tanimadigin-dusmani-yenemezsin","status":"publish","type":"product","link":"https:\/\/roveyayinevi.com.tr\/index.php\/urun\/siddet-tanimadigin-dusmani-yenemezsin\/","title":{"rendered":"\u015eiddet-Tan\u0131mad\u0131\u011f\u0131n D\u00fc\u015fman\u0131 Yenemezsin"},"content":{"rendered":"<p>\u015eiddet \u00dczerine: \u015eiddet Nedir? Ne De\u011fildir? 1.\u015eiddet \u0130nsan\u0131n \u0130\u00e7inde, \u0130nsan \u015eiddetin \u0130\u00e7inde: \u015eiddetin K\u0131sa Tarihi 2.K\u00fcresel Bir Salg\u0131n Toplumsal Bir Utan\u00e7: Kad\u0131na \u015eiddet 3.Yan Yana Gelmemesi Gereken \u0130ki Kelime: \u00c7ocuk Ve \u015eiddet 4.Kendine \u015eiddet 5.\u0130\u015f Yerinde \u015eiddet: Mobbing 6.Sa\u011fl\u0131k \u00c7al\u0131\u015fanlar\u0131na Y\u00f6nelik \u015eiddet 7.Medyan\u0131n \u015eiddet Sevicili\u011fi: Sunulan \u015eiddetin Toplumsal Yans\u0131malar\u0131 8.Dijisat \u015eiddet Nam\u0131 Di\u011fer\u2019siber Zorbal\u0131k\u2019 9.\u015eiddete U\u011frayanlar\u0131n Hukuki Haklar\u0131 10.Empati Ve \u015eiddet <\/p>\n","protected":false},"excerpt":{"rendered":"<p>\u015eiddet \u00dczerine: \u015eiddet Nedir? Ne De\u011fildir? 1.\u015eiddet \u0130nsan\u0131n \u0130\u00e7inde, \u0130nsan \u015eiddetin \u0130\u00e7inde: \u015eiddetin K\u0131sa Tarihi 2.K\u00fcresel Bir Salg\u0131n Toplumsal Bir Utan\u00e7: Kad\u0131na \u015eiddet 3.Yan Yana Gelmemesi<span class=\"excerpt-hellip\"> [\u2026]<\/span><\/p>\n","protected":false},"featured_media":0,"template":"","meta":{"_monsterinsights_skip_tracking":false,"_monsterinsights_sitenote_active":false,"_monsterinsights_sitenote_note":"","_monsterinsights_sitenote_category":0},"product_brand":[],"product_cat":[13005,40995],"product_tag":[],"class_list":{"0":"post-728169","1":"product","2":"type-product","3":"status-publish","5":"product_cat-bilim-muhendislik","6":"product_cat-sosyal-bilimler","7":"pa_cilt-ciltsiz","8":"pa_tur-kitap","9":"pa_yayinevi-gazi-kitabevi","10":"pa_yazar-bahar-urhan-aysad-gudekli","12":"first","13":"instock","14":"sale","15":"shipping-taxable","16":"purchasable","17":"product-type-simple"},"_links":{"self":[{"href":"https:\/\/roveyayinevi.com.tr\/index.php\/wp-json\/wp\/v2\/product\/728169","targetHints":{"allow":["GET"]}}],"collection":[{"href":"https:\/\/roveyayinevi.com.tr\/index.php\/wp-json\/wp\/v2\/product"}],"about":[{"href":"https:\/\/roveyayinevi.com.tr\/index.php\/wp-json\/wp\/v2\/types\/product"}],"wp:attachment":[{"href":"https:\/\/roveyayinevi.com.tr\/index.php\/wp-json\/wp\/v2\/media?parent=728169"}],"wp:term":[{"taxonomy":"product_brand","embeddable":true,"href":"https:\/\/roveyayinevi.com.tr\/index.php\/wp-json\/wp\/v2\/product_brand?post=728169"},{"taxonomy":"product_cat","embeddable":true,"href":"https:\/\/roveyayinevi.com.tr\/index.php\/wp-json\/wp\/v2\/product_cat?post=728169"},{"taxonomy":"product_tag","embeddable":true,"href":"https:\/\/roveyayinevi.com.tr\/index.php\/wp-json\/wp\/v2\/product_tag?post=728169"}],"curies":[{"name":"wp","href":"https:\/\/api.w.org\/{rel}","templated":true}]}}