{"id":728168,"date":"2025-08-27T20:34:48","date_gmt":"2025-08-27T17:34:48","guid":{"rendered":"https:\/\/roveyayinevi.com.tr\/index.php\/urun\/ankarada-vakif-bedesten-ve-hanlar-15-20-yy\/"},"modified":"2026-04-16T02:35:54","modified_gmt":"2026-04-15T23:35:54","slug":"ankarada-vakif-bedesten-ve-hanlar-15-20-yy","status":"publish","type":"product","link":"https:\/\/roveyayinevi.com.tr\/index.php\/urun\/ankarada-vakif-bedesten-ve-hanlar-15-20-yy\/","title":{"rendered":"Ankara&#8217;da Vak\u0131f Bedesten ve Hanlar (15-20.yy)"},"content":{"rendered":"<p>ANKARA\u2019DA VAKIF HANLARI KONUM VE N\u0130TEL\u0130KLER\u0130, ULA\u015eIM BA\u011eLANTILARI VE T\u0130CARET YAPILARIN ETK\u0130S\u0130 Uzun \u00c7ar\u015f\u0131 Sof \u00dcretiminde Azalma Ve Vak\u0131f Hanlar\u0131 \u00dczerindeki Muhtemel Etkileri Ekonomiyi B\u00fcy\u00fck \u00d6l\u00e7\u00fcde Etkileyen Geleneksel \u00dcretimin Gerilemesi Ve \u00c7\u00f6k\u00fc\u015f\u00fc 1881 Ve 1916 Yang\u0131nlar\u0131 (Harik Mahalli) Bedesten Ve Hanlar B\u00f6lgesi Seyahatnamelerde Ankara Kervan Yollar\u0131 Ve \u015eehir Ekonomisine Etkileri \u00dc\u00e7\u00fcnc\u00fc Sur Duvar\u0131, Ana Giri\u015f Kap\u0131lar\u0131 Ve \u015eehir Merkezi \u0130le Ba\u011flant\u0131lar\u0131 Yukar\u0131 Y\u00fcz Mahmud Pa\u015fa Bedesteni Mahmut Pa\u015fa Bedesteni Mimari \u00d6zellikleri Mahmud Pa\u015fa Han\u0131 (Kur\u015funlu Han) Jansen Plan\u0131\u2019nda Bedesten Ve Hanlar B\u00f6lgesi \u00c7ukur Han \u00c7engel Han Safran Han\u0131 (Za\u011ffiranc\u0131 Han\u0131- Zafran Han) Pirin\u00e7 Han\u0131   A\u015fa\u011f\u0131 Y\u00fcz: Tahta\u2019l Kal\u2019a (Tahtakale) Ve Karao\u011flan \u00c7ar\u015f\u0131lar\u0131 1929 Tahtakale Ve Karao\u011flan \u00c7ar\u015f\u0131lar\u0131 Yang\u0131n\u0131 Bellek Yitimi: 1881 Bedesten \u00c7evresi Hanlar B\u00f6lgesi Yang\u0131n\u0131 A\u015fa\u011f\u0131 Y\u00fcz Belek Yitimi:1916 Hisar\u00f6n\u00fc Yang\u0131n\u0131 Belek Yitimi: 1929 Tahtakale Yang\u0131n\u0131<\/p>\n","protected":false},"excerpt":{"rendered":"<p>ANKARA\u2019DA VAKIF HANLARI KONUM VE N\u0130TEL\u0130KLER\u0130, ULA\u015eIM BA\u011eLANTILARI VE T\u0130CARET YAPILARIN ETK\u0130S\u0130 Uzun \u00c7ar\u015f\u0131 Sof \u00dcretiminde Azalma Ve Vak\u0131f Hanlar\u0131 \u00dczerindeki Muhtemel Etkileri Ekonomiyi B\u00fcy\u00fck \u00d6l\u00e7\u00fcde<span class=\"excerpt-hellip\"> [\u2026]<\/span><\/p>\n","protected":false},"featured_media":0,"template":"","meta":{"_monsterinsights_skip_tracking":false,"_monsterinsights_sitenote_active":false,"_monsterinsights_sitenote_note":"","_monsterinsights_sitenote_category":0},"product_brand":[],"product_cat":[12767,12324],"product_tag":[],"class_list":{"0":"post-728168","1":"product","2":"type-product","3":"status-publish","5":"product_cat-kentlesme-modernlesme","6":"product_cat-sosyoloji","7":"pa_cilt-ciltsiz","8":"pa_tur-kitap","9":"pa_yayinevi-gazi-kitabevi","10":"pa_yazar-mehmet-tuncer","12":"first","13":"instock","14":"sale","15":"shipping-taxable","16":"purchasable","17":"product-type-simple"},"_links":{"self":[{"href":"https:\/\/roveyayinevi.com.tr\/index.php\/wp-json\/wp\/v2\/product\/728168","targetHints":{"allow":["GET"]}}],"collection":[{"href":"https:\/\/roveyayinevi.com.tr\/index.php\/wp-json\/wp\/v2\/product"}],"about":[{"href":"https:\/\/roveyayinevi.com.tr\/index.php\/wp-json\/wp\/v2\/types\/product"}],"wp:attachment":[{"href":"https:\/\/roveyayinevi.com.tr\/index.php\/wp-json\/wp\/v2\/media?parent=728168"}],"wp:term":[{"taxonomy":"product_brand","embeddable":true,"href":"https:\/\/roveyayinevi.com.tr\/index.php\/wp-json\/wp\/v2\/product_brand?post=728168"},{"taxonomy":"product_cat","embeddable":true,"href":"https:\/\/roveyayinevi.com.tr\/index.php\/wp-json\/wp\/v2\/product_cat?post=728168"},{"taxonomy":"product_tag","embeddable":true,"href":"https:\/\/roveyayinevi.com.tr\/index.php\/wp-json\/wp\/v2\/product_tag?post=728168"}],"curies":[{"name":"wp","href":"https:\/\/api.w.org\/{rel}","templated":true}]}}