{"id":728167,"date":"2025-08-27T20:34:47","date_gmt":"2025-08-27T17:34:47","guid":{"rendered":"https:\/\/roveyayinevi.com.tr\/index.php\/urun\/turkiye-ekonomisinde-enflasyon-dinamikleri\/"},"modified":"2026-04-16T02:35:54","modified_gmt":"2026-04-15T23:35:54","slug":"turkiye-ekonomisinde-enflasyon-dinamikleri","status":"publish","type":"product","link":"https:\/\/roveyayinevi.com.tr\/index.php\/urun\/turkiye-ekonomisinde-enflasyon-dinamikleri\/","title":{"rendered":"T\u00fcrkiye Ekonomisinde Enflasyon Dinamikleri"},"content":{"rendered":"<p>I.K\u0131s\u0131m Teorik \u00c7al\u0131\u015fmalar 1.B\u00f6l\u00fcm Merkez Bankas\u0131 Kredibilitesinin \u00d6l\u00e7\u00fcm\u00fc-T\u00fcrkiye \u00d6rne\u011fi 2.B\u00f6l\u00fcm Faiz- Enflasyon \u0130li\u015fkisinde Neo-F\u0131sher\u0131an Yakla\u015f\u0131m 3.B\u00f6l\u00fcm T\u00fcrkiye Ekonomisinin D\u00fc\u015f\u00fck Enflasyon- Y\u00fcksek Ekonomik B\u00fcy\u00fcme A\u00e7maz\u0131 4.B\u00f6l\u00fcm Sragflasyon Ve \u0130ktisat Politikas\u0131 II.K\u0131s\u0131m 5.B\u00f6l\u00fcm T\u00fcrkiye\u2019de Enflasyon \u0130le B\u00fct\u00e7e A\u00e7\u0131\u011f\u0131 Aras\u0131ndaki \u0130li\u015fkinin Tanzi Ve Pat\u0131nk\u0131n Etkileri \u00c7er\u00e7evesinde \u0130ncelenmesi 6.B\u00f6l\u00fcm T\u00fcrkiye\u2019de Katma De\u011fer Vergisi Ve \u00d6zel T\u00fcketim Vergisi\u2019nin       Enflasyon \u00dczerindeki Etkisi 7.B\u00f6l\u00fcm Enflasyon Ve D\u00f6zviz Kuru Aras\u0131ndaki Nedensellik \u0130li\u015fkisi: T\u00fcrkiye \u00d6rne\u011fi 1.B\u00f6l\u00fcm Enflsyonun Yoksulluk \u00dczerinde Etkisi: T\u00fcrkiye \u00dczerine Bir \u0130nceleme 2.B\u00f6l\u00fcm Bireysel Kredi Kullan\u0131m\u0131 Ve Enflasyon Aras\u0131ndaki \u0130li\u015fki: Ardl S\u0131n\u0131r Testi Yakla\u015f\u0131m\u0131yla T\u00fcrkiye \u00dczerine \u0130nceleme 3.B\u00f6l\u00fcm T\u00fcrkiye\u2019de Alternatif Para Politikas\u0131 Kurallar\u0131n\u0131n Ge\u00e7erlili\u011fi : Mccallum Ve Taylor Kurallar\u0131n\u0131n Analizi 4.B\u00f6l\u00fcm T\u00fcrkiye\u2019de Enflasyonun Belirleyicilerine Dair B\u00f6lgesel Bir Analiz 2005-2018 <\/p>\n","protected":false},"excerpt":{"rendered":"<p>I.K\u0131s\u0131m Teorik \u00c7al\u0131\u015fmalar 1.B\u00f6l\u00fcm Merkez Bankas\u0131 Kredibilitesinin \u00d6l\u00e7\u00fcm\u00fc-T\u00fcrkiye \u00d6rne\u011fi 2.B\u00f6l\u00fcm Faiz- Enflasyon \u0130li\u015fkisinde Neo-F\u0131sher\u0131an Yakla\u015f\u0131m 3.B\u00f6l\u00fcm T\u00fcrkiye Ekonomisinin D\u00fc\u015f\u00fck Enflasyon- Y\u00fcksek Ekonomik B\u00fcy\u00fcme A\u00e7maz\u0131 4.B\u00f6l\u00fcm Sragflasyon<span class=\"excerpt-hellip\"> [\u2026]<\/span><\/p>\n","protected":false},"featured_media":0,"template":"","meta":{"_monsterinsights_skip_tracking":false,"_monsterinsights_sitenote_active":false,"_monsterinsights_sitenote_note":"","_monsterinsights_sitenote_category":0},"product_brand":[],"product_cat":[13043,14144],"product_tag":[],"class_list":{"0":"post-728167","1":"product","2":"type-product","3":"status-publish","5":"product_cat-ekonomi","6":"product_cat-turkiye-ekonomisi","7":"pa_cilt-ciltsiz","8":"pa_tur-kitap","9":"pa_yayinevi-gazi-kitabevi","10":"pa_yazar-mehmet-songur-burak-sertkaya","12":"first","13":"instock","14":"sale","15":"shipping-taxable","16":"purchasable","17":"product-type-simple"},"_links":{"self":[{"href":"https:\/\/roveyayinevi.com.tr\/index.php\/wp-json\/wp\/v2\/product\/728167","targetHints":{"allow":["GET"]}}],"collection":[{"href":"https:\/\/roveyayinevi.com.tr\/index.php\/wp-json\/wp\/v2\/product"}],"about":[{"href":"https:\/\/roveyayinevi.com.tr\/index.php\/wp-json\/wp\/v2\/types\/product"}],"wp:attachment":[{"href":"https:\/\/roveyayinevi.com.tr\/index.php\/wp-json\/wp\/v2\/media?parent=728167"}],"wp:term":[{"taxonomy":"product_brand","embeddable":true,"href":"https:\/\/roveyayinevi.com.tr\/index.php\/wp-json\/wp\/v2\/product_brand?post=728167"},{"taxonomy":"product_cat","embeddable":true,"href":"https:\/\/roveyayinevi.com.tr\/index.php\/wp-json\/wp\/v2\/product_cat?post=728167"},{"taxonomy":"product_tag","embeddable":true,"href":"https:\/\/roveyayinevi.com.tr\/index.php\/wp-json\/wp\/v2\/product_tag?post=728167"}],"curies":[{"name":"wp","href":"https:\/\/api.w.org\/{rel}","templated":true}]}}