{"id":728166,"date":"2025-08-27T20:34:46","date_gmt":"2025-08-27T17:34:46","guid":{"rendered":"https:\/\/roveyayinevi.com.tr\/index.php\/urun\/bir-sevda-yolu\/"},"modified":"2026-04-16T02:35:54","modified_gmt":"2026-04-15T23:35:54","slug":"bir-sevda-yolu","status":"publish","type":"product","link":"https:\/\/roveyayinevi.com.tr\/index.php\/urun\/bir-sevda-yolu\/","title":{"rendered":"Bir Sevda Yolu"},"content":{"rendered":"<p>Ya\u015farken elbette s\u0131z\u0131lar alaca\u011f\u0131z, dert sahibi olaca\u011f\u0131z, sab\u0131r s\u0131nav\u0131nda olaca\u011f\u0131z, imtihan edilece\u011fiz. Keyif yapmaya da gelmedik, buras\u0131 s\u0131nav d\u00fcnyas\u0131 buras\u0131 O&#8217;nun r\u0131zas\u0131 yolunda \u00e7al\u0131\u015fma d\u00fcnyas\u0131. Kimimiz onca zorlu\u011fun, s\u0131k\u0131nt\u0131n\u0131n, me\u015fakkatin kar\u015f\u0131s\u0131nda s\u0131nav\u0131 kazanma gayretinde olmaya \u00e7al\u0131\u015f\u0131rken kimimiz de onca bollu\u011fun, g\u00fczelli\u011fin, rahatl\u0131\u011f\u0131n i\u00e7inde s\u0131nav d\u00fcnyas\u0131n\u0131 unutabiliyoruz. \u0130kisinde de gelecek oldu\u011fum ortak nokta ise ne i\u00e7in geldi\u011fimizi, nereye gidece\u011fimizi ve d\u00fcnya ge\u00e7icili\u011fini hat\u0131rda tutup O&#8217;nun r\u0131zas\u0131 yolunda y\u00fcr\u00fcmeyi kalbimize, y\u00fcre\u011fimize, ruhumuza, s\u00f6zlerimize, bak\u0131\u015flar\u0131m\u0131za, ad\u0131mlar\u0131m\u0131za, muhabbetlerimize i\u015fleyenlerden olmaya \u00e7al\u0131\u015fal\u0131m in\u015fallah&#8230; Ya\u015fad\u0131\u011f\u0131n d\u00fcnya s\u0131k\u0131nt\u0131lar\u0131; Rahmet-i \u0130lahi\u2019nin bir hediyesidir belki de sana&#8230; Belki d\u00fcnya belki ahiret yolunda ya\u015fayacak oldu\u011fun g\u00fczelliklere vesile olur da bilemezsin, bilemeyiz&#8230; Bir de b\u00f6yle bak, O&#8217;nun senin ile oldu\u011funu unutma. Sen ne kadar O&#8217;nun a\u015fk\u0131 ile o kalbi besleyip diri tutarsan bir o kadar senin dirili\u011fin de artacakt\u0131r&#8230;  <\/p>\n","protected":false},"excerpt":{"rendered":"<p>Ya\u015farken elbette s\u0131z\u0131lar alaca\u011f\u0131z, dert sahibi olaca\u011f\u0131z, sab\u0131r s\u0131nav\u0131nda olaca\u011f\u0131z, imtihan edilece\u011fiz. Keyif yapmaya da gelmedik, buras\u0131 s\u0131nav d\u00fcnyas\u0131 buras\u0131 O&#8217;nun r\u0131zas\u0131 yolunda \u00e7al\u0131\u015fma d\u00fcnyas\u0131. Kimimiz<span class=\"excerpt-hellip\"> [\u2026]<\/span><\/p>\n","protected":false},"featured_media":0,"template":"","meta":{"_monsterinsights_skip_tracking":false,"_monsterinsights_sitenote_active":false,"_monsterinsights_sitenote_note":"","_monsterinsights_sitenote_category":0},"product_brand":[],"product_cat":[12777,12291],"product_tag":[],"class_list":{"0":"post-728166","1":"product","2":"type-product","3":"status-publish","5":"product_cat-deneme","6":"product_cat-edebiyat","7":"pa_cilt-ciltsiz","8":"pa_tur-kitap","9":"pa_yayinevi-herdem-kitap","10":"pa_yazar-emrehan-kanber","12":"first","13":"instock","14":"sale","15":"shipping-taxable","16":"purchasable","17":"product-type-simple"},"_links":{"self":[{"href":"https:\/\/roveyayinevi.com.tr\/index.php\/wp-json\/wp\/v2\/product\/728166","targetHints":{"allow":["GET"]}}],"collection":[{"href":"https:\/\/roveyayinevi.com.tr\/index.php\/wp-json\/wp\/v2\/product"}],"about":[{"href":"https:\/\/roveyayinevi.com.tr\/index.php\/wp-json\/wp\/v2\/types\/product"}],"wp:attachment":[{"href":"https:\/\/roveyayinevi.com.tr\/index.php\/wp-json\/wp\/v2\/media?parent=728166"}],"wp:term":[{"taxonomy":"product_brand","embeddable":true,"href":"https:\/\/roveyayinevi.com.tr\/index.php\/wp-json\/wp\/v2\/product_brand?post=728166"},{"taxonomy":"product_cat","embeddable":true,"href":"https:\/\/roveyayinevi.com.tr\/index.php\/wp-json\/wp\/v2\/product_cat?post=728166"},{"taxonomy":"product_tag","embeddable":true,"href":"https:\/\/roveyayinevi.com.tr\/index.php\/wp-json\/wp\/v2\/product_tag?post=728166"}],"curies":[{"name":"wp","href":"https:\/\/api.w.org\/{rel}","templated":true}]}}