{"id":728165,"date":"2025-08-27T20:34:45","date_gmt":"2025-08-27T17:34:45","guid":{"rendered":"https:\/\/roveyayinevi.com.tr\/index.php\/urun\/pence-1-kotu-kalpli-uzayli-kedi\/"},"modified":"2026-04-16T02:35:54","modified_gmt":"2026-04-15T23:35:54","slug":"pence-1-kotu-kalpli-uzayli-kedi","status":"publish","type":"product","link":"https:\/\/roveyayinevi.com.tr\/index.php\/urun\/pence-1-kotu-kalpli-uzayli-kedi\/","title":{"rendered":"Pen\u00e7e 1 &#8211; K\u00f6t\u00fc Kalpli Uzayl\u0131 Kedi"},"content":{"rendered":"<p>Pen\u00e7e sizin s\u0131radan kedilerinize benzemez. Elbette onlar gibi yumu\u015fak t\u00fcyleri, sivri kulaklar\u0131 var &#8230;Ama onun g\u00f6r\u00fcn\u00fc\u015f\u00fcndeki tatl\u0131l\u0131k sizi aldatmas\u0131n. O, evrenin \u00f6teki ucundan s\u00fcrg\u00fcne g\u00f6nderilmi\u015f;sava\u015f merakl\u0131s\u0131, intikam pesinde kosan devrik bir imparator. Vah\u015fi, kurnaz ve zeki. Ayr\u0131ca Raj&#8217;\u0131n da en yak\u0131n arkada\u015f\u0131 olmak \u00fczere \u2026Raj&#8217;\u0131n her \u015feyi vard\u0131. Brooklyn&#8217;de haval\u0131 bir apartman dairesinde oturuyordu. Ayn\u0131 apartmanda \u00e7ok sevdi\u011fi \u00fc\u00e7 arkada\u015f\u0131 vard\u0131. Pizza ve dergi satan bir d\u00fckk\u00e2n da evlerine y\u00fcr\u00fcme mesafesindeydi. Ama annesi ba\u015fka bir eyalette yeni bir is bulunca ailece ta\u015f\u0131nmak zorunda kald\u0131lar. B\u00f6ylece her \u015fey alt \u00fcst oldu. Bir ak\u015fam vakti kap\u0131n\u0131n \u00f6n\u00fcnde t\u00fcy yuma\u011f\u0131 bir kedi g\u00f6r\u00fcnce Raj, \u015fans\u0131n\u0131n d\u00f6nece\u011fini sanm\u0131\u015ft\u0131. Daha neler !<\/p>\n","protected":false},"excerpt":{"rendered":"<p>Pen\u00e7e sizin s\u0131radan kedilerinize benzemez. Elbette onlar gibi yumu\u015fak t\u00fcyleri, sivri kulaklar\u0131 var &#8230;Ama onun g\u00f6r\u00fcn\u00fc\u015f\u00fcndeki tatl\u0131l\u0131k sizi aldatmas\u0131n. O, evrenin \u00f6teki ucundan s\u00fcrg\u00fcne g\u00f6nderilmi\u015f;sava\u015f merakl\u0131s\u0131,<span class=\"excerpt-hellip\"> [\u2026]<\/span><\/p>\n","protected":false},"featured_media":0,"template":"","meta":{"_monsterinsights_skip_tracking":false,"_monsterinsights_sitenote_active":false,"_monsterinsights_sitenote_note":"","_monsterinsights_sitenote_category":0},"product_brand":[],"product_cat":[12275,12274],"product_tag":[],"class_list":{"0":"post-728165","1":"product","2":"type-product","3":"status-publish","5":"product_cat-6-12-yas-kitaplari","6":"product_cat-cocuk-ve-genclik-kitaplari","7":"pa_cilt-ciltsiz","8":"pa_tur-kitap","9":"pa_yayinevi-ucan-at","10":"pa_yazar-johnny-marciano-emily-chenoweth","12":"first","13":"instock","14":"sale","15":"shipping-taxable","16":"purchasable","17":"product-type-simple"},"_links":{"self":[{"href":"https:\/\/roveyayinevi.com.tr\/index.php\/wp-json\/wp\/v2\/product\/728165","targetHints":{"allow":["GET"]}}],"collection":[{"href":"https:\/\/roveyayinevi.com.tr\/index.php\/wp-json\/wp\/v2\/product"}],"about":[{"href":"https:\/\/roveyayinevi.com.tr\/index.php\/wp-json\/wp\/v2\/types\/product"}],"wp:attachment":[{"href":"https:\/\/roveyayinevi.com.tr\/index.php\/wp-json\/wp\/v2\/media?parent=728165"}],"wp:term":[{"taxonomy":"product_brand","embeddable":true,"href":"https:\/\/roveyayinevi.com.tr\/index.php\/wp-json\/wp\/v2\/product_brand?post=728165"},{"taxonomy":"product_cat","embeddable":true,"href":"https:\/\/roveyayinevi.com.tr\/index.php\/wp-json\/wp\/v2\/product_cat?post=728165"},{"taxonomy":"product_tag","embeddable":true,"href":"https:\/\/roveyayinevi.com.tr\/index.php\/wp-json\/wp\/v2\/product_tag?post=728165"}],"curies":[{"name":"wp","href":"https:\/\/api.w.org\/{rel}","templated":true}]}}