{"id":728161,"date":"2025-08-27T20:34:42","date_gmt":"2025-08-27T17:34:42","guid":{"rendered":"https:\/\/roveyayinevi.com.tr\/index.php\/urun\/duvarda-tek-basina\/"},"modified":"2026-04-16T02:35:54","modified_gmt":"2026-04-15T23:35:54","slug":"duvarda-tek-basina","status":"publish","type":"product","link":"https:\/\/roveyayinevi.com.tr\/index.php\/urun\/duvarda-tek-basina\/","title":{"rendered":"Duvarda Tek Ba\u015f\u0131na"},"content":{"rendered":"<p>\u201cHer sporun bir Michael Jordan\u2019\u0131, \u00fcn\u00fc sahalar\u0131n \u00f6tesine ta\u015fan bir sporcusu vard\u0131r; kaya t\u0131rman\u0131\u015f\u0131 i\u00e7in de bu ki\u015fi Alex Honnold!\u201d \u2014The Climbing Zine Her nesilden b\u00f6ylesi yetenekli ancak bir iki ki\u015finin \u00e7\u0131kabildi\u011fi, e\u015fsiz vizyon sahibi bir kaya t\u0131rman\u0131\u015f\u00e7\u0131s\u0131 olan Alex Honnold\u2019un ya\u015fama ve \u00f6l\u00fcme meydan okuyan hik\u00e2yesi\u2026 Son k\u0131rk y\u0131lda, sadece bir avu\u00e7 da\u011fc\u0131, serbest solo t\u0131rman\u0131\u015flar\u0131n bilindik risklerini g\u00f6ze alabildi. Bunlar\u0131n yar\u0131s\u0131 ise maalesef \u015fu an hayatta de\u011fil.\u00c7\u00fcnk\u00fc D\u00dc\u015eERSEN \u00d6L\u00dcRS\u00dcN. Alex Honnold keskin zek\u00e2s\u0131 ve herkesi hayrete d\u00fc\u015f\u00fcren g\u00f6z\u00fc karal\u0131\u011f\u0131yla en dik, en tehlikeli kaya y\u00fczlerini, herkesin imk\u00e2ns\u0131z oldu\u011funu d\u00fc\u015f\u00fcnd\u00fc\u011f\u00fc uzunluk ve zorluktaki rotalar\u0131 herhangi bir destek olmaks\u0131z\u0131n t\u0131rman\u0131yor. \u00c7\u0131plak elleriyle, \u00e7atlaklara s\u0131k\u0131\u015ft\u0131rd\u0131\u011f\u0131 parmak u\u00e7lar\u0131yla ve kayadaki bir santimetrelik \u00e7\u0131k\u0131nt\u0131lara tutunarak\u2026 Kendisi s\u0131n\u0131rlar\u0131 zorlamaktan korkmuyor. Yeni rotalar a\u00e7\u0131yor, \u00f6d\u00fcller kazan\u0131yor ve rekorlar\u0131 alt\u00fcst ediyor. Duvarda Tek Ba\u015f\u0131na\u2019da Honnold, korkusuzca ya\u015fama, risk alma ve tehlike kar\u015f\u0131s\u0131nda bile odaklanmay\u0131 s\u00fcrd\u00fcrebilme dersleriyle dolu ola\u011fan\u00fcst\u00fc hayat\u0131n\u0131 ve kariyerinin en ak\u0131l almaz ba\u015far\u0131lar\u0131n\u0131 t\u00fcm ayr\u0131nt\u0131lar\u0131yla payla\u015f\u0131yor. Bu g\u00fcncellenmi\u015f bask\u0131da, en b\u00fcy\u00fck atletik ba\u015far\u0131lardan biri addedilen ve Oscar \u00f6d\u00fcll\u00fc Free Solo belgesel filminin konusu olan El Capitan&#8217;daki maceras\u0131 ba\u015fta olmak \u00fczere nefes kesen deneyimlerini okuyacaks\u0131n\u0131z. Kendi kelimeleriyle ve ilk g\u00fcnk\u00fc co\u015fkusuyla\u2026 Heyecan verici, ilham veren ve hayranl\u0131k uyand\u0131ran bu hik\u00e2ye, avu\u00e7 i\u00e7lerinizi terletecek ve ba\u015f\u0131n\u0131z\u0131 d\u00f6nd\u00fcrecek. <\/p>\n","protected":false},"excerpt":{"rendered":"<p>\u201cHer sporun bir Michael Jordan\u2019\u0131, \u00fcn\u00fc sahalar\u0131n \u00f6tesine ta\u015fan bir sporcusu vard\u0131r; kaya t\u0131rman\u0131\u015f\u0131 i\u00e7in de bu ki\u015fi Alex Honnold!\u201d \u2014The Climbing Zine Her nesilden b\u00f6ylesi<span class=\"excerpt-hellip\"> [\u2026]<\/span><\/p>\n","protected":false},"featured_media":0,"template":"","meta":{"_monsterinsights_skip_tracking":false,"_monsterinsights_sitenote_active":false,"_monsterinsights_sitenote_note":"","_monsterinsights_sitenote_category":0},"product_brand":[],"product_cat":[14009,12291],"product_tag":[],"class_list":{"0":"post-728161","1":"product","2":"type-product","3":"status-publish","5":"product_cat-biyografi-otobiyografi-edebiyat","6":"product_cat-edebiyat","7":"pa_cilt-ciltsiz","8":"pa_tur-kitap","9":"pa_yayinevi-kronik-kitap","10":"pa_yazar-alex-honnold-david-roberts","12":"first","13":"instock","14":"sale","15":"shipping-taxable","16":"purchasable","17":"product-type-simple"},"_links":{"self":[{"href":"https:\/\/roveyayinevi.com.tr\/index.php\/wp-json\/wp\/v2\/product\/728161","targetHints":{"allow":["GET"]}}],"collection":[{"href":"https:\/\/roveyayinevi.com.tr\/index.php\/wp-json\/wp\/v2\/product"}],"about":[{"href":"https:\/\/roveyayinevi.com.tr\/index.php\/wp-json\/wp\/v2\/types\/product"}],"wp:attachment":[{"href":"https:\/\/roveyayinevi.com.tr\/index.php\/wp-json\/wp\/v2\/media?parent=728161"}],"wp:term":[{"taxonomy":"product_brand","embeddable":true,"href":"https:\/\/roveyayinevi.com.tr\/index.php\/wp-json\/wp\/v2\/product_brand?post=728161"},{"taxonomy":"product_cat","embeddable":true,"href":"https:\/\/roveyayinevi.com.tr\/index.php\/wp-json\/wp\/v2\/product_cat?post=728161"},{"taxonomy":"product_tag","embeddable":true,"href":"https:\/\/roveyayinevi.com.tr\/index.php\/wp-json\/wp\/v2\/product_tag?post=728161"}],"curies":[{"name":"wp","href":"https:\/\/api.w.org\/{rel}","templated":true}]}}