{"id":728160,"date":"2025-08-27T20:34:41","date_gmt":"2025-08-27T17:34:41","guid":{"rendered":"https:\/\/roveyayinevi.com.tr\/index.php\/urun\/davul-atolyesi-3\/"},"modified":"2026-04-16T02:35:54","modified_gmt":"2026-04-15T23:35:54","slug":"davul-atolyesi-3","status":"publish","type":"product","link":"https:\/\/roveyayinevi.com.tr\/index.php\/urun\/davul-atolyesi-3\/","title":{"rendered":"Davul At\u00f6lyesi 3"},"content":{"rendered":"<p>Bu kitapta \u00fc\u00e7leme temelli ritimleri inceleyece\u011fiz. Blues ve jazz g\u00fcn\u00fcm\u00fcz modern m\u00fczi\u011fin \u00e7\u0131k\u0131\u015f noktas\u0131n\u0131 olu\u015ftururlar ve a\u011f\u0131rl\u0131kl\u0131 olarak \u00fc\u00e7leme \u00fczerine kurgulanm\u0131\u015ft\u0131r. Bu \u00fc\u00e7leme duygusu Blues ve Swing\u2019de g\u00f6receli olarak daha belirginken Rock\u2019n Roll ve Shuffle\u2019a yakla\u015ft\u0131k\u00e7a giderek daha gizli bir hale b\u00fcr\u00fcn\u00fcr. Bir \u00e7ok m\u00fczisyenin ve davulcunun \u00f6zellikle de ba\u015flang\u0131\u00e7 a\u015famalar\u0131nda yakalamak istedikleri groove etme duygusu  ve sal\u0131n\u0131m hissi ( swing ) hissi asl\u0131nda tam olarak da budur ve bu duyguyu verebilmenin en iyi yollar\u0131ndan birisi de m\u00fcmk\u00fcnse m\u00fczi\u011fe Blues veya Jazz \u00e7alarak ba\u015flamak veya sonradan da olsa bu tarzlar\u0131 analiz edip \u00f6\u011frenmektir. <\/p>\n","protected":false},"excerpt":{"rendered":"<p>Bu kitapta \u00fc\u00e7leme temelli ritimleri inceleyece\u011fiz. Blues ve jazz g\u00fcn\u00fcm\u00fcz modern m\u00fczi\u011fin \u00e7\u0131k\u0131\u015f noktas\u0131n\u0131 olu\u015ftururlar ve a\u011f\u0131rl\u0131kl\u0131 olarak \u00fc\u00e7leme \u00fczerine kurgulanm\u0131\u015ft\u0131r. Bu \u00fc\u00e7leme duygusu Blues ve<span class=\"excerpt-hellip\"> [\u2026]<\/span><\/p>\n","protected":false},"featured_media":0,"template":"","meta":{"_monsterinsights_skip_tracking":false,"_monsterinsights_sitenote_active":false,"_monsterinsights_sitenote_note":"","_monsterinsights_sitenote_category":0},"product_brand":[],"product_cat":[14556,20810],"product_tag":[],"class_list":{"0":"post-728160","1":"product","2":"type-product","3":"status-publish","5":"product_cat-muzik","6":"product_cat-ogrenim-kitaplari","7":"pa_cilt-ciltsiz","8":"pa_tur-kitap","9":"pa_yayinevi-porte-muzik-egitim-merkezi","10":"pa_yazar-bilge-candan","12":"first","13":"instock","14":"sale","15":"shipping-taxable","16":"purchasable","17":"product-type-simple"},"_links":{"self":[{"href":"https:\/\/roveyayinevi.com.tr\/index.php\/wp-json\/wp\/v2\/product\/728160","targetHints":{"allow":["GET"]}}],"collection":[{"href":"https:\/\/roveyayinevi.com.tr\/index.php\/wp-json\/wp\/v2\/product"}],"about":[{"href":"https:\/\/roveyayinevi.com.tr\/index.php\/wp-json\/wp\/v2\/types\/product"}],"wp:attachment":[{"href":"https:\/\/roveyayinevi.com.tr\/index.php\/wp-json\/wp\/v2\/media?parent=728160"}],"wp:term":[{"taxonomy":"product_brand","embeddable":true,"href":"https:\/\/roveyayinevi.com.tr\/index.php\/wp-json\/wp\/v2\/product_brand?post=728160"},{"taxonomy":"product_cat","embeddable":true,"href":"https:\/\/roveyayinevi.com.tr\/index.php\/wp-json\/wp\/v2\/product_cat?post=728160"},{"taxonomy":"product_tag","embeddable":true,"href":"https:\/\/roveyayinevi.com.tr\/index.php\/wp-json\/wp\/v2\/product_tag?post=728160"}],"curies":[{"name":"wp","href":"https:\/\/api.w.org\/{rel}","templated":true}]}}