{"id":728157,"date":"2025-08-27T20:34:38","date_gmt":"2025-08-27T17:34:38","guid":{"rendered":"https:\/\/roveyayinevi.com.tr\/index.php\/urun\/degisken\/"},"modified":"2026-04-16T02:35:54","modified_gmt":"2026-04-15T23:35:54","slug":"degisken","status":"publish","type":"product","link":"https:\/\/roveyayinevi.com.tr\/index.php\/urun\/degisken\/","title":{"rendered":"De\u011fi\u015fken"},"content":{"rendered":"<p>\u201cKendi d\u00fcnyan\u0131zdan \u00e7ok daha uzakta, farkl\u0131 bir gezegende muhte\u015fem bir ser\u00fcvene \u00e7\u0131kmaya haz\u0131r m\u0131s\u0131n\u0131z? Tabii Hayal g\u00fcc\u00fcn\u00fcz\u00fc de yan\u0131n\u0131za almay\u0131 unutmay\u0131n. Her sayfas\u0131nda  Arda ile birlikte astral bir seyahat ediyormu\u015fsunuz gibi olacaks\u0131n\u0131z. Bu muzip Cad\u0131, ayn\u0131 zamanda farkl\u0131 \u00f6zelliklere sahip ola\u011fan\u00fcst\u00fc bir arkada\u015f, karde\u015f, abi ve sevgili. Leydisi i\u00e7in her \u015feyi yapacak olan cesur sava\u015f\u00e7\u0131 Luka; sevdiklerini, t\u00fcrl\u00fc \u015feytanlardan, vampirlerden ve cad\u0131lardan koruyabilecek mi? &#8220;O De\u011fi\u015fken&#8217;di. O Spiritus&#8217;tu. O Luxeria&#8217;yd\u0131. Bir ad\u0131m daha att\u0131. Sonsuzlu\u011fa. \u00d6l\u00fcme. Sezen&#8217;e Ya\u015fama.\u201d<\/p>\n","protected":false},"excerpt":{"rendered":"<p>\u201cKendi d\u00fcnyan\u0131zdan \u00e7ok daha uzakta, farkl\u0131 bir gezegende muhte\u015fem bir ser\u00fcvene \u00e7\u0131kmaya haz\u0131r m\u0131s\u0131n\u0131z? Tabii Hayal g\u00fcc\u00fcn\u00fcz\u00fc de yan\u0131n\u0131za almay\u0131 unutmay\u0131n. Her sayfas\u0131nda Arda ile birlikte<span class=\"excerpt-hellip\"> [\u2026]<\/span><\/p>\n","protected":false},"featured_media":0,"template":"","meta":{"_monsterinsights_skip_tracking":false,"_monsterinsights_sitenote_active":false,"_monsterinsights_sitenote_note":"","_monsterinsights_sitenote_category":0},"product_brand":[],"product_cat":[12291,14777],"product_tag":[],"class_list":{"0":"post-728157","1":"product","2":"type-product","3":"status-publish","5":"product_cat-edebiyat","6":"product_cat-fantastik","7":"pa_cilt-ciltsiz","8":"pa_tur-kitap","9":"pa_yayinevi-elpis-yayinlari","10":"pa_yazar-abdullah-karakecili","12":"first","13":"instock","14":"sale","15":"shipping-taxable","16":"purchasable","17":"product-type-simple"},"_links":{"self":[{"href":"https:\/\/roveyayinevi.com.tr\/index.php\/wp-json\/wp\/v2\/product\/728157","targetHints":{"allow":["GET"]}}],"collection":[{"href":"https:\/\/roveyayinevi.com.tr\/index.php\/wp-json\/wp\/v2\/product"}],"about":[{"href":"https:\/\/roveyayinevi.com.tr\/index.php\/wp-json\/wp\/v2\/types\/product"}],"wp:attachment":[{"href":"https:\/\/roveyayinevi.com.tr\/index.php\/wp-json\/wp\/v2\/media?parent=728157"}],"wp:term":[{"taxonomy":"product_brand","embeddable":true,"href":"https:\/\/roveyayinevi.com.tr\/index.php\/wp-json\/wp\/v2\/product_brand?post=728157"},{"taxonomy":"product_cat","embeddable":true,"href":"https:\/\/roveyayinevi.com.tr\/index.php\/wp-json\/wp\/v2\/product_cat?post=728157"},{"taxonomy":"product_tag","embeddable":true,"href":"https:\/\/roveyayinevi.com.tr\/index.php\/wp-json\/wp\/v2\/product_tag?post=728157"}],"curies":[{"name":"wp","href":"https:\/\/api.w.org\/{rel}","templated":true}]}}