{"id":728156,"date":"2025-08-27T20:34:37","date_gmt":"2025-08-27T17:34:37","guid":{"rendered":"https:\/\/roveyayinevi.com.tr\/index.php\/urun\/dervisin-sema-defteri\/"},"modified":"2026-04-16T02:35:54","modified_gmt":"2026-04-15T23:35:54","slug":"dervisin-sema-defteri","status":"publish","type":"product","link":"https:\/\/roveyayinevi.com.tr\/index.php\/urun\/dervisin-sema-defteri\/","title":{"rendered":"Dervi\u015fin Sema Defteri"},"content":{"rendered":"<p>Tasavvuf, \u201ch\u00e2l\u201d ilmidir. Dervi\u015ften, deneyimledi\u011fi \u201ch\u00e2lleri\u201d, okuyabildi\u011fi \u00f6l\u00e7\u00fcde, ba\u015fka bir deyi\u015fle, varm\u0131\u015f oldu\u011fu menzillerdeki idraki ve irfan\u0131 nispetinde bir deftere not etmesi istenir. Acaba baz\u0131 \u201c\u015feyleri\u201d ya\u015farken kavrayabilmi\u015f midir diye\u2026 Dervi\u015fin Saf\u00e2\/Seyir\/Sem\u00e2 Defteri bu \u00e7er\u00e7evede m\u00fctalaa edilmesi gereken bir s\u00fbf\u00ee \u00fc\u00e7lemesidir. \u00dc\u00e7lemenin son kitab\u0131 Dervi\u015fin Sem\u00e2 Defteri sem\u00e2zen bir dervi\u015fin, sem\u00e2\u2019\u0131n \u00f6z\u00fcn\u00fc yakalama tecr\u00fcbesinin notlar\u0131n\u0131 i\u00e7ermektedir. Sem\u00e2, Hz. Mevl\u00e2n\u00e2\u2019n\u0131n tasavvufa yakla\u015f\u0131m\u0131n\u0131n \u00f6z\u00fc, rumuzu ve s\u0131rr\u0131; simgelerle canland\u0131r\u0131l\u0131\u015f\u0131, ya\u015fat\u0131l\u0131\u015f\u0131 ve sergileni\u015fidir. Ba\u015fka bir deyi\u015fle sem\u00e2, i\u00e7erdi\u011fi anlamlar itibar\u0131yla Hz. Pir\u2019in tasavvuf \u00f6\u011fretisinin ta kendisidir! Bu kitap, sem\u00e2\u2019n\u0131n, Hz. Mevl\u00e2n\u00e2\u2019n\u0131n Divan-\u0131 Kebir\u2019inden hareketle sem\u00e2zenin ki\u015fisel deneyimleriyle harmanlanarak i\u015fleni\u015fine \u015fahitlik etmektedir. \u201cDinle\u201dyin Dervi\u015f-i Zamane\u2019yi; neyin, kimin \u00f6yk\u00fcs\u00fcn\u00fc i\u015flemi\u015f bu defterlere, bakal\u0131m. <\/p>\n","protected":false},"excerpt":{"rendered":"<p>Tasavvuf, \u201ch\u00e2l\u201d ilmidir. Dervi\u015ften, deneyimledi\u011fi \u201ch\u00e2lleri\u201d, okuyabildi\u011fi \u00f6l\u00e7\u00fcde, ba\u015fka bir deyi\u015fle, varm\u0131\u015f oldu\u011fu menzillerdeki idraki ve irfan\u0131 nispetinde bir deftere not etmesi istenir. Acaba baz\u0131 \u201c\u015feyleri\u201d<span class=\"excerpt-hellip\"> [\u2026]<\/span><\/p>\n","protected":false},"featured_media":0,"template":"","meta":{"_monsterinsights_skip_tracking":false,"_monsterinsights_sitenote_active":false,"_monsterinsights_sitenote_note":"","_monsterinsights_sitenote_category":0},"product_brand":[],"product_cat":[12777,12291],"product_tag":[],"class_list":{"0":"post-728156","1":"product","2":"type-product","3":"status-publish","5":"product_cat-deneme","6":"product_cat-edebiyat","7":"pa_cilt-ciltsiz","8":"pa_tur-kitap","9":"pa_yayinevi-turkuvaz-kitap","10":"pa_yazar-mim-kemal-oke","12":"first","13":"instock","14":"sale","15":"shipping-taxable","16":"purchasable","17":"product-type-simple"},"_links":{"self":[{"href":"https:\/\/roveyayinevi.com.tr\/index.php\/wp-json\/wp\/v2\/product\/728156","targetHints":{"allow":["GET"]}}],"collection":[{"href":"https:\/\/roveyayinevi.com.tr\/index.php\/wp-json\/wp\/v2\/product"}],"about":[{"href":"https:\/\/roveyayinevi.com.tr\/index.php\/wp-json\/wp\/v2\/types\/product"}],"wp:attachment":[{"href":"https:\/\/roveyayinevi.com.tr\/index.php\/wp-json\/wp\/v2\/media?parent=728156"}],"wp:term":[{"taxonomy":"product_brand","embeddable":true,"href":"https:\/\/roveyayinevi.com.tr\/index.php\/wp-json\/wp\/v2\/product_brand?post=728156"},{"taxonomy":"product_cat","embeddable":true,"href":"https:\/\/roveyayinevi.com.tr\/index.php\/wp-json\/wp\/v2\/product_cat?post=728156"},{"taxonomy":"product_tag","embeddable":true,"href":"https:\/\/roveyayinevi.com.tr\/index.php\/wp-json\/wp\/v2\/product_tag?post=728156"}],"curies":[{"name":"wp","href":"https:\/\/api.w.org\/{rel}","templated":true}]}}