{"id":728154,"date":"2025-08-27T20:34:35","date_gmt":"2025-08-27T17:34:35","guid":{"rendered":"https:\/\/roveyayinevi.com.tr\/index.php\/urun\/uygarligin-ayak-izleri-krallar-ve-tanrilar\/"},"modified":"2026-04-16T02:35:54","modified_gmt":"2026-04-15T23:35:54","slug":"uygarligin-ayak-izleri-krallar-ve-tanrilar","status":"publish","type":"product","link":"https:\/\/roveyayinevi.com.tr\/index.php\/urun\/uygarligin-ayak-izleri-krallar-ve-tanrilar\/","title":{"rendered":"Uygarl\u0131\u011f\u0131n Ayak \u0130zleri &#8211; Krallar Ve Tanr\u0131lar"},"content":{"rendered":"<p>D\u00fcnyada say\u0131s\u0131z medeniyet \u00f6nce t\u00fcm ihti\u015fam\u0131yla varl\u0131k buldu, sonra da yok oldu. Hepsi tarih yazd\u0131, fetihleri ve zaferleriyle \u00f6v\u00fcnd\u00fcler. Ne var ki edindikleri t\u00fcm ba\u015far\u0131mlar birer birer o g\u00fcnk\u00fc anlam\u0131n\u0131 yitirdi, takvimden eksilen her yaprak unutulu\u015fun buruk an\u0131s\u0131na d\u00f6n\u00fc\u015ft\u00fc&#8230; Tabii zaman\u0131 dize getirip insano\u011flunu gizemleri, mitleri ya da an\u0131tsal yap\u0131lar\u0131yla h\u00e2l\u00e2 b\u00fcy\u00fcleyenler d\u0131\u015f\u0131nda! Celil Sad\u0131k, Uygarl\u0131\u011f\u0131n Ayak \u0130zleri serisinin ikinci kitab\u0131nda, kum saatinin ak\u0131\u015f\u0131n\u0131 dondurarak tarihi birka\u00e7 bin y\u0131l geriye sar\u0131yor; sanat dallar\u0131n\u0131n konu etmekten asla vazge\u00e7medi\u011fi, mitler ve masallardan yap\u0131lma bir labirenti ad\u0131ml\u0131yor. \u0130lk kitab\u0131ndan a\u015fina oldu\u011fumuz romans\u0131 diliyle M\u0131s\u0131r\u2019\u0131n alt\u0131n kumlar\u0131 aras\u0131na gizlenen \u00f6l\u00fcms\u00fcz krallardan, Antik Yunan tanr\u0131lar\u0131n\u0131n \u015fa\u015f\u0131rt\u0131c\u0131 \u00f6yk\u00fclerinden ve as\u0131rlard\u0131r ayakta duran bir kilisenin gizeminden s\u00f6z ederken uygarl\u0131k tarihinin en g\u00f6rkemli yap\u0131tlar\u0131n\u0131 da g\u00f6zler \u00f6n\u00fcne seriyor. Polisiye Kurgunun Matemati\u011fiyle Antik\u00e7a\u011f\u0131n Gizemlerini Bulu\u015fturan Bu Yeni Maceraya Ho\u015f Geldiniz! <\/p>\n","protected":false},"excerpt":{"rendered":"<p>D\u00fcnyada say\u0131s\u0131z medeniyet \u00f6nce t\u00fcm ihti\u015fam\u0131yla varl\u0131k buldu, sonra da yok oldu. Hepsi tarih yazd\u0131, fetihleri ve zaferleriyle \u00f6v\u00fcnd\u00fcler. Ne var ki edindikleri t\u00fcm ba\u015far\u0131mlar birer<span class=\"excerpt-hellip\"> [\u2026]<\/span><\/p>\n","protected":false},"featured_media":0,"template":"","meta":{"_monsterinsights_skip_tracking":false,"_monsterinsights_sitenote_active":false,"_monsterinsights_sitenote_note":"","_monsterinsights_sitenote_category":0},"product_brand":[],"product_cat":[12408,14197],"product_tag":[],"class_list":{"0":"post-728154","1":"product","2":"type-product","3":"status-publish","5":"product_cat-sanat","6":"product_cat-sanat-tarihi","7":"pa_cilt-ciltsiz","8":"pa_tur-kitap","9":"pa_yayinevi-epsilon-yayinlari","10":"pa_yazar-celil-sadik","12":"first","13":"instock","14":"sale","15":"shipping-taxable","16":"purchasable","17":"product-type-simple"},"_links":{"self":[{"href":"https:\/\/roveyayinevi.com.tr\/index.php\/wp-json\/wp\/v2\/product\/728154","targetHints":{"allow":["GET"]}}],"collection":[{"href":"https:\/\/roveyayinevi.com.tr\/index.php\/wp-json\/wp\/v2\/product"}],"about":[{"href":"https:\/\/roveyayinevi.com.tr\/index.php\/wp-json\/wp\/v2\/types\/product"}],"wp:attachment":[{"href":"https:\/\/roveyayinevi.com.tr\/index.php\/wp-json\/wp\/v2\/media?parent=728154"}],"wp:term":[{"taxonomy":"product_brand","embeddable":true,"href":"https:\/\/roveyayinevi.com.tr\/index.php\/wp-json\/wp\/v2\/product_brand?post=728154"},{"taxonomy":"product_cat","embeddable":true,"href":"https:\/\/roveyayinevi.com.tr\/index.php\/wp-json\/wp\/v2\/product_cat?post=728154"},{"taxonomy":"product_tag","embeddable":true,"href":"https:\/\/roveyayinevi.com.tr\/index.php\/wp-json\/wp\/v2\/product_tag?post=728154"}],"curies":[{"name":"wp","href":"https:\/\/api.w.org\/{rel}","templated":true}]}}