{"id":728153,"date":"2025-08-27T20:34:34","date_gmt":"2025-08-27T17:34:34","guid":{"rendered":"https:\/\/roveyayinevi.com.tr\/index.php\/urun\/rehine-2\/"},"modified":"2026-04-16T02:35:54","modified_gmt":"2026-04-15T23:35:54","slug":"rehine-2","status":"publish","type":"product","link":"https:\/\/roveyayinevi.com.tr\/index.php\/urun\/rehine-2\/","title":{"rendered":"Rehine"},"content":{"rendered":"<p>Pyongyang, Shenzhen, Burma G\u00fcnl\u00fckleri ve Kud\u00fcs G\u00fcnl\u00fckleri\u2019nin \u00e7izerinden&#8230; Rehine olmak, hapiste olmaktan k\u00f6t\u00fc. Hapishanedeyken neden hapsoldu\u011funu bilirsin. Do\u011fru ya da yanl\u0131\u015f, en az\u0131ndan bir sebep vard\u0131r. Hapishanedeyken \u00e7\u0131kaca\u011f\u0131n g\u00fcn\u00fc, tam tarihi bilirsin. B\u00f6ylece ne kadar bekleyece\u011fini hesaplayabilirsin. Ama burada, ne zaman bitece\u011fini bilmeden, sadece ne kadar ge\u00e7ti\u011fini hesap edebilirsin&#8230; 1997 y\u0131l\u0131nda, Kafkasya\u2019daki S\u0131n\u0131r Tan\u0131mayan Doktorlar\u2019\u0131n sorumlusu olan Christophe Andr\u00e9\u2019nin hayat\u0131, gecenin bir yar\u0131s\u0131 kafas\u0131na \u00e7uval ge\u00e7irilip bilinmez bir yere ka\u00e7\u0131r\u0131l\u0131nca alt\u00fcst oldu. Usta \u00e7izgiromanc\u0131 Guy Delisle, onunla y\u0131llar sonra bir araya geldi ve 111 g\u00fcn s\u00fcren bu cehennem gibi ka\u00e7\u0131r\u0131lma \u00f6yk\u00fcs\u00fcn\u00fc kaydetti. \u00d6zg\u00fcrl\u00fck umutlar\u0131n\u0131n tamamen kayboldu\u011fu bir anda, bir rehinenin akl\u0131ndan neler ge\u00e7er? Pyongyang, Shenzhen, Burma G\u00fcnl\u00fckleri ve Kud\u00fcs G\u00fcnl\u00fckleri gibi nitelikli eserlerin sahibi, bu \u00e7arp\u0131c\u0131 hik\u00e2yeyi e\u015fsiz bir dille anlat\u0131yor. <\/p>\n","protected":false},"excerpt":{"rendered":"<p>Pyongyang, Shenzhen, Burma G\u00fcnl\u00fckleri ve Kud\u00fcs G\u00fcnl\u00fckleri\u2019nin \u00e7izerinden&#8230; Rehine olmak, hapiste olmaktan k\u00f6t\u00fc. Hapishanedeyken neden hapsoldu\u011funu bilirsin. Do\u011fru ya da yanl\u0131\u015f, en az\u0131ndan bir sebep vard\u0131r.<span class=\"excerpt-hellip\"> [\u2026]<\/span><\/p>\n","protected":false},"featured_media":0,"template":"","meta":{"_monsterinsights_skip_tracking":false,"_monsterinsights_sitenote_active":false,"_monsterinsights_sitenote_note":"","_monsterinsights_sitenote_category":0},"product_brand":[],"product_cat":[12416,12291],"product_tag":[],"class_list":{"0":"post-728153","1":"product","2":"type-product","3":"status-publish","5":"product_cat-cizgi-roman","6":"product_cat-edebiyat","7":"pa_cilt-ciltsiz","8":"pa_tur-kitap","9":"pa_yayinevi-kara-karga-yayinlari","10":"pa_yazar-guy-delisle","12":"first","13":"instock","14":"sale","15":"shipping-taxable","16":"purchasable","17":"product-type-simple"},"_links":{"self":[{"href":"https:\/\/roveyayinevi.com.tr\/index.php\/wp-json\/wp\/v2\/product\/728153","targetHints":{"allow":["GET"]}}],"collection":[{"href":"https:\/\/roveyayinevi.com.tr\/index.php\/wp-json\/wp\/v2\/product"}],"about":[{"href":"https:\/\/roveyayinevi.com.tr\/index.php\/wp-json\/wp\/v2\/types\/product"}],"wp:attachment":[{"href":"https:\/\/roveyayinevi.com.tr\/index.php\/wp-json\/wp\/v2\/media?parent=728153"}],"wp:term":[{"taxonomy":"product_brand","embeddable":true,"href":"https:\/\/roveyayinevi.com.tr\/index.php\/wp-json\/wp\/v2\/product_brand?post=728153"},{"taxonomy":"product_cat","embeddable":true,"href":"https:\/\/roveyayinevi.com.tr\/index.php\/wp-json\/wp\/v2\/product_cat?post=728153"},{"taxonomy":"product_tag","embeddable":true,"href":"https:\/\/roveyayinevi.com.tr\/index.php\/wp-json\/wp\/v2\/product_tag?post=728153"}],"curies":[{"name":"wp","href":"https:\/\/api.w.org\/{rel}","templated":true}]}}