{"id":728150,"date":"2025-08-27T20:34:32","date_gmt":"2025-08-27T17:34:32","guid":{"rendered":"https:\/\/roveyayinevi.com.tr\/index.php\/urun\/oyunlar-kitabi\/"},"modified":"2026-04-16T02:35:54","modified_gmt":"2026-04-15T23:35:54","slug":"oyunlar-kitabi","status":"publish","type":"product","link":"https:\/\/roveyayinevi.com.tr\/index.php\/urun\/oyunlar-kitabi\/","title":{"rendered":"Oyunlar Kitab\u0131"},"content":{"rendered":"<p>\u201cYa\u015fland\u0131\u011f\u0131m\u0131z i\u00e7in oyun oynamay\u0131 b\u0131rakmay\u0131z, oyun oynamay\u0131 b\u0131rakt\u0131\u011f\u0131m\u0131z i\u00e7in ya\u015flan\u0131r\u0131z.\u201d\u2013 Bernard ShawOyun oynamak, insan\u0131n en do\u011fal halini ortaya koyabilmesini sa\u011flar. En i\u00e7ten, en \u00f6zg\u00fcn ve en sahici anlard\u0131r oyun anlar\u0131&#8230; Dolay\u0131s\u0131yla yarat\u0131c\u0131l\u0131kla ve ilhamla doludur.Oyun, nelere k\u0131zd\u0131\u011f\u0131m\u0131z\u0131, hangi durumlarda heyecanland\u0131\u011f\u0131m\u0131z\u0131, nas\u0131l kolay vazge\u00e7ti\u011fimizi veya ne \u015fekilde direndi\u011fimizi, en basit ve k\u0131sa yolla ortaya koyar. \u00c7\u00fcnk\u00fc oyun an\u0131nda \u00fcst\u00fcm\u00fczde hayat\u0131n filtresi yoktur. Maskelerimiz \u00e7\u0131k\u0131verir. Kendimizi hayat\u0131n ger\u00e7ekli\u011finden al\u0131p oyun d\u00fcnyas\u0131n\u0131n ger\u00e7ekli\u011fine kapt\u0131rarak en \u00e7ocuk halimizle orada var oluruz. Oyunlarda sadece s\u00f6z yoktur.S\u00f6z akl\u0131n i\u015fidir. Oyunlarda bolca eylem vard\u0131r ki eylem en i\u00e7ten gelen ifade bi\u00e7imidir. En kendili\u011finden olan halimiz, en ger\u00e7ek bizdir.Oyunlar Kitab\u0131, evde, i\u015fte, sosyal hayatta, okulda ve do\u011fada ya\u015fam sevincini hissetmeye ve kendinize bakmaya davet ediyor sizi.Psikolog Berrak Artemiz ve Yarat\u0131c\u0131 Drama E\u011fitmeni Suat G\u00fcne\u015f, ki\u015fili\u011finize oyunlar \u00fczerinden ayna tutuyor.\u00c7ocuklu\u011funuzda hissetti\u011finiz co\u015fku dolu anlar\u0131 yeniden deneyimlemeye, oyun yoluyla yepyeni fark\u0131ndal\u0131klar kazanmaya, e\u011flenmeye ve oyunun i\u00e7indeki ya\u015famsal ipu\u00e7lar\u0131n\u0131 ke\u015ffetmeye haz\u0131r m\u0131s\u0131n\u0131z?<\/p>\n","protected":false},"excerpt":{"rendered":"<p>\u201cYa\u015fland\u0131\u011f\u0131m\u0131z i\u00e7in oyun oynamay\u0131 b\u0131rakmay\u0131z, oyun oynamay\u0131 b\u0131rakt\u0131\u011f\u0131m\u0131z i\u00e7in ya\u015flan\u0131r\u0131z.\u201d\u2013 Bernard ShawOyun oynamak, insan\u0131n en do\u011fal halini ortaya koyabilmesini sa\u011flar. En i\u00e7ten, en \u00f6zg\u00fcn ve en<span class=\"excerpt-hellip\"> [\u2026]<\/span><\/p>\n","protected":false},"featured_media":0,"template":"","meta":{"_monsterinsights_skip_tracking":false,"_monsterinsights_sitenote_active":false,"_monsterinsights_sitenote_note":"","_monsterinsights_sitenote_category":0},"product_brand":[],"product_cat":[12364,12376],"product_tag":[],"class_list":{"0":"post-728150","1":"product","2":"type-product","3":"status-publish","5":"product_cat-genel-konular","6":"product_cat-kisisel-gelisim","7":"pa_cilt-ciltsiz","8":"pa_tur-kitap","9":"pa_yayinevi-destek-yayinlari","10":"pa_yazar-berrak-artemiz-cinar-suat-gunes","12":"first","13":"instock","14":"sale","15":"shipping-taxable","16":"purchasable","17":"product-type-simple"},"_links":{"self":[{"href":"https:\/\/roveyayinevi.com.tr\/index.php\/wp-json\/wp\/v2\/product\/728150","targetHints":{"allow":["GET"]}}],"collection":[{"href":"https:\/\/roveyayinevi.com.tr\/index.php\/wp-json\/wp\/v2\/product"}],"about":[{"href":"https:\/\/roveyayinevi.com.tr\/index.php\/wp-json\/wp\/v2\/types\/product"}],"wp:attachment":[{"href":"https:\/\/roveyayinevi.com.tr\/index.php\/wp-json\/wp\/v2\/media?parent=728150"}],"wp:term":[{"taxonomy":"product_brand","embeddable":true,"href":"https:\/\/roveyayinevi.com.tr\/index.php\/wp-json\/wp\/v2\/product_brand?post=728150"},{"taxonomy":"product_cat","embeddable":true,"href":"https:\/\/roveyayinevi.com.tr\/index.php\/wp-json\/wp\/v2\/product_cat?post=728150"},{"taxonomy":"product_tag","embeddable":true,"href":"https:\/\/roveyayinevi.com.tr\/index.php\/wp-json\/wp\/v2\/product_tag?post=728150"}],"curies":[{"name":"wp","href":"https:\/\/api.w.org\/{rel}","templated":true}]}}