{"id":728146,"date":"2025-08-27T20:34:29","date_gmt":"2025-08-27T17:34:29","guid":{"rendered":"https:\/\/roveyayinevi.com.tr\/index.php\/urun\/sosyal-bilimlerde-nicel-veri-analizi-orneklerle-spss-uygulamalari-ve-yorumlamalari\/"},"modified":"2026-04-16T02:35:54","modified_gmt":"2026-04-15T23:35:54","slug":"sosyal-bilimlerde-nicel-veri-analizi-orneklerle-spss-uygulamalari-ve-yorumlamalari","status":"publish","type":"product","link":"https:\/\/roveyayinevi.com.tr\/index.php\/urun\/sosyal-bilimlerde-nicel-veri-analizi-orneklerle-spss-uygulamalari-ve-yorumlamalari\/","title":{"rendered":"Sosyal Bilimlerde Nicel Veri Analizi-\u00d6rneklerle SPSS Uygulamalar\u0131 ve Yorumlamalar\u0131"},"content":{"rendered":"<p>Bu kitap, g\u00fcn\u00fcm\u00fcz d\u00fcnyas\u0131n\u0131n yeni petrol\u00fc olarak g\u00f6r\u00fclen verinin do\u011fru bir \u015fekilde analiz edilerek sonu\u00e7lar\u0131n\u0131n toplumun faydas\u0131na sunulmas\u0131na katk\u0131da bulunmay\u0131 ama\u00e7lamaktad\u0131r. Kitap, d\u00fcz bir istatistik kitab\u0131 olmaktan ziyade teori ile uygulamay\u0131 birle\u015ftirerek ger\u00e7e\u011fe ula\u015fmada bir ara\u00e7 g\u00f6revi \u00fcstlenmektedir. \u00c7al\u0131\u015fma, kapsam\u0131 itibariyle ba\u015fta sosyal bilimler olmak \u00fczere veri analizi ile ilgilenen her seviyedeki ara\u015ft\u0131rmac\u0131 i\u00e7in bir rehber niteli\u011findedir. Nicel ara\u015ft\u0131rmalarda veri analiziyle ilgilenen bitirme tezi, makale, ara\u015ft\u0131rma projeleri gibi \u00e7al\u0131\u015fmalarda s\u0131kl\u0131kla ba\u015fvurulabilecek faydal\u0131 bir kaynak oldu\u011fu rahatl\u0131kla ifade edilebilir. Sonu\u00e7 olarak bu kitap, sistemli bir \u015fekilde veri analizi yapmak isteyen ara\u015ft\u0131rmac\u0131ya, ilk ad\u0131mdan ba\u015flayarak t\u00fcm nicel veri analiz s\u00fcrecinde k\u0131lavuzluk etmektedir.  Bu \u00e7er\u00e7evede, ara\u015ft\u0131rmac\u0131lar\u0131n uygun analiz tekni\u011fini nas\u0131l se\u00e7ecekleri ve verileri analize nas\u0131l haz\u0131rlayacaklar\u0131 ad\u0131m ad\u0131m anlat\u0131lmaktad\u0131r. Ayr\u0131ca kitapta, yayg\u0131n olarak kullan\u0131lan veri analizi y\u00f6ntemlerinin SPSS program\u0131 yard\u0131m\u0131yla nas\u0131l uygulanaca\u011f\u0131 ve istatistiki \u00e7\u0131kt\u0131lar\u0131n\u0131n nas\u0131l yorumlanaca\u011f\u0131 sade ve basit bir dil kullan\u0131larak anlat\u0131lmaya \u00e7al\u0131\u015f\u0131lm\u0131\u015ft\u0131r. Konular\u0131n peki\u015ftirilmesine yard\u0131mc\u0131 olmak amac\u0131yla da her b\u00f6l\u00fcm\u00fcn sonunda \u00f6zet yap\u0131lm\u0131\u015ft\u0131r. Nicel Analizle \u0130lgili Temel Bilgiler Uygun Analiz Tekni\u011finin Se\u00e7imi Verilerin Analize Haz\u0131rlanmas\u0131 Verilerin Betimlenmesi \u0130ki Grup Ortalamas\u0131 Aras\u0131ndaki Fark\u0131n Test Edilmesi Varyans Analizi Korelasyon Analizi Regresyon Analizi Parametrik Olmayan Analiz Y\u00f6ntemleri \u00c7ok De\u011fi\u015fkenli \u0130statistiksel Analiz Fakt\u00f6r Analizi Diskriminant Analizi <\/p>\n","protected":false},"excerpt":{"rendered":"<p>Bu kitap, g\u00fcn\u00fcm\u00fcz d\u00fcnyas\u0131n\u0131n yeni petrol\u00fc olarak g\u00f6r\u00fclen verinin do\u011fru bir \u015fekilde analiz edilerek sonu\u00e7lar\u0131n\u0131n toplumun faydas\u0131na sunulmas\u0131na katk\u0131da bulunmay\u0131 ama\u00e7lamaktad\u0131r. Kitap, d\u00fcz bir istatistik kitab\u0131<span class=\"excerpt-hellip\"> [\u2026]<\/span><\/p>\n","protected":false},"featured_media":0,"template":"","meta":{"_monsterinsights_skip_tracking":false,"_monsterinsights_sitenote_active":false,"_monsterinsights_sitenote_note":"","_monsterinsights_sitenote_category":0},"product_brand":[],"product_cat":[13005,40995],"product_tag":[],"class_list":{"0":"post-728146","1":"product","2":"type-product","3":"status-publish","5":"product_cat-bilim-muhendislik","6":"product_cat-sosyal-bilimler","7":"pa_cilt-ciltsiz","8":"pa_tur-kitap","9":"pa_yayinevi-gazi-kitabevi","10":"pa_yazar-idris-guclu","12":"first","13":"instock","14":"sale","15":"shipping-taxable","16":"purchasable","17":"product-type-simple"},"_links":{"self":[{"href":"https:\/\/roveyayinevi.com.tr\/index.php\/wp-json\/wp\/v2\/product\/728146","targetHints":{"allow":["GET"]}}],"collection":[{"href":"https:\/\/roveyayinevi.com.tr\/index.php\/wp-json\/wp\/v2\/product"}],"about":[{"href":"https:\/\/roveyayinevi.com.tr\/index.php\/wp-json\/wp\/v2\/types\/product"}],"wp:attachment":[{"href":"https:\/\/roveyayinevi.com.tr\/index.php\/wp-json\/wp\/v2\/media?parent=728146"}],"wp:term":[{"taxonomy":"product_brand","embeddable":true,"href":"https:\/\/roveyayinevi.com.tr\/index.php\/wp-json\/wp\/v2\/product_brand?post=728146"},{"taxonomy":"product_cat","embeddable":true,"href":"https:\/\/roveyayinevi.com.tr\/index.php\/wp-json\/wp\/v2\/product_cat?post=728146"},{"taxonomy":"product_tag","embeddable":true,"href":"https:\/\/roveyayinevi.com.tr\/index.php\/wp-json\/wp\/v2\/product_tag?post=728146"}],"curies":[{"name":"wp","href":"https:\/\/api.w.org\/{rel}","templated":true}]}}