{"id":728143,"date":"2025-08-27T20:34:26","date_gmt":"2025-08-27T17:34:26","guid":{"rendered":"https:\/\/roveyayinevi.com.tr\/index.php\/urun\/eko-sosyalist-paradigma\/"},"modified":"2026-04-16T02:35:54","modified_gmt":"2026-04-15T23:35:54","slug":"eko-sosyalist-paradigma","status":"publish","type":"product","link":"https:\/\/roveyayinevi.com.tr\/index.php\/urun\/eko-sosyalist-paradigma\/","title":{"rendered":"Eko-Sosyalist Paradigma"},"content":{"rendered":"<p>\u201cSosyal mahiyetteki sorunlar, ekolojik sorunlardan ayr\u0131 ele al\u0131namaz. Zira, bunlar madalyonun iki y\u00fcz\u00fcd\u00fcr. Bu da sos-yali ekolojikle\u015ftirmeyi, ekolojiyi de sosyalle\u015ftirmeyi gerektirir.\u201d Fikret Ba\u015fkaya, mevcut sistemi \u00e7\u00f6z\u00fcmleyip radikal bir bi\u00e7imde ele\u015ftirdi\u011fi, bunu yaparken de birbiriyle etkile\u015fim i\u00e7indeki sosyal ve ekolojik sorunlara \u00e7\u00f6z\u00fcmler \u00fcretti\u011fi \u00e7al\u0131\u015fmalar\u0131n\u0131n bu son halkas\u0131nda, \u201ceko-sosyalist paradigma\u201dya ve kom\u00fcnizme i\u015faret ediyor. \u00d6nce \u201cKom\u00fcnizmi nas\u0131l bilirsiniz?\u201d diye soruyor Fikret Ba\u015fkaya ve ba\u015fl\u0131yor \u201cm\u00fc\u015fterekler\u201di anlatmaya. \u201c\u00dctopya\u201d, \u201cinsan do\u011fas\u0131\u201d,  \u201cdevletle\u015ftirme\u201d, \u201csosyalle\u015ftirme\u201d, \u201cs\u00f6n\u00fcmlenme\u201d gibi kavram ve tart\u0131\u015fmalar da yan\u0131nda. Ard\u0131ndan s\u0131ra \u201cmodernite, ilerleme ideolojisi ve kapitalizm\u201de geliyor. Yani \u201cekonomik b\u00fcy\u00fcme ve kalk\u0131nma\u201d ile birlikte sistemin s\u0131n\u0131rlar\u0131na geliyor, ihtiya\u00e7lar ile kaynaklar aras\u0131ndaki ili\u015fkinin nas\u0131l kurulmas\u0131 gerekti\u011fine. Bir sonraki ad\u0131mda b\u00fcy\u00fcmenin bir di\u011fer y\u00fcz\u00fc olarak ekolojik y\u0131k\u0131m \u00e7\u0131k\u0131yor kar\u015f\u0131m\u0131za. \u201cMuas\u0131r medeniyetler seviyesi\u201d, \u201cSosyal Avrupa\u201d, \u201cdemokrasi\u201d retori\u011fi, kapitalizm d\u00e2hilinde kalk\u0131nman\u0131n m\u00fcmk\u00fcn olup olmad\u0131\u011f\u0131 ve benzeri konular, Ba\u015fkaya\u2019n\u0131n a\u00e7t\u0131\u011f\u0131 di\u011fer tart\u0131\u015fma ba\u015fl\u0131klar\u0131. \u201cEko-sosyalist paradigma\u201dy\u0131 sunarak bitiriyor \u00e7al\u0131\u015fmas\u0131n\u0131 Ba\u015fkaya. Kapitalizme kar\u015f\u0131, tek bir alanda de\u011fil, ekonomik, sosyal, ekolojik ve etik boyutlar\u0131yla b\u00fct\u00fcnsel bir alternatif geli\u015ftirmenin \u00f6nemini ortaya koyuyor.  Bu ba\u011flamda ekonomik planlama, ekolojik planlama ve demokratik planlama tek tek ve birbiriyle ili\u015fkisi i\u00e7inde ele al\u0131n\u0131rken, en sonda da i\u015f\u00e7i hareketi ile eko-sosyalizm aras\u0131ndaki ili\u015fki ve eko-sosyalist m\u00fccadelenin yeni \u00f6zneleri irdeleniyor.  <\/p>\n","protected":false},"excerpt":{"rendered":"<p>\u201cSosyal mahiyetteki sorunlar, ekolojik sorunlardan ayr\u0131 ele al\u0131namaz. Zira, bunlar madalyonun iki y\u00fcz\u00fcd\u00fcr. Bu da sos-yali ekolojikle\u015ftirmeyi, ekolojiyi de sosyalle\u015ftirmeyi gerektirir.\u201d Fikret Ba\u015fkaya, mevcut sistemi \u00e7\u00f6z\u00fcmleyip<span class=\"excerpt-hellip\"> [\u2026]<\/span><\/p>\n","protected":false},"featured_media":0,"template":"","meta":{"_monsterinsights_skip_tracking":false,"_monsterinsights_sitenote_active":false,"_monsterinsights_sitenote_note":"","_monsterinsights_sitenote_category":0},"product_brand":[],"product_cat":[23323,12364],"product_tag":[],"class_list":{"0":"post-728143","1":"product","2":"type-product","3":"status-publish","5":"product_cat-ekoloji","6":"product_cat-genel-konular","7":"pa_cilt-ciltsiz","8":"pa_tur-kitap","9":"pa_yayinevi-yordam-kitap","10":"pa_yazar-fikret-baskaya","12":"first","13":"instock","14":"sale","15":"shipping-taxable","16":"purchasable","17":"product-type-simple"},"_links":{"self":[{"href":"https:\/\/roveyayinevi.com.tr\/index.php\/wp-json\/wp\/v2\/product\/728143","targetHints":{"allow":["GET"]}}],"collection":[{"href":"https:\/\/roveyayinevi.com.tr\/index.php\/wp-json\/wp\/v2\/product"}],"about":[{"href":"https:\/\/roveyayinevi.com.tr\/index.php\/wp-json\/wp\/v2\/types\/product"}],"wp:attachment":[{"href":"https:\/\/roveyayinevi.com.tr\/index.php\/wp-json\/wp\/v2\/media?parent=728143"}],"wp:term":[{"taxonomy":"product_brand","embeddable":true,"href":"https:\/\/roveyayinevi.com.tr\/index.php\/wp-json\/wp\/v2\/product_brand?post=728143"},{"taxonomy":"product_cat","embeddable":true,"href":"https:\/\/roveyayinevi.com.tr\/index.php\/wp-json\/wp\/v2\/product_cat?post=728143"},{"taxonomy":"product_tag","embeddable":true,"href":"https:\/\/roveyayinevi.com.tr\/index.php\/wp-json\/wp\/v2\/product_tag?post=728143"}],"curies":[{"name":"wp","href":"https:\/\/api.w.org\/{rel}","templated":true}]}}