{"id":728142,"date":"2025-08-27T20:34:25","date_gmt":"2025-08-27T17:34:25","guid":{"rendered":"https:\/\/roveyayinevi.com.tr\/index.php\/urun\/beyaz-sayfa-eslikli-cocuk-sarkilari-cdli\/"},"modified":"2026-04-16T02:35:54","modified_gmt":"2026-04-15T23:35:54","slug":"beyaz-sayfa-eslikli-cocuk-sarkilari-cdli","status":"publish","type":"product","link":"https:\/\/roveyayinevi.com.tr\/index.php\/urun\/beyaz-sayfa-eslikli-cocuk-sarkilari-cdli\/","title":{"rendered":"Beyaz Sayfa &#8211; E\u015flikli \u00c7ocuk \u015eark\u0131lar\u0131 (CD&#8217;li)"},"content":{"rendered":"<p>Bu kitapta, do\u011fa, \u00e7evre, su, bilim, sevgi, bar\u0131\u015f, karde\u015flik, dostluk, ho\u015fg\u00f6r\u00fc, empati, \u00f6\u011fretmen, Atat\u00fcrk, yeni y\u0131l, anne, tatil vb. \u00e7ocuk d\u00fcnyas\u0131na uygun temalarda bestelenmi\u015f, \u015fan ve piyano e\u015flik notalar\u0131 olan 17 \u00e7ocuk \u015fark\u0131s\u0131 yer almaktad\u0131r. Kitab\u0131n beraberindeki MP3 CD\u2019sinde, her \u015fark\u0131ya ait seslendirilmi\u015f vokalli piyano e\u015flikleri ve piyano e\u015flik altyap\u0131lar\u0131, baz\u0131 \u015fark\u0131lar\u0131n vokalli pop\u00fcler d\u00fczenlemeleri ve pop\u00fcler altyap\u0131lar\u0131n\u0131n yer ald\u0131\u011f\u0131 ses dosyalar\u0131 bulunmaktad\u0131r. \u201c\u015e\u0131p \u015e\u0131p\u201d adl\u0131 \u015fark\u0131, 2013 y\u0131l\u0131nda ger\u00e7ekle\u015ftirilen TRT 11. Pop\u00fcler \u00c7ocuk \u015eark\u0131lar\u0131 Yar\u0131\u015fmas\u0131nda mansiyon \u00f6d\u00fcl\u00fcne lay\u0131k bulunmu\u015f ve TRT \u0130zmir \u00c7ocuk Korosu taraf\u0131ndan seslendirilmi\u015ftir. Her ge\u00e7en g\u00fcn kendini yenileyen \u00e7ocuk \u015fark\u0131lar\u0131 ve e\u011fitim m\u00fczi\u011fi da\u011farc\u0131\u011f\u0131na katk\u0131 sunma amac\u0131 ta\u015f\u0131yan \u201cBeyaz Sayfa\u201d E\u015flikli \u00c7ocuk \u015eark\u0131lar\u0131 Kitab\u0131m\u0131z\u0131n; koro m\u00fczi\u011fi, siz de\u011ferli m\u00fczik e\u011fitimcileri, koro \u015fefleri, e\u015flik\u00e7iler, \u00e7ocuklar ve t\u00fcm m\u00fczikseverler i\u00e7in faydal\u0131 olmas\u0131 ve \u015fark\u0131lar\u0131m\u0131z\u0131n sevilerek seslendirilmesi dile\u011fiyle. <\/p>\n","protected":false},"excerpt":{"rendered":"<p>Bu kitapta, do\u011fa, \u00e7evre, su, bilim, sevgi, bar\u0131\u015f, karde\u015flik, dostluk, ho\u015fg\u00f6r\u00fc, empati, \u00f6\u011fretmen, Atat\u00fcrk, yeni y\u0131l, anne, tatil vb. \u00e7ocuk d\u00fcnyas\u0131na uygun temalarda bestelenmi\u015f, \u015fan ve<span class=\"excerpt-hellip\"> [\u2026]<\/span><\/p>\n","protected":false},"featured_media":0,"template":"","meta":{"_monsterinsights_skip_tracking":false,"_monsterinsights_sitenote_active":false,"_monsterinsights_sitenote_note":"","_monsterinsights_sitenote_category":0},"product_brand":[],"product_cat":[12274,12649],"product_tag":[],"class_list":{"0":"post-728142","1":"product","2":"type-product","3":"status-publish","5":"product_cat-cocuk-ve-genclik-kitaplari","6":"product_cat-hobi-muzik","7":"pa_cilt-ciltsiz","8":"pa_tur-kitap","9":"pa_yayinevi-muzik-egitimi-yayinlari","10":"pa_yazar-meral-yigit-helalpara","12":"first","13":"instock","14":"sale","15":"shipping-taxable","16":"purchasable","17":"product-type-simple"},"_links":{"self":[{"href":"https:\/\/roveyayinevi.com.tr\/index.php\/wp-json\/wp\/v2\/product\/728142","targetHints":{"allow":["GET"]}}],"collection":[{"href":"https:\/\/roveyayinevi.com.tr\/index.php\/wp-json\/wp\/v2\/product"}],"about":[{"href":"https:\/\/roveyayinevi.com.tr\/index.php\/wp-json\/wp\/v2\/types\/product"}],"wp:attachment":[{"href":"https:\/\/roveyayinevi.com.tr\/index.php\/wp-json\/wp\/v2\/media?parent=728142"}],"wp:term":[{"taxonomy":"product_brand","embeddable":true,"href":"https:\/\/roveyayinevi.com.tr\/index.php\/wp-json\/wp\/v2\/product_brand?post=728142"},{"taxonomy":"product_cat","embeddable":true,"href":"https:\/\/roveyayinevi.com.tr\/index.php\/wp-json\/wp\/v2\/product_cat?post=728142"},{"taxonomy":"product_tag","embeddable":true,"href":"https:\/\/roveyayinevi.com.tr\/index.php\/wp-json\/wp\/v2\/product_tag?post=728142"}],"curies":[{"name":"wp","href":"https:\/\/api.w.org\/{rel}","templated":true}]}}