{"id":728140,"date":"2025-08-27T20:34:24","date_gmt":"2025-08-27T17:34:24","guid":{"rendered":"https:\/\/roveyayinevi.com.tr\/index.php\/urun\/loka-mata-seneye-yine-gel\/"},"modified":"2026-04-16T02:35:54","modified_gmt":"2026-04-15T23:35:54","slug":"loka-mata-seneye-yine-gel","status":"publish","type":"product","link":"https:\/\/roveyayinevi.com.tr\/index.php\/urun\/loka-mata-seneye-yine-gel\/","title":{"rendered":"Loka Mata Seneye Yine Gel"},"content":{"rendered":"<p>Bu kitap, bir kad\u0131n\u0131n fantezi ve ger\u00e7eklik aras\u0131nda olu\u015fturdu\u011fu kuvvetli ba\u011f ile hayatta kalma m\u00fccadelesini anlat\u0131yor. \u201cFantezi de ger\u00e7eklik kadar yo\u011fun ve eski,\u201d der Ursula K. Le Guin. Sahi, fantezi olmasayd\u0131 ger\u00e7ekli\u011fin bir anlam\u0131 olur muydu? Suyun ortas\u0131nda bir Frig tas\u0131\u2026 Tas\u0131n i\u00e7inde ben\u2026 Bir o yana, bir bu yana savruluyoruz. Sudan buharlar y\u00fckseliyor. Hava s\u0131cak, \u00e7ok s\u0131cak\u2026 Bir yandan da korkun\u00e7 bir ya\u011fmur ya\u011f\u0131yor. G\u00fc\u00e7l\u00fckle tas\u0131n kenar\u0131na tutunup etrafa bak\u0131n\u0131yorum. Buras\u0131 deniz mi? Sular g\u00f6zlerime, a\u011fz\u0131ma giriyor. Yer g\u00f6k birbirine kar\u0131\u015fm\u0131\u015f. Etraf\u0131mda h\u0131\u015f\u0131rt\u0131ya benzer konu\u015fmalar\u2026 \u201cKorkma, ba\u015flang\u0131\u00e7ta da sadece su vard\u0131,\u201d diyor upuzun, simsiyah sa\u00e7l\u0131, gencecik bir kad\u0131n. Bir su perisi gibi s\u00fcz\u00fclerek geliyor ve elimden tutup yan\u0131na \u00e7ekiyor beni. Birileri \u00fcst\u00fcm\u00fcze turuncu renkli \u00e7i\u00e7ekler f\u0131rlat\u0131yor. \u201cSeneye yine gel, seneye yine gel,\u201d diye ba\u011f\u0131r\u0131yorlar hep birden. Dedemi g\u00f6r\u00fcyorum sonra. \u201cBirer katreyiz her birimiz, ummana kavu\u015fmay\u0131 bekleyen. O, her \u015feyin tek kayna\u011f\u0131 ve t\u00fcm varl\u0131klar\u0131n son dura\u011f\u0131d\u0131r,\u201d diyor g\u00fcl\u00fcmseyerek. Tam o anda, arkada b\u0131rakt\u0131\u011f\u0131m onca insan aras\u0131nda annemi g\u00f6r\u00fcr gibi oluyorum. Y\u00fcz\u00fcne kazara bir \u0131\u015f\u0131k vurmu\u015f gibi g\u00f6zlerini k\u0131rp\u0131\u015ft\u0131r\u0131yor. G\u00fclerek el sall\u0131yor bana. \u0130\u00e7imi bir huzur kapl\u0131yor. Ya\u011fmura ve beynimi delen seslere ald\u0131rmadan derinlere dal\u0131yor ve ana karn\u0131ndaki bir bebek gibi b\u00fcz\u00fcl\u00fcp yeni bir hayata do\u011fmak i\u00e7in bekliyorum<\/p>\n","protected":false},"excerpt":{"rendered":"<p>Bu kitap, bir kad\u0131n\u0131n fantezi ve ger\u00e7eklik aras\u0131nda olu\u015fturdu\u011fu kuvvetli ba\u011f ile hayatta kalma m\u00fccadelesini anlat\u0131yor. \u201cFantezi de ger\u00e7eklik kadar yo\u011fun ve eski,\u201d der Ursula K.<span class=\"excerpt-hellip\"> [\u2026]<\/span><\/p>\n","protected":false},"featured_media":0,"template":"","meta":{"_monsterinsights_skip_tracking":false,"_monsterinsights_sitenote_active":false,"_monsterinsights_sitenote_note":"","_monsterinsights_sitenote_category":0},"product_brand":[],"product_cat":[12291,12711],"product_tag":[],"class_list":{"0":"post-728140","1":"product","2":"type-product","3":"status-publish","5":"product_cat-edebiyat","6":"product_cat-roman-oyku","7":"pa_cilt-ciltsiz","8":"pa_tur-kitap","9":"pa_yayinevi-luna-yayinlari","10":"pa_yazar-handan-haktanir","12":"first","13":"instock","14":"sale","15":"shipping-taxable","16":"purchasable","17":"product-type-simple"},"_links":{"self":[{"href":"https:\/\/roveyayinevi.com.tr\/index.php\/wp-json\/wp\/v2\/product\/728140","targetHints":{"allow":["GET"]}}],"collection":[{"href":"https:\/\/roveyayinevi.com.tr\/index.php\/wp-json\/wp\/v2\/product"}],"about":[{"href":"https:\/\/roveyayinevi.com.tr\/index.php\/wp-json\/wp\/v2\/types\/product"}],"wp:attachment":[{"href":"https:\/\/roveyayinevi.com.tr\/index.php\/wp-json\/wp\/v2\/media?parent=728140"}],"wp:term":[{"taxonomy":"product_brand","embeddable":true,"href":"https:\/\/roveyayinevi.com.tr\/index.php\/wp-json\/wp\/v2\/product_brand?post=728140"},{"taxonomy":"product_cat","embeddable":true,"href":"https:\/\/roveyayinevi.com.tr\/index.php\/wp-json\/wp\/v2\/product_cat?post=728140"},{"taxonomy":"product_tag","embeddable":true,"href":"https:\/\/roveyayinevi.com.tr\/index.php\/wp-json\/wp\/v2\/product_tag?post=728140"}],"curies":[{"name":"wp","href":"https:\/\/api.w.org\/{rel}","templated":true}]}}