{"id":728139,"date":"2025-08-27T20:34:23","date_gmt":"2025-08-27T17:34:23","guid":{"rendered":"https:\/\/roveyayinevi.com.tr\/index.php\/urun\/ideler-ve-tanri\/"},"modified":"2026-04-16T02:35:54","modified_gmt":"2026-04-15T23:35:54","slug":"ideler-ve-tanri","status":"publish","type":"product","link":"https:\/\/roveyayinevi.com.tr\/index.php\/urun\/ideler-ve-tanri\/","title":{"rendered":"\u0130deler ve Tanr\u0131"},"content":{"rendered":"<p>John Locke, George Berkeley, David Hume ve Immanuel Kant ayn\u0131 metafizik sorular\u0131n pe\u015finden gitmi\u015f ve bu sorulara bazen benzer, bazen de apayr\u0131 cevaplar vermi\u015flerdir. Bu kitapta hem bu sorular\u0131n do\u011fas\u0131 hem de bu d\u00f6rt b\u00fcy\u00fck filozofun cevaplar\u0131 ve ayn\u0131 zamanda aralar\u0131ndaki ba\u011flant\u0131lar g\u00f6z \u00f6n\u00fcne serilmi\u015ftir. Var olan \u015feyler nelerdir? Cisimler var m\u0131d\u0131r? \u0130nsan zihni nas\u0131l ve neyi bilebilir? Nedir filozoflar\u0131n bahsetti\u011fi t\u00f6z denen \u015fey? Nelere t\u00f6z diyebiliriz? \u00dcnl\u00fc nedensellik sorunu nedir? Bir empirist nas\u0131l idealist olur? Transendental felsefe nereden \u00e7\u0131km\u0131\u015ft\u0131r ve ne demektir? Bu kitap, 18. y\u00fczy\u0131l \u00f6zelinde bu ve bunun gibi sorular\u0131 ve cevaplar\u0131n\u0131 merak eden, d\u00fc\u015f\u00fcnceleri sab\u0131rla takip etmeye kararl\u0131 t\u00fcm okuyuculara hitap etmektedir. <\/p>\n","protected":false},"excerpt":{"rendered":"<p>John Locke, George Berkeley, David Hume ve Immanuel Kant ayn\u0131 metafizik sorular\u0131n pe\u015finden gitmi\u015f ve bu sorulara bazen benzer, bazen de apayr\u0131 cevaplar vermi\u015flerdir. Bu kitapta<span class=\"excerpt-hellip\"> [\u2026]<\/span><\/p>\n","protected":false},"featured_media":0,"template":"","meta":{"_monsterinsights_skip_tracking":false,"_monsterinsights_sitenote_active":false,"_monsterinsights_sitenote_note":"","_monsterinsights_sitenote_category":0},"product_brand":[],"product_cat":[20351,12388],"product_tag":[],"class_list":{"0":"post-728139","1":"product","2":"type-product","3":"status-publish","5":"product_cat-dusunce","6":"product_cat-felsefe","7":"pa_cilt-ciltsiz","8":"pa_tur-kitap","9":"pa_yayinevi-say-yayinlari","10":"pa_yazar-deniz-soysal","12":"first","13":"instock","14":"sale","15":"shipping-taxable","16":"purchasable","17":"product-type-simple"},"_links":{"self":[{"href":"https:\/\/roveyayinevi.com.tr\/index.php\/wp-json\/wp\/v2\/product\/728139","targetHints":{"allow":["GET"]}}],"collection":[{"href":"https:\/\/roveyayinevi.com.tr\/index.php\/wp-json\/wp\/v2\/product"}],"about":[{"href":"https:\/\/roveyayinevi.com.tr\/index.php\/wp-json\/wp\/v2\/types\/product"}],"wp:attachment":[{"href":"https:\/\/roveyayinevi.com.tr\/index.php\/wp-json\/wp\/v2\/media?parent=728139"}],"wp:term":[{"taxonomy":"product_brand","embeddable":true,"href":"https:\/\/roveyayinevi.com.tr\/index.php\/wp-json\/wp\/v2\/product_brand?post=728139"},{"taxonomy":"product_cat","embeddable":true,"href":"https:\/\/roveyayinevi.com.tr\/index.php\/wp-json\/wp\/v2\/product_cat?post=728139"},{"taxonomy":"product_tag","embeddable":true,"href":"https:\/\/roveyayinevi.com.tr\/index.php\/wp-json\/wp\/v2\/product_tag?post=728139"}],"curies":[{"name":"wp","href":"https:\/\/api.w.org\/{rel}","templated":true}]}}