{"id":728138,"date":"2025-08-27T20:34:22","date_gmt":"2025-08-27T17:34:22","guid":{"rendered":"https:\/\/roveyayinevi.com.tr\/index.php\/urun\/genlerimizin-yolculugu\/"},"modified":"2026-04-16T02:35:54","modified_gmt":"2026-04-15T23:35:54","slug":"genlerimizin-yolculugu","status":"publish","type":"product","link":"https:\/\/roveyayinevi.com.tr\/index.php\/urun\/genlerimizin-yolculugu\/","title":{"rendered":"Genlerimizin Yolculu\u011fu"},"content":{"rendered":"<p>Atalar\u0131m\u0131z\u0131n kemikleri \u00fczerinde yap\u0131lan DNA analizleri ge\u00e7mi\u015fe \u0131\u015f\u0131k tutuyor. G\u00f6\u00e7 ve pandemi bug\u00fcn d\u00fcnyay\u0131 sars\u0131yor. Genlerimizin Yolculu\u011fu\u2019ndan g\u00f6\u00e7 ve pandeminin insanl\u0131k tarihi kadar eski ve birbirleriyle ili\u015fkili oldu\u011funu \u00f6\u011freniyoruz. G\u00f6\u00e7 eden halklar beraberlerinde yeni genler, yeni diller, yeni teknolojiler ve yeni salg\u0131nlar getiriyor. G\u00f6\u00e7 alan b\u00f6lgelerin halklar\u0131 bu yeni konuklardan \u00e7ok etkileniyor. Yazarlar Krause ve Trappe\u2019ye g\u00f6re pandemiler de g\u00f6\u00e7lerle birlikte devam edecek, bu olaylar \u0131rk\u00e7\u0131l\u0131k ve milliyet\u00e7ilik gibi teorik yap\u0131lar\u0131 zorlay\u0131p a\u015f\u0131nd\u0131racak, a\u015f\u0131nan ve zorlanan teorilerin savunucular\u0131 da gitgide sald\u0131rganla\u015facak. Genlerimizin Yolculu\u011fu eski teorileri ve yeni bulgular\u0131 yeni arkeogenetik biliminin merce\u011fi alt\u0131na alarak ge\u00e7mi\u015fe, bug\u00fcne ve gelece\u011fe dair bize g\u00fcncel bir bak\u0131\u015f a\u00e7\u0131s\u0131 sunuyor. \u201cPek az kitap sadece 200 k\u00fcsur sayfada bu kadar \u00e7ok ve yepyeni bilgiler verebilir.\u201d \u2014 Burkhard M\u00fcller, S\u00fcddeutsche Zeitung <\/p>\n","protected":false},"excerpt":{"rendered":"<p>Atalar\u0131m\u0131z\u0131n kemikleri \u00fczerinde yap\u0131lan DNA analizleri ge\u00e7mi\u015fe \u0131\u015f\u0131k tutuyor. G\u00f6\u00e7 ve pandemi bug\u00fcn d\u00fcnyay\u0131 sars\u0131yor. Genlerimizin Yolculu\u011fu\u2019ndan g\u00f6\u00e7 ve pandeminin insanl\u0131k tarihi kadar eski ve birbirleriyle<span class=\"excerpt-hellip\"> [\u2026]<\/span><\/p>\n","protected":false},"featured_media":0,"template":"","meta":{"_monsterinsights_skip_tracking":false,"_monsterinsights_sitenote_active":false,"_monsterinsights_sitenote_note":"","_monsterinsights_sitenote_category":0},"product_brand":[],"product_cat":[13005,13006],"product_tag":[],"class_list":{"0":"post-728138","1":"product","2":"type-product","3":"status-publish","5":"product_cat-bilim-muhendislik","6":"product_cat-populer-bilim","7":"pa_cilt-ciltsiz","8":"pa_tur-kitap","9":"pa_yayinevi-say-yayinlari","10":"pa_yazar-johannes-krause-thomas-trappe","12":"first","13":"instock","14":"sale","15":"shipping-taxable","16":"purchasable","17":"product-type-simple"},"_links":{"self":[{"href":"https:\/\/roveyayinevi.com.tr\/index.php\/wp-json\/wp\/v2\/product\/728138","targetHints":{"allow":["GET"]}}],"collection":[{"href":"https:\/\/roveyayinevi.com.tr\/index.php\/wp-json\/wp\/v2\/product"}],"about":[{"href":"https:\/\/roveyayinevi.com.tr\/index.php\/wp-json\/wp\/v2\/types\/product"}],"wp:attachment":[{"href":"https:\/\/roveyayinevi.com.tr\/index.php\/wp-json\/wp\/v2\/media?parent=728138"}],"wp:term":[{"taxonomy":"product_brand","embeddable":true,"href":"https:\/\/roveyayinevi.com.tr\/index.php\/wp-json\/wp\/v2\/product_brand?post=728138"},{"taxonomy":"product_cat","embeddable":true,"href":"https:\/\/roveyayinevi.com.tr\/index.php\/wp-json\/wp\/v2\/product_cat?post=728138"},{"taxonomy":"product_tag","embeddable":true,"href":"https:\/\/roveyayinevi.com.tr\/index.php\/wp-json\/wp\/v2\/product_tag?post=728138"}],"curies":[{"name":"wp","href":"https:\/\/api.w.org\/{rel}","templated":true}]}}