{"id":728136,"date":"2025-08-27T20:34:21","date_gmt":"2025-08-27T17:34:21","guid":{"rendered":"https:\/\/roveyayinevi.com.tr\/index.php\/urun\/makro-ekonomik-gostergeler-uzerine-ampirik-calismalar\/"},"modified":"2026-04-16T02:35:54","modified_gmt":"2026-04-15T23:35:54","slug":"makro-ekonomik-gostergeler-uzerine-ampirik-calismalar","status":"publish","type":"product","link":"https:\/\/roveyayinevi.com.tr\/index.php\/urun\/makro-ekonomik-gostergeler-uzerine-ampirik-calismalar\/","title":{"rendered":"Makro Ekonomik G\u00f6stergeler \u00dczerine Ampirik \u00c7al\u0131\u015fmalar"},"content":{"rendered":"<p>\u0130\u00e7indekiler 1.T\u00fcrkiye\u2019de Yurt \u0130\u00e7i Tasarruf Oranlar\u0131 \u0130le Yabanc\u0131 Sermaye Hareketleri Aras\u0131ndaki \u0130li\u015fkinin Haavelmo Hipotezi Kapsam\u0131nda \u0130ncelenmesi 2.T\u00fcrkiye\u2019de Ya\u015flanma, Gelir Ve Co2 Emisyonu \u0130li\u015fkisi \u00dczerine Bir Uygulama 3.Turizm Ve Ekonomik B\u00fcy\u00fcme: Panel Veri Analizi 4.1980 Sonras\u0131 Ekonomik Krizler \u0130le B\u00fcy\u00fcme Aras\u0131ndaki \u0130li\u015fkisi: T\u00fcrkiye \u00d6rne\u011fi 5.T\u00fcrkiye\u2019de Tar\u0131m D\u0131\u015f\u0131 Kad\u0131n \u0130stihdam\u0131n\u0131n Gelir Da\u011f\u0131l\u0131m\u0131na Etkisi: 1989-2019 D\u00f6nemi Ampirik Analizi 6.T\u00fcrkiye\u2019de Fonksiyonel Kamu Harcamalar\u0131 \u0130le Enflasyon Aras\u0131ndaki \u0130li\u015fkinin Amprik Analizi 7.K\u00fcresel Belirsizli\u011fin Finansal Piyasa Performans\u0131na Etkisi: T\u00fcrkiye \u00d6rne\u011fi 8.T\u00fcrkiye\u2019de \u0130hracat \u00dcr\u00fcn \u00c7e\u015fitlendirmesi Ve Ekonomik B\u00fcy\u00fcme \u0130li\u015fkisi: Asimetrik Bootstrap Kayan Pencereler Nedensellik Testi Yakla\u015f\u0131m\u0131 9.T\u00fcrkiye Ekonomisinde Faiz Oranlar\u0131ndaki De\u011fi\u015fimlerin Konut Piyasas\u0131 \u00dczerindeki Etkileri 10.T\u00fcrkiye\u2019de T\u00fcketici G\u00fcven Endeksi, Enfalsyon Ve Ekonomik B\u00fcy\u00fcme Aras\u0131ndaki \u0130li\u015fki 11.T\u00fcrkiye\u2019nin Ekonomik \u0130\u015f Birli\u011fi Te\u015fkilat\u0131 \u00dcyesi \u00dclkelere \u0130hracat\u0131n\u0131n Belirleyicileri: 2000-2019 12.Ki\u015fi Ba\u015f\u0131na D\u00fc\u015fen Gayri Safi Yurti\u00e7i Has\u0131la, \u0130\u015fsizlik Ve Kamu Harcamalar\u0131n\u0131n Al\u0131nan \u0130\u00e7 G\u00f6\u00e7e Etkileri: T\u00fcrkiye \u00dczerine \u0130nceleme 13.Ar-Ge Harcamalar\u0131- Ekonomik B\u00fcy\u00fcme \u0130li\u015fkisi: Oecd \u00dclkeleri \u00d6rne\u011fi <\/p>\n","protected":false},"excerpt":{"rendered":"<p>\u0130\u00e7indekiler 1.T\u00fcrkiye\u2019de Yurt \u0130\u00e7i Tasarruf Oranlar\u0131 \u0130le Yabanc\u0131 Sermaye Hareketleri Aras\u0131ndaki \u0130li\u015fkinin Haavelmo Hipotezi Kapsam\u0131nda \u0130ncelenmesi 2.T\u00fcrkiye\u2019de Ya\u015flanma, Gelir Ve Co2 Emisyonu \u0130li\u015fkisi \u00dczerine Bir Uygulama<span class=\"excerpt-hellip\"> [\u2026]<\/span><\/p>\n","protected":false},"featured_media":0,"template":"","meta":{"_monsterinsights_skip_tracking":false,"_monsterinsights_sitenote_active":false,"_monsterinsights_sitenote_note":"","_monsterinsights_sitenote_category":0},"product_brand":[],"product_cat":[20333,13043],"product_tag":[],"class_list":{"0":"post-728136","1":"product","2":"type-product","3":"status-publish","5":"product_cat-diger-ekonomi","6":"product_cat-ekonomi","7":"pa_cilt-ciltsiz","8":"pa_tur-kitap","9":"pa_yayinevi-gazi-kitabevi","10":"pa_yazar-mustafa-sit-erdal-alancioglu","12":"first","13":"instock","14":"sale","15":"shipping-taxable","16":"purchasable","17":"product-type-simple"},"_links":{"self":[{"href":"https:\/\/roveyayinevi.com.tr\/index.php\/wp-json\/wp\/v2\/product\/728136","targetHints":{"allow":["GET"]}}],"collection":[{"href":"https:\/\/roveyayinevi.com.tr\/index.php\/wp-json\/wp\/v2\/product"}],"about":[{"href":"https:\/\/roveyayinevi.com.tr\/index.php\/wp-json\/wp\/v2\/types\/product"}],"wp:attachment":[{"href":"https:\/\/roveyayinevi.com.tr\/index.php\/wp-json\/wp\/v2\/media?parent=728136"}],"wp:term":[{"taxonomy":"product_brand","embeddable":true,"href":"https:\/\/roveyayinevi.com.tr\/index.php\/wp-json\/wp\/v2\/product_brand?post=728136"},{"taxonomy":"product_cat","embeddable":true,"href":"https:\/\/roveyayinevi.com.tr\/index.php\/wp-json\/wp\/v2\/product_cat?post=728136"},{"taxonomy":"product_tag","embeddable":true,"href":"https:\/\/roveyayinevi.com.tr\/index.php\/wp-json\/wp\/v2\/product_tag?post=728136"}],"curies":[{"name":"wp","href":"https:\/\/api.w.org\/{rel}","templated":true}]}}