{"id":728135,"date":"2025-08-27T20:34:20","date_gmt":"2025-08-27T17:34:20","guid":{"rendered":"https:\/\/roveyayinevi.com.tr\/index.php\/urun\/kadimden-moderne-turkiyede-kamu-yonetimi-degisen-anlayislar-degismeyen-arayislar\/"},"modified":"2026-04-16T02:35:54","modified_gmt":"2026-04-15T23:35:54","slug":"kadimden-moderne-turkiyede-kamu-yonetimi-degisen-anlayislar-degismeyen-arayislar","status":"publish","type":"product","link":"https:\/\/roveyayinevi.com.tr\/index.php\/urun\/kadimden-moderne-turkiyede-kamu-yonetimi-degisen-anlayislar-degismeyen-arayislar\/","title":{"rendered":"Kadimden Moderne T\u00fcrkiye&#8217;de Kamu Y\u00f6netimi De\u011fi\u015fen Anlay\u0131\u015flar De\u011fi\u015fmeyen Aray\u0131\u015flar"},"content":{"rendered":"<p>\u0130\u00e7indekiler \u00d6ns\u00f6z \u0130\u00e7indekiler Giri\u015f I. K\u0131s\u0131m 1.B\u00f6l\u00fcm T\u00fcrk Y\u00f6netim Gelene\u011finden Devlet Ve H\u00fck\u00fcmdar 2.B\u00f6l\u00fcm Y\u00f6neten-Y\u00f6netilen Ayr\u0131m\u0131 3.B\u00f6l\u00fcm T\u00fcrk Y\u00f6netim Tarihinde Siyasal \u0130ktidar Ve B\u00fcrokrasi \u0130li\u015fkisi 4.B\u00f6l\u00fcm T\u00fcrk Y\u00f6netim Gelene\u011finde D\u0131\u015f Tehditler Ve Beka Sorunu: Ebed M\u00fcddet 5.B\u00f6l\u00fcm Kadim Mesele Olarak Y\u00f6netimde Adalet II.K\u0131s\u0131m Kamu Y\u00f6netiminde De\u011fi\u015fen Anlay\u0131\u015flar De\u011fi\u015fmeyen Aray\u0131\u015flar <\/p>\n","protected":false},"excerpt":{"rendered":"<p>\u0130\u00e7indekiler \u00d6ns\u00f6z \u0130\u00e7indekiler Giri\u015f I. K\u0131s\u0131m 1.B\u00f6l\u00fcm T\u00fcrk Y\u00f6netim Gelene\u011finden Devlet Ve H\u00fck\u00fcmdar 2.B\u00f6l\u00fcm Y\u00f6neten-Y\u00f6netilen Ayr\u0131m\u0131 3.B\u00f6l\u00fcm T\u00fcrk Y\u00f6netim Tarihinde Siyasal \u0130ktidar Ve B\u00fcrokrasi \u0130li\u015fkisi 4.B\u00f6l\u00fcm<span class=\"excerpt-hellip\"> [\u2026]<\/span><\/p>\n","protected":false},"featured_media":0,"template":"","meta":{"_monsterinsights_skip_tracking":false,"_monsterinsights_sitenote_active":false,"_monsterinsights_sitenote_note":"","_monsterinsights_sitenote_category":0},"product_brand":[],"product_cat":[13043,19008],"product_tag":[],"class_list":{"0":"post-728135","1":"product","2":"type-product","3":"status-publish","5":"product_cat-ekonomi","6":"product_cat-yonetim","7":"pa_cilt-ciltsiz","8":"pa_tur-kitap","9":"pa_yayinevi-gazi-kitabevi","10":"pa_yazar-erkan-arslan","12":"first","13":"instock","14":"sale","15":"shipping-taxable","16":"purchasable","17":"product-type-simple"},"_links":{"self":[{"href":"https:\/\/roveyayinevi.com.tr\/index.php\/wp-json\/wp\/v2\/product\/728135","targetHints":{"allow":["GET"]}}],"collection":[{"href":"https:\/\/roveyayinevi.com.tr\/index.php\/wp-json\/wp\/v2\/product"}],"about":[{"href":"https:\/\/roveyayinevi.com.tr\/index.php\/wp-json\/wp\/v2\/types\/product"}],"wp:attachment":[{"href":"https:\/\/roveyayinevi.com.tr\/index.php\/wp-json\/wp\/v2\/media?parent=728135"}],"wp:term":[{"taxonomy":"product_brand","embeddable":true,"href":"https:\/\/roveyayinevi.com.tr\/index.php\/wp-json\/wp\/v2\/product_brand?post=728135"},{"taxonomy":"product_cat","embeddable":true,"href":"https:\/\/roveyayinevi.com.tr\/index.php\/wp-json\/wp\/v2\/product_cat?post=728135"},{"taxonomy":"product_tag","embeddable":true,"href":"https:\/\/roveyayinevi.com.tr\/index.php\/wp-json\/wp\/v2\/product_tag?post=728135"}],"curies":[{"name":"wp","href":"https:\/\/api.w.org\/{rel}","templated":true}]}}