{"id":728134,"date":"2025-08-27T20:34:19","date_gmt":"2025-08-27T17:34:19","guid":{"rendered":"https:\/\/roveyayinevi.com.tr\/index.php\/urun\/yeni-teknoloji-temelli-isletmelerin-sermaye-yapisi\/"},"modified":"2026-04-16T02:35:54","modified_gmt":"2026-04-15T23:35:54","slug":"yeni-teknoloji-temelli-isletmelerin-sermaye-yapisi","status":"publish","type":"product","link":"https:\/\/roveyayinevi.com.tr\/index.php\/urun\/yeni-teknoloji-temelli-isletmelerin-sermaye-yapisi\/","title":{"rendered":"Yeni Teknoloji Temelli \u0130\u015fletmelerin Sermaye Yap\u0131s\u0131"},"content":{"rendered":"<p>\u0130\u00e7indekiler \u00d6ns\u00f6z \u0130\u00e7indekiler 1Giri\u015f 2.Yeni Teknoloji Temelli \u0130\u015fletmeler 3.Sermaye Yap\u0131s\u0131 Teorileri 4.Be\u015feri Sermaye Ve Kaynak Yaratma \u00dczerindeki Etkisi 5.Yeni Teknoloji Temelli \u0130\u015fletmelerin Sermaye Yap\u0131s\u0131 6.Y\u00f6ntem 7.Bulgular <\/p>\n","protected":false},"excerpt":{"rendered":"<p>\u0130\u00e7indekiler \u00d6ns\u00f6z \u0130\u00e7indekiler 1Giri\u015f 2.Yeni Teknoloji Temelli \u0130\u015fletmeler 3.Sermaye Yap\u0131s\u0131 Teorileri 4.Be\u015feri Sermaye Ve Kaynak Yaratma \u00dczerindeki Etkisi 5.Yeni Teknoloji Temelli \u0130\u015fletmelerin Sermaye Yap\u0131s\u0131 6.Y\u00f6ntem 7.Bulgular<\/p>\n","protected":false},"featured_media":0,"template":"","meta":{"_monsterinsights_skip_tracking":false,"_monsterinsights_sitenote_active":false,"_monsterinsights_sitenote_note":"","_monsterinsights_sitenote_category":0},"product_brand":[],"product_cat":[13043,14381],"product_tag":[],"class_list":{"0":"post-728134","1":"product","2":"type-product","3":"status-publish","5":"product_cat-ekonomi","6":"product_cat-isletme-muhasebe-maliye","7":"pa_cilt-ciltsiz","8":"pa_tur-kitap","9":"pa_yayinevi-gazi-kitabevi","10":"pa_yazar-duygu-ceri","12":"first","13":"instock","14":"sale","15":"shipping-taxable","16":"purchasable","17":"product-type-simple"},"_links":{"self":[{"href":"https:\/\/roveyayinevi.com.tr\/index.php\/wp-json\/wp\/v2\/product\/728134","targetHints":{"allow":["GET"]}}],"collection":[{"href":"https:\/\/roveyayinevi.com.tr\/index.php\/wp-json\/wp\/v2\/product"}],"about":[{"href":"https:\/\/roveyayinevi.com.tr\/index.php\/wp-json\/wp\/v2\/types\/product"}],"wp:attachment":[{"href":"https:\/\/roveyayinevi.com.tr\/index.php\/wp-json\/wp\/v2\/media?parent=728134"}],"wp:term":[{"taxonomy":"product_brand","embeddable":true,"href":"https:\/\/roveyayinevi.com.tr\/index.php\/wp-json\/wp\/v2\/product_brand?post=728134"},{"taxonomy":"product_cat","embeddable":true,"href":"https:\/\/roveyayinevi.com.tr\/index.php\/wp-json\/wp\/v2\/product_cat?post=728134"},{"taxonomy":"product_tag","embeddable":true,"href":"https:\/\/roveyayinevi.com.tr\/index.php\/wp-json\/wp\/v2\/product_tag?post=728134"}],"curies":[{"name":"wp","href":"https:\/\/api.w.org\/{rel}","templated":true}]}}