{"id":728131,"date":"2025-08-27T20:34:17","date_gmt":"2025-08-27T17:34:17","guid":{"rendered":"https:\/\/roveyayinevi.com.tr\/index.php\/urun\/kulis-bir-tiyatro-bellegi\/"},"modified":"2026-04-16T02:35:53","modified_gmt":"2026-04-15T23:35:53","slug":"kulis-bir-tiyatro-bellegi","status":"publish","type":"product","link":"https:\/\/roveyayinevi.com.tr\/index.php\/urun\/kulis-bir-tiyatro-bellegi\/","title":{"rendered":"Kulis: Bir Tiyatro Belle\u011fi"},"content":{"rendered":"<p>Kulis: Bir Tiyatro Belle\u011fi, Hagop Ayvaz\u201d  15 Aral\u0131k 2020 \u2013 21 \u015eubat 2021 tarihleri aras\u0131nda Hrant Dink Vakf\u0131 \u00f6nc\u00fcl\u00fc\u011f\u00fcnde T\u00fcrkiye Tiyatro Vakf\u0131 ve Yap\u0131 Kredi K\u00fclt\u00fcr Sanat Yay\u0131nc\u0131l\u0131k i\u015fbirli\u011fiyle haz\u0131rlanan \u201cKulis: Bir Tiyatro Belle\u011fi, Hagop Ayvaz\u201d sergisi, 1911-2006 y\u0131llar\u0131 aras\u0131nda ya\u015fam\u0131\u015f \u0130stanbullu tiyatro sanat\u00e7\u0131s\u0131 ve yay\u0131nc\u0131 Hagop Ayvaz\u2019\u0131n ki\u015fisel \u00e7abalar\u0131yla olu\u015fturdu\u011fu tiyatro ar\u015fivinden yola \u00e7\u0131karak, toplumsal bellek, kimlik ve mek\u00e2n ba\u011flam\u0131nda T\u00fcrkiye\u2019nin tiyatro tarihine odaklan\u0131yor. Yap\u0131 Kredi Yay\u0131nlar\u0131 taraf\u0131ndan ayn\u0131 adla \u0130ngilizce-T\u00fcrk\u00e7e katalo\u011fu da haz\u0131rlanan sergi, Hagop Ayvaz\u2019\u0131n bir anlamda \u201ckulis\u201dine davet niteli\u011finde olman\u0131n yan\u0131 s\u0131ra, T\u00fcrkiye\u2019nin tiyatro tarihini \u00e7o\u011fulcu bir perspektifle incelemek i\u00e7in imk\u00e2nlar sunuyor. K\u00fclt\u00fcr ve sanat\u0131n toplumlar\u0131n bir arada ya\u015fama k\u00fclt\u00fcrlerindeki yerini ve \u00f6nemini, inan\u00e7la kurulan, emek, \u00f6zveri ve dayan\u0131\u015fmayla varolan \u201ckulis\u201dlerini hat\u0131rlamay\u0131 \u00f6neriyor.  Katalogda k\u00fcrat\u00f6ryal ekibin sunu\u015f yaz\u0131s\u0131, Esen \u00c7amurdan, Dikmen G\u00fcr\u00fcn, Nesim Ovadya \u0130zrail, Karin Karaka\u015fl\u0131&#8217;n\u0131n Kulis dergisi ve Hagop Ayvaz ar\u015fivine dair bilgiler sunan, Ayvaz&#8217;la ilgili ki\u015fisel an\u0131lar\u0131n\u0131 da yans\u0131tan makaleleri, Banu At\u00e7a&#8217;n\u0131n haz\u0131rlad\u0131\u011f\u0131 Hagop Ayvaz biyografisi yer al\u0131yor. Bu yaz\u0131lara 1987&#8217;de Hagop Ayvaz&#8217;la yap\u0131lm\u0131\u015f bir s\u00f6yle\u015fi e\u015flik ediyor ve Ayvaz&#8217;\u0131n d\u00fcnyas\u0131n\u0131 kapsaml\u0131 \u015fekilde yans\u0131t\u0131yor. <\/p>\n","protected":false},"excerpt":{"rendered":"<p>Kulis: Bir Tiyatro Belle\u011fi, Hagop Ayvaz\u201d 15 Aral\u0131k 2020 \u2013 21 \u015eubat 2021 tarihleri aras\u0131nda Hrant Dink Vakf\u0131 \u00f6nc\u00fcl\u00fc\u011f\u00fcnde T\u00fcrkiye Tiyatro Vakf\u0131 ve Yap\u0131 Kredi K\u00fclt\u00fcr<span class=\"excerpt-hellip\"> [\u2026]<\/span><\/p>\n","protected":false},"featured_media":0,"template":"","meta":{"_monsterinsights_skip_tracking":false,"_monsterinsights_sitenote_active":false,"_monsterinsights_sitenote_note":"","_monsterinsights_sitenote_category":0},"product_brand":[],"product_cat":[12409,12408],"product_tag":[],"class_list":{"0":"post-728131","1":"product","2":"type-product","3":"status-publish","5":"product_cat-fotograf-sinema-tiyatro","6":"product_cat-sanat","7":"pa_cilt-ciltsiz","8":"pa_tur-kitap","9":"pa_yayinevi-yapi-kredi-yayinlari-sanat","10":"pa_yazar-hagop-ayvaz","12":"first","13":"instock","14":"sale","15":"shipping-taxable","16":"purchasable","17":"product-type-simple"},"_links":{"self":[{"href":"https:\/\/roveyayinevi.com.tr\/index.php\/wp-json\/wp\/v2\/product\/728131","targetHints":{"allow":["GET"]}}],"collection":[{"href":"https:\/\/roveyayinevi.com.tr\/index.php\/wp-json\/wp\/v2\/product"}],"about":[{"href":"https:\/\/roveyayinevi.com.tr\/index.php\/wp-json\/wp\/v2\/types\/product"}],"wp:attachment":[{"href":"https:\/\/roveyayinevi.com.tr\/index.php\/wp-json\/wp\/v2\/media?parent=728131"}],"wp:term":[{"taxonomy":"product_brand","embeddable":true,"href":"https:\/\/roveyayinevi.com.tr\/index.php\/wp-json\/wp\/v2\/product_brand?post=728131"},{"taxonomy":"product_cat","embeddable":true,"href":"https:\/\/roveyayinevi.com.tr\/index.php\/wp-json\/wp\/v2\/product_cat?post=728131"},{"taxonomy":"product_tag","embeddable":true,"href":"https:\/\/roveyayinevi.com.tr\/index.php\/wp-json\/wp\/v2\/product_tag?post=728131"}],"curies":[{"name":"wp","href":"https:\/\/api.w.org\/{rel}","templated":true}]}}