{"id":728128,"date":"2025-08-27T20:34:15","date_gmt":"2025-08-27T17:34:15","guid":{"rendered":"https:\/\/roveyayinevi.com.tr\/index.php\/urun\/cevre-ve-insan\/"},"modified":"2026-04-16T02:35:53","modified_gmt":"2026-04-15T23:35:53","slug":"cevre-ve-insan","status":"publish","type":"product","link":"https:\/\/roveyayinevi.com.tr\/index.php\/urun\/cevre-ve-insan\/","title":{"rendered":"\u00c7evre ve \u0130nsan"},"content":{"rendered":"<p>Birbirlerinin ayr\u0131lmaz par\u00e7as\u0131 \u201c\u00e7evre ve insan\u201d. Do\u011fan\u0131n bizsiz de var olabilece\u011fini ama bizim ona muhta\u00e7 oldu\u011fumuzu hi\u00e7bir zaman unutmamal\u0131 \u201cinsan\u201d. Hedefimiz ve umudumuz s\u00fcrd\u00fcr\u00fclebilir bir ya\u015fam, s\u00fcrd\u00fcr\u00fclebilir bir gelecek ve ge\u00e7misini hi\u00e7bir zaman unutmayan ama gelece\u011fe de umutla bakabilen bir insan. Kirletmeden, t\u00fcketmeden, tahrip etmeden dogayla bar\u0131\u015f i\u00e7inde ya\u015fayabilen ve k\u0131ymetini bilerek do\u011faya uyabilen bir insan\u2026<\/p>\n","protected":false},"excerpt":{"rendered":"<p>Birbirlerinin ayr\u0131lmaz par\u00e7as\u0131 \u201c\u00e7evre ve insan\u201d. Do\u011fan\u0131n bizsiz de var olabilece\u011fini ama bizim ona muhta\u00e7 oldu\u011fumuzu hi\u00e7bir zaman unutmamal\u0131 \u201cinsan\u201d. Hedefimiz ve umudumuz s\u00fcrd\u00fcr\u00fclebilir bir ya\u015fam,<span class=\"excerpt-hellip\"> [\u2026]<\/span><\/p>\n","protected":false},"featured_media":0,"template":"","meta":{"_monsterinsights_skip_tracking":false,"_monsterinsights_sitenote_active":false,"_monsterinsights_sitenote_note":"","_monsterinsights_sitenote_category":0},"product_brand":[],"product_cat":[12573,12566],"product_tag":[],"class_list":{"0":"post-728128","1":"product","2":"type-product","3":"status-publish","5":"product_cat-akademik-kitaplar","6":"product_cat-egitim","7":"pa_cilt-ciltsiz","8":"pa_tur-kitap","9":"pa_yayinevi-egiten-kitap","10":"pa_yazar-egiten-kitap-kolektif","12":"first","13":"instock","14":"sale","15":"shipping-taxable","16":"purchasable","17":"product-type-simple"},"_links":{"self":[{"href":"https:\/\/roveyayinevi.com.tr\/index.php\/wp-json\/wp\/v2\/product\/728128","targetHints":{"allow":["GET"]}}],"collection":[{"href":"https:\/\/roveyayinevi.com.tr\/index.php\/wp-json\/wp\/v2\/product"}],"about":[{"href":"https:\/\/roveyayinevi.com.tr\/index.php\/wp-json\/wp\/v2\/types\/product"}],"wp:attachment":[{"href":"https:\/\/roveyayinevi.com.tr\/index.php\/wp-json\/wp\/v2\/media?parent=728128"}],"wp:term":[{"taxonomy":"product_brand","embeddable":true,"href":"https:\/\/roveyayinevi.com.tr\/index.php\/wp-json\/wp\/v2\/product_brand?post=728128"},{"taxonomy":"product_cat","embeddable":true,"href":"https:\/\/roveyayinevi.com.tr\/index.php\/wp-json\/wp\/v2\/product_cat?post=728128"},{"taxonomy":"product_tag","embeddable":true,"href":"https:\/\/roveyayinevi.com.tr\/index.php\/wp-json\/wp\/v2\/product_tag?post=728128"}],"curies":[{"name":"wp","href":"https:\/\/api.w.org\/{rel}","templated":true}]}}