{"id":728127,"date":"2025-08-27T20:34:14","date_gmt":"2025-08-27T17:34:14","guid":{"rendered":"https:\/\/roveyayinevi.com.tr\/index.php\/urun\/bir-ogretmenin-mutfagindan\/"},"modified":"2026-04-16T02:35:53","modified_gmt":"2026-04-15T23:35:53","slug":"bir-ogretmenin-mutfagindan","status":"publish","type":"product","link":"https:\/\/roveyayinevi.com.tr\/index.php\/urun\/bir-ogretmenin-mutfagindan\/","title":{"rendered":"Bir \u00d6\u011fretmenin Mutfa\u011f\u0131ndan"},"content":{"rendered":"<p>Her seyden biraz var bu kitapta. Ak\u0131p giden bir nehir gibi belki. Biraz anne babalar, biraz \u00e7ocuklardan. Biraz an\u0131lar, biraz mevsimlerden, biraz oyunlar, biraz oyuncaklardan, korkulardan var biraz, \u00f6zlemlerden, kayg\u0131lardan var ve daha pek \u00e7ok konular . Yani her seyden biraz biraz .   Her konuya ve her bilgiye \u00e7ok rahatl\u0131kla ula\u015fabildi\u011fimiz bir \u00e7a\u011fday\u0131z art\u0131k. Her konunun kendi uzmanlar\u0131 taraf\u0131ndan yorumland\u0131\u011f\u0131, bizlere harika kaynaklar sa\u011flad\u0131\u011f\u0131 bir ger\u00e7ektir. Ben de \u00f6\u011fretmenlik deneyimlerimi ve g\u00f6zlemlerimi payla\u015fmak i\u00e7in yola \u00e7\u0131kt\u0131m. Herkes gelebilsin istedim bu mutfa\u011fa. Anne babalar, \u00e7ocuklar, \u00f6\u011fretmenler, \u00f6\u011fretmen adaylar\u0131, anneanne, babaanne, b\u00fcy\u00fckbabalar ve merak eden herkes gelebilsin. Bir tutam tuz, bir tutam \u015feker, biraz sebze, biraz baharat, bolca sevgi, bolca \u00e7ocuk g\u00fcl\u00fc\u015fleri var tariflerde. Mutfa\u011f\u0131ma ho\u015f geldiniz\u2026..<\/p>\n","protected":false},"excerpt":{"rendered":"<p>Her seyden biraz var bu kitapta. Ak\u0131p giden bir nehir gibi belki. Biraz anne babalar, biraz \u00e7ocuklardan. Biraz an\u0131lar, biraz mevsimlerden, biraz oyunlar, biraz oyuncaklardan, korkulardan<span class=\"excerpt-hellip\"> [\u2026]<\/span><\/p>\n","protected":false},"featured_media":0,"template":"","meta":{"_monsterinsights_skip_tracking":false,"_monsterinsights_sitenote_active":false,"_monsterinsights_sitenote_note":"","_monsterinsights_sitenote_category":0},"product_brand":[],"product_cat":[12573,12566],"product_tag":[],"class_list":{"0":"post-728127","1":"product","2":"type-product","3":"status-publish","5":"product_cat-akademik-kitaplar","6":"product_cat-egitim","7":"pa_cilt-ciltsiz","8":"pa_tur-kitap","9":"pa_yayinevi-egiten-kitap","10":"pa_yazar-egiten-kitap-kolektif","12":"first","13":"instock","14":"sale","15":"shipping-taxable","16":"purchasable","17":"product-type-simple"},"_links":{"self":[{"href":"https:\/\/roveyayinevi.com.tr\/index.php\/wp-json\/wp\/v2\/product\/728127","targetHints":{"allow":["GET"]}}],"collection":[{"href":"https:\/\/roveyayinevi.com.tr\/index.php\/wp-json\/wp\/v2\/product"}],"about":[{"href":"https:\/\/roveyayinevi.com.tr\/index.php\/wp-json\/wp\/v2\/types\/product"}],"wp:attachment":[{"href":"https:\/\/roveyayinevi.com.tr\/index.php\/wp-json\/wp\/v2\/media?parent=728127"}],"wp:term":[{"taxonomy":"product_brand","embeddable":true,"href":"https:\/\/roveyayinevi.com.tr\/index.php\/wp-json\/wp\/v2\/product_brand?post=728127"},{"taxonomy":"product_cat","embeddable":true,"href":"https:\/\/roveyayinevi.com.tr\/index.php\/wp-json\/wp\/v2\/product_cat?post=728127"},{"taxonomy":"product_tag","embeddable":true,"href":"https:\/\/roveyayinevi.com.tr\/index.php\/wp-json\/wp\/v2\/product_tag?post=728127"}],"curies":[{"name":"wp","href":"https:\/\/api.w.org\/{rel}","templated":true}]}}