{"id":728126,"date":"2025-08-27T20:34:13","date_gmt":"2025-08-27T17:34:13","guid":{"rendered":"https:\/\/roveyayinevi.com.tr\/index.php\/urun\/cocuk-edebiyati-3\/"},"modified":"2026-04-16T02:35:53","modified_gmt":"2026-04-15T23:35:53","slug":"cocuk-edebiyati-3","status":"publish","type":"product","link":"https:\/\/roveyayinevi.com.tr\/index.php\/urun\/cocuk-edebiyati-3\/","title":{"rendered":"\u00c7ocuk Edebiyat\u0131"},"content":{"rendered":"<p>\u00c7ocuklar\u0131n kitapla tan\u0131\u015fma s\u00fcreci, anne karn\u0131nda ba\u015flay\u0131p ya\u015fam boyu devam eden bir s\u00fcre\u00e7tir. Bu s\u00fcre\u00e7te, \u00f6ncelikle \u00e7ocu\u011fun ebeveyni, daha sonra \u00e7ocu\u011fun ya\u015fam\u0131nda yer alan \u00e7ocuk geli\u015fimciler, e\u011fitimciler vb. uzmanlar rehberlik eder. Bu rehberli\u011fin en \u00f6nemli amac\u0131, \u00e7ocu\u011fun kitap ile ilgili yolculu\u011funu keyifli hale getirerek hi\u00e7 bitmemesini sa\u011flamakt\u0131r. Bu kitap, bu yolculu\u011fa \u0131\u015f\u0131k tutmak amac\u0131yla yaz\u0131lm\u0131\u015ft\u0131r. \u201c\u00c7ocuk Edebiyat\u0131\u201d kitab\u0131nda; alan\u0131nda uzman akademisyenler taraf\u0131ndan \u00e7ocuk edebiyat\u0131na giri\u015f, kitaplar\u0131n \u00e7ocuklar\u0131n geli\u015fimine katk\u0131s\u0131, kitap se\u00e7imi, kitap okuma y\u00f6ntemleri, kitap okuma al\u0131\u015fkanl\u0131\u011f\u0131n\u0131 kazand\u0131rma, \u00f6zel gereksinimli \u00e7ocuklarda kitap okuma s\u00fcre\u00e7leri, k\u00fct\u00fcphane, \u00e7ocuk kitaplar\u0131n\u0131n ortaya \u00e7\u0131k\u0131\u015f yolculugu, drama at\u00f6lyesiyle \u00e7ocuk kitaplar\u0131na yolculuk gibi konulara de\u011finilmi\u015ftir. Bunun yan\u0131 s\u0131ra; kitab\u0131n sonunda \u00e7ok de\u011ferli \u00e7ocuk kitab\u0131 yazarlar\u0131 ve e\u011fitimciler bu alandaki g\u00f6r\u00fc\u015f ve deneyimlerini payla\u015farak toplumsal a\u00e7\u0131dan \u00e7ok \u00f6nemli konulara de\u011finmi\u015flerdir. Bu kitab\u0131n, \u00f6ncelikle \u00e7ocuklarla \u00e7al\u0131\u015fmak \u00fczere mesle\u011fe ad\u0131m atm\u0131\u015f sevgili \u00f6grencilere, uzmanlara, ebeveynlere ve t\u00fcm okurlara yararl\u0131 bir kaynak olmas\u0131 dile\u011fiyle&#8230;<\/p>\n","protected":false},"excerpt":{"rendered":"<p>\u00c7ocuklar\u0131n kitapla tan\u0131\u015fma s\u00fcreci, anne karn\u0131nda ba\u015flay\u0131p ya\u015fam boyu devam eden bir s\u00fcre\u00e7tir. Bu s\u00fcre\u00e7te, \u00f6ncelikle \u00e7ocu\u011fun ebeveyni, daha sonra \u00e7ocu\u011fun ya\u015fam\u0131nda yer alan \u00e7ocuk geli\u015fimciler,<span class=\"excerpt-hellip\"> [\u2026]<\/span><\/p>\n","protected":false},"featured_media":0,"template":"","meta":{"_monsterinsights_skip_tracking":false,"_monsterinsights_sitenote_active":false,"_monsterinsights_sitenote_note":"","_monsterinsights_sitenote_category":0},"product_brand":[],"product_cat":[12573,12566],"product_tag":[],"class_list":{"0":"post-728126","1":"product","2":"type-product","3":"status-publish","5":"product_cat-akademik-kitaplar","6":"product_cat-egitim","7":"pa_cilt-ciltsiz","8":"pa_tur-kitap","9":"pa_yayinevi-egiten-kitap","10":"pa_yazar-egiten-kitap-kolektif","12":"first","13":"instock","14":"sale","15":"shipping-taxable","16":"purchasable","17":"product-type-simple"},"_links":{"self":[{"href":"https:\/\/roveyayinevi.com.tr\/index.php\/wp-json\/wp\/v2\/product\/728126","targetHints":{"allow":["GET"]}}],"collection":[{"href":"https:\/\/roveyayinevi.com.tr\/index.php\/wp-json\/wp\/v2\/product"}],"about":[{"href":"https:\/\/roveyayinevi.com.tr\/index.php\/wp-json\/wp\/v2\/types\/product"}],"wp:attachment":[{"href":"https:\/\/roveyayinevi.com.tr\/index.php\/wp-json\/wp\/v2\/media?parent=728126"}],"wp:term":[{"taxonomy":"product_brand","embeddable":true,"href":"https:\/\/roveyayinevi.com.tr\/index.php\/wp-json\/wp\/v2\/product_brand?post=728126"},{"taxonomy":"product_cat","embeddable":true,"href":"https:\/\/roveyayinevi.com.tr\/index.php\/wp-json\/wp\/v2\/product_cat?post=728126"},{"taxonomy":"product_tag","embeddable":true,"href":"https:\/\/roveyayinevi.com.tr\/index.php\/wp-json\/wp\/v2\/product_tag?post=728126"}],"curies":[{"name":"wp","href":"https:\/\/api.w.org\/{rel}","templated":true}]}}