{"id":728125,"date":"2025-08-27T20:34:13","date_gmt":"2025-08-27T17:34:13","guid":{"rendered":"https:\/\/roveyayinevi.com.tr\/index.php\/urun\/egitim-sisteminde-bireyi-tanima-ve-test-disi-teknikler\/"},"modified":"2026-04-16T02:35:53","modified_gmt":"2026-04-15T23:35:53","slug":"egitim-sisteminde-bireyi-tanima-ve-test-disi-teknikler","status":"publish","type":"product","link":"https:\/\/roveyayinevi.com.tr\/index.php\/urun\/egitim-sisteminde-bireyi-tanima-ve-test-disi-teknikler\/","title":{"rendered":"E\u011fitim Sisteminde Bireyi Tan\u0131ma Ve Test D\u0131\u015f\u0131 Teknikler"},"content":{"rendered":"<p>Bir Marangoz, Hi\u00e7bir meslek yok ki \u00fczerinde islem yapt\u0131g\u0131 ya da yapacag\u0131 malzemeyi \u201ctan\u0131ma\u201d geregi duymas\u0131n. \u00d6rnegin, bir marangoz her seyden \u00f6nce, \u00fczerinde islem yapacag\u0131 agac\u0131-masifi bir\u00e7ok y\u00f6n\u00fcyle tan\u0131d\u0131ktan sonra ise baslayabilir. Tan\u0131mak, agac\u0131 amaca uygun kullanman\u0131n ve islemenin zorunlu \u00f6n kosuldur. Marangoz, agac\u0131n cinsi, sertlik-yumusakl\u0131k, i\u00e7indeki nem oran\u0131, budak yap\u0131s\u0131 ve elyaf y\u00f6n\u00fc a\u00e7\u0131s\u0131ndan tan\u0131mak zorundad\u0131r. Ancak o zaman elindeki aga\u00e7tan ne yapacag\u0131na ve nas\u0131l isleyecegine karar verebilir. Bir marangoz at\u00f6lyesinde onlarca aga\u00e7 t\u00fcr\u00fc ve o t\u00fcrlerin de kendi i\u00e7inde kendine \u201c\u00f6zg\u00fc\u201d y\u00fczlerce farkl\u0131 olusum yap\u0131lar\u0131 vard\u0131r. T\u0131pk\u0131 s\u0131n\u0131f ortam\u0131 ve s\u0131n\u0131ftaki t\u00fcm \u00f6grencilerin farkl\u0131 ve kendine \u201c\u00f6zg\u00fc\u201d oluslar\u0131 gibi\u2026 Marangoz, at\u00f6lyesindeki aga\u00e7lar\u0131n \u00e7esitligini, farkl\u0131l\u0131klar\u0131n\u0131 ve aga\u00e7lar\u0131n farkl\u0131 gelisim yap\u0131lar\u0131n\u0131 bilir. Farkl\u0131l\u0131klar\u0131 \u00f6nemser. Islem &#8211; bi\u00e7imlendirme (\u00f6gretim) s\u00fcrecinde, her bir agac\u0131n budak yap\u0131s\u0131n\u0131, elyaf y\u00f6n\u00fcn\u00fc dikkate al\u0131r. Ustal\u0131k, \u00f6nce agac\u0131 tan\u0131maktan ve ona uygun nas\u0131l bi\u00e7im verecegini &#8211; davranacag\u0131n\u0131 bilmekten ge\u00e7er.<\/p>\n","protected":false},"excerpt":{"rendered":"<p>Bir Marangoz, Hi\u00e7bir meslek yok ki \u00fczerinde islem yapt\u0131g\u0131 ya da yapacag\u0131 malzemeyi \u201ctan\u0131ma\u201d geregi duymas\u0131n. \u00d6rnegin, bir marangoz her seyden \u00f6nce, \u00fczerinde islem yapacag\u0131 agac\u0131-masifi<span class=\"excerpt-hellip\"> [\u2026]<\/span><\/p>\n","protected":false},"featured_media":0,"template":"","meta":{"_monsterinsights_skip_tracking":false,"_monsterinsights_sitenote_active":false,"_monsterinsights_sitenote_note":"","_monsterinsights_sitenote_category":0},"product_brand":[],"product_cat":[12573,12566],"product_tag":[],"class_list":{"0":"post-728125","1":"product","2":"type-product","3":"status-publish","5":"product_cat-akademik-kitaplar","6":"product_cat-egitim","7":"pa_cilt-ciltsiz","8":"pa_tur-kitap","9":"pa_yayinevi-egiten-kitap","10":"pa_yazar-egiten-kitap-kolektif","12":"first","13":"instock","14":"sale","15":"shipping-taxable","16":"purchasable","17":"product-type-simple"},"_links":{"self":[{"href":"https:\/\/roveyayinevi.com.tr\/index.php\/wp-json\/wp\/v2\/product\/728125","targetHints":{"allow":["GET"]}}],"collection":[{"href":"https:\/\/roveyayinevi.com.tr\/index.php\/wp-json\/wp\/v2\/product"}],"about":[{"href":"https:\/\/roveyayinevi.com.tr\/index.php\/wp-json\/wp\/v2\/types\/product"}],"wp:attachment":[{"href":"https:\/\/roveyayinevi.com.tr\/index.php\/wp-json\/wp\/v2\/media?parent=728125"}],"wp:term":[{"taxonomy":"product_brand","embeddable":true,"href":"https:\/\/roveyayinevi.com.tr\/index.php\/wp-json\/wp\/v2\/product_brand?post=728125"},{"taxonomy":"product_cat","embeddable":true,"href":"https:\/\/roveyayinevi.com.tr\/index.php\/wp-json\/wp\/v2\/product_cat?post=728125"},{"taxonomy":"product_tag","embeddable":true,"href":"https:\/\/roveyayinevi.com.tr\/index.php\/wp-json\/wp\/v2\/product_tag?post=728125"}],"curies":[{"name":"wp","href":"https:\/\/api.w.org\/{rel}","templated":true}]}}