{"id":728122,"date":"2025-08-27T20:34:11","date_gmt":"2025-08-27T17:34:11","guid":{"rendered":"https:\/\/roveyayinevi.com.tr\/index.php\/urun\/cocuk-ve-ekran\/"},"modified":"2026-04-16T02:35:53","modified_gmt":"2026-04-15T23:35:53","slug":"cocuk-ve-ekran","status":"publish","type":"product","link":"https:\/\/roveyayinevi.com.tr\/index.php\/urun\/cocuk-ve-ekran\/","title":{"rendered":"\u00c7ocuk Ve Ekran"},"content":{"rendered":"<p>\u00c7a\u011f\u0131m\u0131z dijital \u00e7a\u011f! \u00d6yle b\u00fcy\u00fck bir alan\u0131 kapl\u0131yor ki hayat\u0131m\u0131zda, teknoloji olmasa nas\u0131l ya\u015fan\u0131r unuttuk hepimiz. En ba\u015f\u0131na gidelim; bir \u00e7ocu\u011fun dijital medya ile ilk kar\u015f\u0131la\u015fma ser\u00fcveni do\u011fmadan \u00f6nce, ilk ultrason foto\u011fraf\u0131n\u0131n aile bireyleri taraf\u0131ndan dijital medya ara\u00e7lar\u0131 arac\u0131l\u0131\u011f\u0131yla payla\u015f\u0131lmas\u0131yla ba\u015fl\u0131yor ve ya\u015fam\u0131 boyunca da teknoloji onu takip ediyor. Hal b\u00f6yle olunca \u00e7ocuklar\u0131 ekran ba\u015f\u0131ndan kald\u0131rmak ne m\u00fcmk\u00fcn\u2026 \u00d6zellikle Covid-19 pandemisi s\u00fcrecinde evlerde oldu\u011fumuz \u015fu g\u00fcnlerde ekran ba\u015f\u0131nda t\u00fcm \u00e7ocuklar ve hepimiz. Her ne sebeple olursa olsun \u00e7ocuklar\u0131m\u0131z\u0131n ekran kar\u015f\u0131s\u0131nda olduklar\u0131 bu uzun s\u00fcre bizleri kayg\u0131land\u0131r\u0131yor. Ekrandan kaynaklanan herhangi bir \u201ck\u00f6t\u00fc\u201d durumla kar\u015f\u0131 kar\u015f\u0131ya kalmas\u0131nlar istiyoruz. Peki \u00e7ocuklar\u0131m\u0131z i\u00e7in ne yapabiliriz? Bu durum g\u00fcn\u00fcm\u00fcz ebeveynlerini iyi birer \u201csiber ebeveyn\u201d olmaya zorluyor. Dijital teknoloji ara\u00e7lar\u0131 ve uygulamalar\u0131n\u0131 kullanabilme ve g\u00fcvenlik \u00f6nlemleri hakk\u0131nda bilgi sahibi olma g\u00fcn\u00fcm\u00fcz ebeveynlerinin \u00f6ncelikli g\u00f6revleri aras\u0131nda \u00e7oktan yerini ald\u0131. Bu kitap bir rehber niteliginde; dijital d\u00fcnyan\u0131n cezbedici ahengini biraz \u00e7ocuk geli\u015fimcisi bak\u0131\u015f a\u00e7\u0131s\u0131yla kurcalamak, ebeveynlere ve e\u011fitmenlere yol g\u00f6stermek amac\u0131yla yaz\u0131ld\u0131.<\/p>\n","protected":false},"excerpt":{"rendered":"<p>\u00c7a\u011f\u0131m\u0131z dijital \u00e7a\u011f! \u00d6yle b\u00fcy\u00fck bir alan\u0131 kapl\u0131yor ki hayat\u0131m\u0131zda, teknoloji olmasa nas\u0131l ya\u015fan\u0131r unuttuk hepimiz. En ba\u015f\u0131na gidelim; bir \u00e7ocu\u011fun dijital medya ile ilk kar\u015f\u0131la\u015fma<span class=\"excerpt-hellip\"> [\u2026]<\/span><\/p>\n","protected":false},"featured_media":0,"template":"","meta":{"_monsterinsights_skip_tracking":false,"_monsterinsights_sitenote_active":false,"_monsterinsights_sitenote_note":"","_monsterinsights_sitenote_category":0},"product_brand":[],"product_cat":[12573,12566],"product_tag":[],"class_list":{"0":"post-728122","1":"product","2":"type-product","3":"status-publish","5":"product_cat-akademik-kitaplar","6":"product_cat-egitim","7":"pa_cilt-ciltsiz","8":"pa_tur-kitap","9":"pa_yayinevi-egiten-kitap","10":"pa_yazar-alev-ustundag","12":"first","13":"instock","14":"sale","15":"shipping-taxable","16":"purchasable","17":"product-type-simple"},"_links":{"self":[{"href":"https:\/\/roveyayinevi.com.tr\/index.php\/wp-json\/wp\/v2\/product\/728122","targetHints":{"allow":["GET"]}}],"collection":[{"href":"https:\/\/roveyayinevi.com.tr\/index.php\/wp-json\/wp\/v2\/product"}],"about":[{"href":"https:\/\/roveyayinevi.com.tr\/index.php\/wp-json\/wp\/v2\/types\/product"}],"wp:attachment":[{"href":"https:\/\/roveyayinevi.com.tr\/index.php\/wp-json\/wp\/v2\/media?parent=728122"}],"wp:term":[{"taxonomy":"product_brand","embeddable":true,"href":"https:\/\/roveyayinevi.com.tr\/index.php\/wp-json\/wp\/v2\/product_brand?post=728122"},{"taxonomy":"product_cat","embeddable":true,"href":"https:\/\/roveyayinevi.com.tr\/index.php\/wp-json\/wp\/v2\/product_cat?post=728122"},{"taxonomy":"product_tag","embeddable":true,"href":"https:\/\/roveyayinevi.com.tr\/index.php\/wp-json\/wp\/v2\/product_tag?post=728122"}],"curies":[{"name":"wp","href":"https:\/\/api.w.org\/{rel}","templated":true}]}}