{"id":728120,"date":"2025-08-27T20:34:09","date_gmt":"2025-08-27T17:34:09","guid":{"rendered":"https:\/\/roveyayinevi.com.tr\/index.php\/urun\/baskan-annem\/"},"modified":"2025-10-06T06:12:31","modified_gmt":"2025-10-06T03:12:31","slug":"baskan-annem","status":"publish","type":"product","link":"https:\/\/roveyayinevi.com.tr\/index.php\/urun\/baskan-annem\/","title":{"rendered":"Ba\u015fkan Annem"},"content":{"rendered":"<p>Merhaba sevgili arkada\u015flar. Benim ad\u0131m Poyraz. Annem belediye ba\u015fkan\u0131 olmaya karar verdi. Adayl\u0131\u011f\u0131 s\u00fcrecinde ben hep onun yan\u0131ndayd\u0131m. Duyduklar\u0131m\u0131, ya\u015fad\u0131klar\u0131m\u0131 ve \u00f6\u011frendiklerimi sizlerle payla\u015fmak istiyorum. Neler neler \u00f6\u011frendim bir bilseniz! Ayr\u0131ca sizden bir konuda da yard\u0131m isteyece\u011fim. E\u011fer annem belediye ba\u015fkan\u0131 se\u00e7ilirse, \u00e7ocuklar i\u00e7in \u015fehrimize neler yapmas\u0131n\u0131 istersiniz? Akl\u0131n\u0131za gelen yarat\u0131c\u0131 projelerinizi benimle payla\u015fmaya ne dersiniz? \u00d6rnek olmas\u0131 a\u00e7\u0131s\u0131ndan s\u0131n\u0131f\u0131mdaki baz\u0131 arkada\u015flar\u0131m\u0131n fikirlerini a\u015fa\u011f\u0131da sizlerle payla\u015fmak istiyorum. Kitab\u0131m\u0131 mutlaka okuyun. \u00c7ok heyecanl\u0131 bir se\u00e7im s\u00fcreci ve arkada\u015flar\u0131m\u0131n harika projeleri sizleri bekliyor.  \u201cBen bir \u00e7ocuk olarak belediye ba\u015fkan\u0131ndan sadece \u00e7ocuklar\u0131n kullanabilece\u011fi bir tiyatro salonu yapmas\u0131n\u0131 isterdim. Ba\u015fka \u015fehirde oturan bir arkada\u015f\u0131m s\u00f6ylemi\u015fti, onlar\u0131n \u015fehrinde \u00e7ocuklar i\u00e7in \u00f6zel tasarlanm\u0131\u015f tiyatrolar varm\u0131\u015f.\u201d \u201cBen ya\u015fad\u0131\u011f\u0131m \u015fehirde bilim merkezlerinin olmas\u0131n\u0131 isterdim. Bilimi b\u00fcy\u00fck insanlar de\u011fil, \u00e7ocuklar yapmal\u0131d\u0131r. \u00c7\u00fcnk\u00fc bilim \u00e7ocuklar\u0131 her zaman g\u00f6r\u00fcnmezler.\u201d \u201cBen \u00e7e\u015fit \u00e7e\u015fit oyuncaklar\u0131n oldu\u011fu, \u00e7imlerin i\u00e7inde bir oyun park\u0131 isterdim. Bizim mahallemizde oyun park\u0131 var ama ailemden biri olmadan gitmem tehlikeli olabiliyor. \u00c7\u00fcnk\u00fc \u00e7ok araba yolu var. Belediye ba\u015fkan\u0131ndan isteyece\u011fim g\u00fczel bir oyun park\u0131.\u201d \u201cBen belediye ba\u015fkan\u0131ndan \u00e7ocuklar i\u00e7in bir meclis kurmas\u0131n\u0131 isterdim. Biz \u00e7ocuklar do\u011fu\u015ftan bir\u00e7ok hakka sahibiz. Bu haklar\u0131m\u0131zdan biri de kendini ifade etme \u00f6zg\u00fcrl\u00fc\u011f\u00fc. E\u011fer \u00e7ocuklar i\u00e7in bir meclis kurulursa biz \u00e7ocuklar istedi\u011fimiz her \u015feyi mecliste konu\u015fabiliriz.\u201d <\/p>\n","protected":false},"excerpt":{"rendered":"<p>Merhaba sevgili arkada\u015flar. Benim ad\u0131m Poyraz. Annem belediye ba\u015fkan\u0131 olmaya karar verdi. Adayl\u0131\u011f\u0131 s\u00fcrecinde ben hep onun yan\u0131ndayd\u0131m. Duyduklar\u0131m\u0131, ya\u015fad\u0131klar\u0131m\u0131 ve \u00f6\u011frendiklerimi sizlerle payla\u015fmak istiyorum. Neler<span class=\"excerpt-hellip\"> [\u2026]<\/span><\/p>\n","protected":false},"featured_media":0,"template":"","meta":{"_monsterinsights_skip_tracking":false,"_monsterinsights_sitenote_active":false,"_monsterinsights_sitenote_note":"","_monsterinsights_sitenote_category":0},"product_brand":[],"product_cat":[12274,12284],"product_tag":[],"class_list":{"0":"post-728120","1":"product","2":"type-product","3":"status-publish","5":"product_cat-cocuk-ve-genclik-kitaplari","6":"product_cat-hikayeler","7":"pa_cilt-ciltsiz","8":"pa_tur-kitap","9":"pa_yayinevi-gulnar-yayinlari","10":"pa_yazar-sila-gulcan","12":"first","13":"instock","14":"sale","15":"shipping-taxable","16":"purchasable","17":"product-type-simple"},"_links":{"self":[{"href":"https:\/\/roveyayinevi.com.tr\/index.php\/wp-json\/wp\/v2\/product\/728120","targetHints":{"allow":["GET"]}}],"collection":[{"href":"https:\/\/roveyayinevi.com.tr\/index.php\/wp-json\/wp\/v2\/product"}],"about":[{"href":"https:\/\/roveyayinevi.com.tr\/index.php\/wp-json\/wp\/v2\/types\/product"}],"wp:attachment":[{"href":"https:\/\/roveyayinevi.com.tr\/index.php\/wp-json\/wp\/v2\/media?parent=728120"}],"wp:term":[{"taxonomy":"product_brand","embeddable":true,"href":"https:\/\/roveyayinevi.com.tr\/index.php\/wp-json\/wp\/v2\/product_brand?post=728120"},{"taxonomy":"product_cat","embeddable":true,"href":"https:\/\/roveyayinevi.com.tr\/index.php\/wp-json\/wp\/v2\/product_cat?post=728120"},{"taxonomy":"product_tag","embeddable":true,"href":"https:\/\/roveyayinevi.com.tr\/index.php\/wp-json\/wp\/v2\/product_tag?post=728120"}],"curies":[{"name":"wp","href":"https:\/\/api.w.org\/{rel}","templated":true}]}}