{"id":728117,"date":"2025-08-27T20:34:07","date_gmt":"2025-08-27T17:34:07","guid":{"rendered":"https:\/\/roveyayinevi.com.tr\/index.php\/urun\/amerikanin-soykirim-tarihi\/"},"modified":"2025-12-30T10:35:56","modified_gmt":"2025-12-30T07:35:56","slug":"amerikanin-soykirim-tarihi","status":"publish","type":"product","link":"https:\/\/roveyayinevi.com.tr\/index.php\/urun\/amerikanin-soykirim-tarihi\/","title":{"rendered":"Amerika\u2019n\u0131n  Soyk\u0131r\u0131m Tarihi"},"content":{"rendered":"<p>\u201cY\u00fczy\u0131llar\u0131n romantik anlat\u0131m\u0131na gerekli cevap geldi.\u201d &#8211; L. A. Times 1490\u2019larda Hispanyola\u2019n\u0131n Aravak halk\u0131na yap\u0131lan ilk \u0130spanyol sald\u0131r\u0131lar\u0131ndan 1890\u2019larda ABD Ordusu\u2019nun Wounded Knee\u2019de Siu yerlilerini katletmesine kadar ge\u00e7en d\u00f6rt y\u00fcz y\u0131lda, Kuzey ve G\u00fcney Amerika\u2019n\u0131n yerli halklar\u0131 sonu gelmeyen bir \u015fiddet f\u0131rt\u0131nas\u0131na katland\u0131lar. Bu s\u00fcrede Bat\u0131 Yar\u0131mk\u00fcre\u2019nin yerli n\u00fcfusu neredeyse 100 milyon azald\u0131. Tarih\u00e7i David E. Stannard\u2019\u0131n bu \u00e7arp\u0131c\u0131 kitapta \u00f6ne s\u00fcrd\u00fc\u011f\u00fc gibi Avrupal\u0131lar\u0131n ve beyaz Amerikal\u0131lar\u0131n Kuzey ve G\u00fcney Amerika\u2019n\u0131n yerli halklar\u0131n\u0131 yok etmesi d\u00fcnya tarihindeki en b\u00fcy\u00fck soyk\u0131r\u0131m eylemiydi. Stannard, Avrupal\u0131lar veya beyaz Amerikal\u0131lar nereye giderse, oradaki yerli halk\u0131n ithal edilmi\u015f vebalar ve vah\u015fi barbarl\u0131\u011f\u0131n aras\u0131nda s\u0131k\u0131\u015ft\u0131\u011f\u0131n\u0131 ve bunun da genel olarak n\u00fcfuslar\u0131n\u0131n y\u00fczde 95\u2019inin yok olmas\u0131na sebep oldu\u011funu ortaya koyuyor. Ne t\u00fcr insanlar ba\u015fkalar\u0131na bu kadar korkun\u00e7 \u015feyler yapar? Stannard\u2019\u0131n yan\u0131t\u0131 k\u0131\u015fk\u0131rt\u0131c\u0131: Hristiyanlar&#8230; Yazar cinsiyete, \u0131rka ve sava\u015fa kar\u015f\u0131 antik Avrupal\u0131 ve Hristiyan tutumlar\u0131n\u0131 derinlemesine inceleyerek, Avrupal\u0131lar\u0131n ve torunlar\u0131n\u0131n ileri s\u00fcrd\u00fc\u011f\u00fc ve baz\u0131 yerlerde Yeni D\u00fcnya\u2019n\u0131n as\u0131l sakinlerine kar\u015f\u0131 halen s\u00fcrd\u00fcrd\u00fc\u011f\u00fc y\u00fczy\u0131llard\u0131r devam eden soyk\u0131r\u0131m kampanyas\u0131 i\u00e7in Orta \u00e7a\u011f\u0131n sonlar\u0131nda haz\u0131rlanm\u0131\u015f bir k\u00fclt\u00fcrel dayanak buluyor. Kesinlikle \u00e7ok tart\u0131\u015fma yaratacak bir tez geli\u015ftiren Stannard, Amerikan Katliam\u0131\u2019n\u0131n faillerinin, daha sonradan Nazi Katliam\u0131\u2019n\u0131n mimarlar\u0131n\u0131n yapt\u0131\u011f\u0131 gibi ayn\u0131 ideolojik kaynaktan yararland\u0131\u011f\u0131n\u0131 iddia ediyor.<\/p>\n","protected":false},"excerpt":{"rendered":"<p>\u201cY\u00fczy\u0131llar\u0131n romantik anlat\u0131m\u0131na gerekli cevap geldi.\u201d &#8211; L. A. Times 1490\u2019larda Hispanyola\u2019n\u0131n Aravak halk\u0131na yap\u0131lan ilk \u0130spanyol sald\u0131r\u0131lar\u0131ndan 1890\u2019larda ABD Ordusu\u2019nun Wounded Knee\u2019de Siu yerlilerini katletmesine<span class=\"excerpt-hellip\"> [\u2026]<\/span><\/p>\n","protected":false},"featured_media":0,"template":"","meta":{"_monsterinsights_skip_tracking":false,"_monsterinsights_sitenote_active":false,"_monsterinsights_sitenote_note":"","_monsterinsights_sitenote_category":0},"product_brand":[],"product_cat":[12305,12304],"product_tag":[],"class_list":{"0":"post-728117","1":"product","2":"type-product","3":"status-publish","5":"product_cat-dunya-tarihi","6":"product_cat-tarih","7":"pa_cilt-ciltsiz","8":"pa_tur-kitap","9":"pa_yayinevi-ketebe-yayinlari","10":"pa_yazar-david-e-stannard","12":"first","13":"instock","14":"sale","15":"shipping-taxable","16":"purchasable","17":"product-type-simple"},"_links":{"self":[{"href":"https:\/\/roveyayinevi.com.tr\/index.php\/wp-json\/wp\/v2\/product\/728117","targetHints":{"allow":["GET"]}}],"collection":[{"href":"https:\/\/roveyayinevi.com.tr\/index.php\/wp-json\/wp\/v2\/product"}],"about":[{"href":"https:\/\/roveyayinevi.com.tr\/index.php\/wp-json\/wp\/v2\/types\/product"}],"wp:attachment":[{"href":"https:\/\/roveyayinevi.com.tr\/index.php\/wp-json\/wp\/v2\/media?parent=728117"}],"wp:term":[{"taxonomy":"product_brand","embeddable":true,"href":"https:\/\/roveyayinevi.com.tr\/index.php\/wp-json\/wp\/v2\/product_brand?post=728117"},{"taxonomy":"product_cat","embeddable":true,"href":"https:\/\/roveyayinevi.com.tr\/index.php\/wp-json\/wp\/v2\/product_cat?post=728117"},{"taxonomy":"product_tag","embeddable":true,"href":"https:\/\/roveyayinevi.com.tr\/index.php\/wp-json\/wp\/v2\/product_tag?post=728117"}],"curies":[{"name":"wp","href":"https:\/\/api.w.org\/{rel}","templated":true}]}}