{"id":728116,"date":"2025-08-27T20:34:06","date_gmt":"2025-08-27T17:34:06","guid":{"rendered":"https:\/\/roveyayinevi.com.tr\/index.php\/urun\/iste-beyniniz\/"},"modified":"2026-04-16T02:35:53","modified_gmt":"2026-04-15T23:35:53","slug":"iste-beyniniz","status":"publish","type":"product","link":"https:\/\/roveyayinevi.com.tr\/index.php\/urun\/iste-beyniniz\/","title":{"rendered":"\u0130\u015fte Beyniniz"},"content":{"rendered":"<p>Uyku, Haf\u0131za, Keyif, Korku, Dil. Bunlar\u0131 her g\u00fcn ya\u015f\u0131yoruz, kullan\u0131yoruz. Peki beyinlerimiz bunlar\u0131 nas\u0131l olu\u015fturuyor? Bu kitap sizei beyninizde bir ser\u00fcvene \u00e7\u0131kar\u0131yor. Sinirbilimci Marc Dingman, beyninizin nas\u0131l \u00e7al\u0131\u015ft\u0131\u011f\u0131n\u0131 g\u00f6stererek, sizi etkileyen beyin fonksiyonlar\u0131na ili\u015fkin g\u00fcncel ara\u015ft\u0131rmalar\u0131 anlatarak bu ser\u00fcvende size rehberlik ediyor. Bu kitapta, beyniniz \u00e7al\u0131\u015fmas\u0131 gerekti\u011fi gibi \u00e7al\u0131\u015fmay\u0131p uykusuzluk, depresyon ve ba\u011f\u0131ml\u0131l\u0131k gibi sorunlar ortaya \u00e7\u0131kard\u0131\u011f\u0131nda neler oldu\u011funu da g\u00f6receksiniz. Sinirbilimin bu sorunlar\u0131 \u00e7\u00f6zmek i\u00e7in neler yapt\u0131\u011f\u0131na ve beyninizin hatalar\u0131ndan korunmak i\u00e7in neler yapabilece\u011finize bak\u0131\u015f atacaks\u0131n\u0131z. Bunlar\u0131 \u00f6\u011frenirken; Neden haf\u0131za oyunlar\u0131n\u0131n demans\u0131 engellemedi\u011fini, Hayat\u0131n\u0131z\u0131n her g\u00fcn\u00fcn\u00fc sanki d\u00fcn ya\u015fanm\u0131\u015fcas\u0131na hat\u0131rlaman\u0131n nas\u0131l bir \u015fey oldu\u011funu, Hangi pop\u00fcler psikiyatrik ilac\u0131n Alman roket yak\u0131t\u0131ndan \u00fcretildi\u011fini, Nas\u0131l fark\u0131nda olmadan uykunuzu sabote edebilece\u011finizi de g\u00f6receksiniz. Yazar\u0131n pop\u00fcler YouTube serisinden yola \u00e7\u0131kan bu kitap, bir sinirbilimcinin perspektifinden insan beyninin \u00f6zelliklerine, ger\u00e7ek hayattan al\u0131nma \u00f6rnekler ve yazar\u0131n \u00f6\u011fretici anlat\u0131m\u0131yla e\u011flenceli bir giri\u015f sunuyor. \u0130\u015fte Beyniniz, ke\u015ffetmeniz i\u00e7in ellerinizde! <\/p>\n","protected":false},"excerpt":{"rendered":"<p>Uyku, Haf\u0131za, Keyif, Korku, Dil. Bunlar\u0131 her g\u00fcn ya\u015f\u0131yoruz, kullan\u0131yoruz. Peki beyinlerimiz bunlar\u0131 nas\u0131l olu\u015fturuyor? Bu kitap sizei beyninizde bir ser\u00fcvene \u00e7\u0131kar\u0131yor. Sinirbilimci Marc Dingman, beyninizin<span class=\"excerpt-hellip\"> [\u2026]<\/span><\/p>\n","protected":false},"featured_media":0,"template":"","meta":{"_monsterinsights_skip_tracking":false,"_monsterinsights_sitenote_active":false,"_monsterinsights_sitenote_note":"","_monsterinsights_sitenote_category":0},"product_brand":[],"product_cat":[20313,13365],"product_tag":[],"class_list":{"0":"post-728116","1":"product","2":"type-product","3":"status-publish","5":"product_cat-basvuru-kitaplari-saglik","6":"product_cat-saglik","7":"pa_cilt-ciltsiz","8":"pa_tur-kitap","9":"pa_yayinevi-orenda","10":"pa_yazar-marc-dingman","12":"first","13":"instock","14":"sale","15":"shipping-taxable","16":"purchasable","17":"product-type-simple"},"_links":{"self":[{"href":"https:\/\/roveyayinevi.com.tr\/index.php\/wp-json\/wp\/v2\/product\/728116","targetHints":{"allow":["GET"]}}],"collection":[{"href":"https:\/\/roveyayinevi.com.tr\/index.php\/wp-json\/wp\/v2\/product"}],"about":[{"href":"https:\/\/roveyayinevi.com.tr\/index.php\/wp-json\/wp\/v2\/types\/product"}],"wp:attachment":[{"href":"https:\/\/roveyayinevi.com.tr\/index.php\/wp-json\/wp\/v2\/media?parent=728116"}],"wp:term":[{"taxonomy":"product_brand","embeddable":true,"href":"https:\/\/roveyayinevi.com.tr\/index.php\/wp-json\/wp\/v2\/product_brand?post=728116"},{"taxonomy":"product_cat","embeddable":true,"href":"https:\/\/roveyayinevi.com.tr\/index.php\/wp-json\/wp\/v2\/product_cat?post=728116"},{"taxonomy":"product_tag","embeddable":true,"href":"https:\/\/roveyayinevi.com.tr\/index.php\/wp-json\/wp\/v2\/product_tag?post=728116"}],"curies":[{"name":"wp","href":"https:\/\/api.w.org\/{rel}","templated":true}]}}