{"id":728115,"date":"2025-08-27T20:34:05","date_gmt":"2025-08-27T17:34:05","guid":{"rendered":"https:\/\/roveyayinevi.com.tr\/index.php\/urun\/bana-borcun-var\/"},"modified":"2026-04-16T02:35:53","modified_gmt":"2026-04-15T23:35:53","slug":"bana-borcun-var","status":"publish","type":"product","link":"https:\/\/roveyayinevi.com.tr\/index.php\/urun\/bana-borcun-var\/","title":{"rendered":"Bana Borcun Var"},"content":{"rendered":"<p>Hayat s\u00fcrprizlerden mi ho\u015flan\u0131yor yoksa rastlant\u0131lardan m\u0131? Belki de arada yaz\u0131 tura at\u0131yordur.   ODT\u00dc\u2019de \u00f6\u011frenciyken birdenbire kendini bamba\u015fka bir hayat\u0131n i\u00e7inde bulan \u015eafak, yaln\u0131z ve lanetli bir adam olarak ge\u00e7irdi\u011fi y\u0131llardan sonra B\u00fcy\u00fckada\u2019ya d\u00f6ner. Adada tan\u0131\u015ft\u0131\u011f\u0131 Deniz ona arkada\u015fl\u0131k ederken ge\u00e7mi\u015fin mumunu da yeniden alevlendirir. \u015eafak\u2019\u0131n d\u00fc\u015f\u00fcnmek istemedi\u011fi an\u0131lar bir t\u00fcrl\u00fc yakas\u0131n\u0131 b\u0131rakmaz. Sevdiklerini bir bir elinden alan hayatla hesapla\u015fma ve y\u00fczle\u015fme vaktidir art\u0131k. Biri ayd\u0131nl\u0131\u011fa, di\u011feri karanl\u0131\u011fa a\u00e7\u0131lan iki yol vard\u0131r ve \u015eafak\u2019\u0131n ayd\u0131nl\u0131\u011fa ula\u015fmak i\u00e7in karanl\u0131k yoldan ge\u00e7mesi ka\u00e7\u0131n\u0131lmazd\u0131r.   Attil\u00e2 \u0130lhan Roman \u00d6d\u00fcl\u00fc sahibi Murat \u00d6zsan\u2019dan a\u015fka, kavu\u015famamaya, cesarete, tercihlere dair s\u00fcrprizli bir roman Bana Borcun Var\u2026   Yaralarla uyanaca\u011f\u0131m\u0131z\u0131 bilmiyorduk. Sevgilerin insanlara neler yapt\u0131rabilece\u011fini, nice y\u0131k\u0131mlar\u0131n alt\u0131nda da hi\u00e7 beklenmedik sevgilerin yatabilece\u011fini&#8230; Mutluluklar\u0131 bir hi\u00e7 u\u011fruna kaybetti\u011fimizi \u00f6\u011frendi\u011fimizde su\u00e7lunun ve masumun kim oldu\u011funu d\u00fc\u015f\u00fcnecektik. Asl\u0131nda hepsi sevgide bulu\u015fuyordu; mutluluk da, mutsuzluk da, su\u00e7luluk da, masumiyet de&#8230; O zaman kime k\u0131zacakt\u0131k? <\/p>\n","protected":false},"excerpt":{"rendered":"<p>Hayat s\u00fcrprizlerden mi ho\u015flan\u0131yor yoksa rastlant\u0131lardan m\u0131? Belki de arada yaz\u0131 tura at\u0131yordur. ODT\u00dc\u2019de \u00f6\u011frenciyken birdenbire kendini bamba\u015fka bir hayat\u0131n i\u00e7inde bulan \u015eafak, yaln\u0131z ve lanetli<span class=\"excerpt-hellip\"> [\u2026]<\/span><\/p>\n","protected":false},"featured_media":0,"template":"","meta":{"_monsterinsights_skip_tracking":false,"_monsterinsights_sitenote_active":false,"_monsterinsights_sitenote_note":"","_monsterinsights_sitenote_category":0},"product_brand":[],"product_cat":[12291,12711],"product_tag":[],"class_list":{"0":"post-728115","1":"product","2":"type-product","3":"status-publish","5":"product_cat-edebiyat","6":"product_cat-roman-oyku","7":"pa_cilt-ciltsiz","8":"pa_tur-kitap","9":"pa_yayinevi-dogan-solibri-yayinlari","10":"pa_yazar-murat-ozcan","12":"first","13":"instock","14":"sale","15":"shipping-taxable","16":"purchasable","17":"product-type-simple"},"_links":{"self":[{"href":"https:\/\/roveyayinevi.com.tr\/index.php\/wp-json\/wp\/v2\/product\/728115","targetHints":{"allow":["GET"]}}],"collection":[{"href":"https:\/\/roveyayinevi.com.tr\/index.php\/wp-json\/wp\/v2\/product"}],"about":[{"href":"https:\/\/roveyayinevi.com.tr\/index.php\/wp-json\/wp\/v2\/types\/product"}],"wp:attachment":[{"href":"https:\/\/roveyayinevi.com.tr\/index.php\/wp-json\/wp\/v2\/media?parent=728115"}],"wp:term":[{"taxonomy":"product_brand","embeddable":true,"href":"https:\/\/roveyayinevi.com.tr\/index.php\/wp-json\/wp\/v2\/product_brand?post=728115"},{"taxonomy":"product_cat","embeddable":true,"href":"https:\/\/roveyayinevi.com.tr\/index.php\/wp-json\/wp\/v2\/product_cat?post=728115"},{"taxonomy":"product_tag","embeddable":true,"href":"https:\/\/roveyayinevi.com.tr\/index.php\/wp-json\/wp\/v2\/product_tag?post=728115"}],"curies":[{"name":"wp","href":"https:\/\/api.w.org\/{rel}","templated":true}]}}