{"id":728110,"date":"2025-08-27T20:34:01","date_gmt":"2025-08-27T17:34:01","guid":{"rendered":"https:\/\/roveyayinevi.com.tr\/index.php\/urun\/mikrop-kardesler-mo-ile-zo\/"},"modified":"2026-04-16T02:35:53","modified_gmt":"2026-04-15T23:35:53","slug":"mikrop-kardesler-mo-ile-zo","status":"publish","type":"product","link":"https:\/\/roveyayinevi.com.tr\/index.php\/urun\/mikrop-kardesler-mo-ile-zo\/","title":{"rendered":"Mikrop Karde\u015fler Mo ile Zo"},"content":{"rendered":"<p>Uykusu geldi\u011fi i\u00e7in di\u015flerini f\u0131r\u00e7alamadan do\u011fruca yata\u011fa giden Lili\u2019nin, o gece minik iki misafiri vard\u0131: Mikrop Karde\u015fler Mo ile Zo. Mo ile Zo, ak\u015famlar\u0131 y\u00fcksek bir binan\u0131n \u00e7at\u0131s\u0131na otururlard\u0131. Di\u015flerini f\u0131r\u00e7alamadan uyuyan k\u00fc\u00e7\u00fck \u00e7ocuklar\u0131n a\u011f\u0131zlar\u0131ndan d\u0131\u015far\u0131 s\u00fcz\u00fclecek kokular\u0131 beklerlerdi. Sonra o kokunun izini s\u00fcr\u00fcp minik di\u015flerin aras\u0131nda kalan yemek art\u0131klar\u0131yla kendilerine g\u00fczel bir ziyafet \u00e7ekebilirlerdi! Ve bu ziyafet, a\u00e7l\u0131ktan guruldayan kar\u0131nlar\u0131n\u0131n tam da ihtiyac\u0131 olan \u015feydi\u2026 Ceylan Kory\u00fcrek\u2019in ak\u0131lda kal\u0131c\u0131, kafiyeli anlat\u0131m\u0131 ve Burcu Y\u0131ld\u0131z\u2019\u0131n \u00e7izimleriyle Mikrop Karde\u015fler Mo ile Zo, \u00e7ocuklara di\u015flerini d\u00fczenli f\u0131r\u00e7alamad\u0131klar\u0131nda neler olabilece\u011fini sevimli bir \u00f6yk\u00fcyle anlat\u0131yor. <\/p>\n","protected":false},"excerpt":{"rendered":"<p>Uykusu geldi\u011fi i\u00e7in di\u015flerini f\u0131r\u00e7alamadan do\u011fruca yata\u011fa giden Lili\u2019nin, o gece minik iki misafiri vard\u0131: Mikrop Karde\u015fler Mo ile Zo. Mo ile Zo, ak\u015famlar\u0131 y\u00fcksek bir<span class=\"excerpt-hellip\"> [\u2026]<\/span><\/p>\n","protected":false},"featured_media":0,"template":"","meta":{"_monsterinsights_skip_tracking":false,"_monsterinsights_sitenote_active":false,"_monsterinsights_sitenote_note":"","_monsterinsights_sitenote_category":0},"product_brand":[],"product_cat":[12274,12518],"product_tag":[],"class_list":{"0":"post-728110","1":"product","2":"type-product","3":"status-publish","5":"product_cat-cocuk-ve-genclik-kitaplari","6":"product_cat-okul-oncesi-kitaplar","7":"pa_cilt-ciltsiz","8":"pa_tur-kitap","9":"pa_yayinevi-ithaki-yayinlari","10":"pa_yazar-ceylan-koryurek","12":"first","13":"instock","14":"sale","15":"shipping-taxable","16":"purchasable","17":"product-type-simple"},"_links":{"self":[{"href":"https:\/\/roveyayinevi.com.tr\/index.php\/wp-json\/wp\/v2\/product\/728110","targetHints":{"allow":["GET"]}}],"collection":[{"href":"https:\/\/roveyayinevi.com.tr\/index.php\/wp-json\/wp\/v2\/product"}],"about":[{"href":"https:\/\/roveyayinevi.com.tr\/index.php\/wp-json\/wp\/v2\/types\/product"}],"wp:attachment":[{"href":"https:\/\/roveyayinevi.com.tr\/index.php\/wp-json\/wp\/v2\/media?parent=728110"}],"wp:term":[{"taxonomy":"product_brand","embeddable":true,"href":"https:\/\/roveyayinevi.com.tr\/index.php\/wp-json\/wp\/v2\/product_brand?post=728110"},{"taxonomy":"product_cat","embeddable":true,"href":"https:\/\/roveyayinevi.com.tr\/index.php\/wp-json\/wp\/v2\/product_cat?post=728110"},{"taxonomy":"product_tag","embeddable":true,"href":"https:\/\/roveyayinevi.com.tr\/index.php\/wp-json\/wp\/v2\/product_tag?post=728110"}],"curies":[{"name":"wp","href":"https:\/\/api.w.org\/{rel}","templated":true}]}}