{"id":728109,"date":"2025-08-27T20:34:00","date_gmt":"2025-08-27T17:34:00","guid":{"rendered":"https:\/\/roveyayinevi.com.tr\/index.php\/urun\/modern-genc-kizin-ergenlik-rehberi\/"},"modified":"2026-04-16T02:35:53","modified_gmt":"2026-04-15T23:35:53","slug":"modern-genc-kizin-ergenlik-rehberi","status":"publish","type":"product","link":"https:\/\/roveyayinevi.com.tr\/index.php\/urun\/modern-genc-kizin-ergenlik-rehberi\/","title":{"rendered":"Modern Gen\u00e7 K\u0131z\u0131n Ergenlik Rehberi"},"content":{"rendered":"<p>Ne zaman regl olaca\u011f\u0131m?Can\u0131m ac\u0131yacak m\u0131?Neden b\u00f6yle hissediyorum?Normal olan ne?   B\u00fcy\u00fcme \u00e7a\u011f\u0131ndaki her gen\u00e7 k\u0131z gibi sizin de kafan\u0131zda milyonlarca soru oldu\u011funa eminim. Fakat merak etmeyin, do\u011fru yerdesiniz. Hormonlardan sutyenlere, \u00e2det d\u00f6ng\u00fcs\u00fcnden ili\u015fkilere kadar her konuda d\u00fcr\u00fcst a\u00e7\u0131klamalar ve e\u011flenceli ill\u00fcstrasyonlar sayesinde ergenli\u011fin gizemli d\u00fcnyas\u0131n\u0131n t\u00fcm s\u0131rlar\u0131n\u0131 \u00f6\u011freneceksiniz.   Modern Gen\u00e7 K\u0131z\u0131n Ergenlik Rehberi, hayat\u0131n\u0131z\u0131n bu yeni d\u00f6neminde kendinizi g\u00fc\u00e7l\u00fc ve \u00f6zg\u00fcvenli hissetmeniz i\u00e7in ihtiyac\u0131n\u0131z olan her \u015feyi sunuyor.   \u201cBir gen\u00e7 k\u0131z\u0131n bedenindeki de\u011fi\u015fimlere d\u00fcr\u00fcst, e\u011flenceli ve korkusuz bir bak\u0131\u015f. Pratik tavsiyelerle, faydal\u0131 a\u00e7\u0131klamalarla ve cesaretlendirici mesajlarla dolu.\u201d \u2014Parents.com   \u201cBu kitap hakk\u0131nda en sevdi\u011fim \u015fey, kitap boyunca tekrar eden g\u00fc\u00e7lendirici mesaj\u0131 oldu: Bedenin sana ait.\u201d \u2014Health.com   \u201cE\u011fer \u00e7evrenizde ergenli\u011fe girmek \u00fczere olan bir gen\u00e7 k\u0131z varsa, hemen ona bu kitab\u0131 al\u0131n.\u201d \u2014HEIDI STEVENS   \u201cErgenli\u011fin fiziksel, ruhsal ve duygusal boyutlar\u0131na dair muhte\u015fem bir k\u0131lavuz.\u201d \u2014Publishers Weekly   \u201cFaydal\u0131 ve net tavsiyeler\u2026 tam da do\u011fru tonda.\u201d \u2014Kirkus <\/p>\n","protected":false},"excerpt":{"rendered":"<p>Ne zaman regl olaca\u011f\u0131m?Can\u0131m ac\u0131yacak m\u0131?Neden b\u00f6yle hissediyorum?Normal olan ne? B\u00fcy\u00fcme \u00e7a\u011f\u0131ndaki her gen\u00e7 k\u0131z gibi sizin de kafan\u0131zda milyonlarca soru oldu\u011funa eminim. Fakat merak etmeyin,<span class=\"excerpt-hellip\"> [\u2026]<\/span><\/p>\n","protected":false},"featured_media":0,"template":"","meta":{"_monsterinsights_skip_tracking":false,"_monsterinsights_sitenote_active":false,"_monsterinsights_sitenote_note":"","_monsterinsights_sitenote_category":0},"product_brand":[],"product_cat":[12831,12324],"product_tag":[],"class_list":{"0":"post-728109","1":"product","2":"type-product","3":"status-publish","5":"product_cat-aile-ve-cocuk","6":"product_cat-sosyoloji","7":"pa_cilt-ciltsiz","8":"pa_tur-kitap","9":"pa_yayinevi-yabanci-yayinevi","10":"pa_yazar-naama-bloom","12":"first","13":"instock","14":"sale","15":"shipping-taxable","16":"purchasable","17":"product-type-simple"},"_links":{"self":[{"href":"https:\/\/roveyayinevi.com.tr\/index.php\/wp-json\/wp\/v2\/product\/728109","targetHints":{"allow":["GET"]}}],"collection":[{"href":"https:\/\/roveyayinevi.com.tr\/index.php\/wp-json\/wp\/v2\/product"}],"about":[{"href":"https:\/\/roveyayinevi.com.tr\/index.php\/wp-json\/wp\/v2\/types\/product"}],"wp:attachment":[{"href":"https:\/\/roveyayinevi.com.tr\/index.php\/wp-json\/wp\/v2\/media?parent=728109"}],"wp:term":[{"taxonomy":"product_brand","embeddable":true,"href":"https:\/\/roveyayinevi.com.tr\/index.php\/wp-json\/wp\/v2\/product_brand?post=728109"},{"taxonomy":"product_cat","embeddable":true,"href":"https:\/\/roveyayinevi.com.tr\/index.php\/wp-json\/wp\/v2\/product_cat?post=728109"},{"taxonomy":"product_tag","embeddable":true,"href":"https:\/\/roveyayinevi.com.tr\/index.php\/wp-json\/wp\/v2\/product_tag?post=728109"}],"curies":[{"name":"wp","href":"https:\/\/api.w.org\/{rel}","templated":true}]}}