{"id":728108,"date":"2025-08-27T20:33:59","date_gmt":"2025-08-27T17:33:59","guid":{"rendered":"https:\/\/roveyayinevi.com.tr\/index.php\/urun\/dus-mesafesi\/"},"modified":"2026-04-13T02:44:37","modified_gmt":"2026-04-12T23:44:37","slug":"dus-mesafesi","status":"publish","type":"product","link":"https:\/\/roveyayinevi.com.tr\/index.php\/urun\/dus-mesafesi\/","title":{"rendered":"D\u00fc\u015f Mesafesi"},"content":{"rendered":"<p>Ac\u0131y\u0131 ge\u00e7mi\u015fin kokusuyla dindirmeye g\u00fcc\u00fc yetmiyor art\u0131k insan\u0131n. E\u015fyalar\u0131n, bah\u00e7elerin ve insanlar\u0131n o kendilerine has kokusu her zaman merhem olmuyor kabu\u011funu \u00f6zleyen yaraya. Kalabal\u0131k ak\u015fam sofralar\u0131n\u0131n, \u00e7ocuk sesleriyle dolup ta\u015fan avlular\u0131n, uzaktan bak\u0131nca k\u0131rm\u0131z\u0131 kiremitleriyle bir yonca tarlas\u0131n\u0131 and\u0131ran gecekondu mahallelerinin anlamlar\u0131 yok olup gidiyor. \u015eehre secde edenler belki semaya y\u00fckseliyor ama bir yerlerde k\u00f6m\u00fcr kokusu, \u00e7amur lekesi ve t\u00fcrk\u00fc s\u00fcr\u00fcp gidiyor. Ayr\u0131l\u0131k ac\u0131s\u0131 hafifliyor belki ama \u00f6l\u00fcm Allah&#8217;\u0131n emri olmaya devam ediyor.   D\u00fc\u015f Mesafesi, Deniz Ceren T\u00fcrkkan\u2019\u0131n okurla ilk selamla\u015fmas\u0131. G\u00f6r\u00fcnen o ki son da olmayacak bu. Yaratt\u0131\u011f\u0131 atmosferden tercih etti\u011fi kelimelere, ele ald\u0131\u011f\u0131 \u00f6yk\u00fc konular\u0131ndan \u00fcslubu \u00f6nceleyen tavr\u0131na kadar her \u015fey onun daha uzun s\u00fcre buralarda olaca\u011f\u0131n\u0131 g\u00f6steriyor.   \u201cOnlar i\u00e7in devlet, kemerli, demir halkalar\u0131yla dev kap\u0131lar\u0131n \u00f6n\u00fcnde, kap\u0131y\u0131 t\u0131klatmadan \u00f6nce iki kez d\u00fc\u015f\u00fcnmekti. Ak kepenekli bir \u00e7oban\u0131n kaval sesini, yosun tutmu\u015f oylumlu kayal\u0131klar\u0131n zahter kokular\u0131n\u0131, yar\u0131m kalm\u0131\u015f t\u00fcrk\u00fcleri ve anason kokulu s\u00f6vg\u00fcleri y\u00fckleyip s\u0131rtlar\u0131ndaki k\u00fcfeye, kal\u0131n enseli adamlar\u0131n \u00f6n\u00fcnde boyun b\u00fckmekti. Kal\u0131n enseli devlet adamlar\u0131 onlara g\u00fclerdi g\u00fcr b\u0131y\u0131klar\u0131n\u0131n alt\u0131ndan, sanki bu g\u00fcl\u00fc\u015f, \u00f6l\u00fcme giden kestirme bir yol gibiydi.\u201d <\/p>\n","protected":false},"excerpt":{"rendered":"<p>Ac\u0131y\u0131 ge\u00e7mi\u015fin kokusuyla dindirmeye g\u00fcc\u00fc yetmiyor art\u0131k insan\u0131n. E\u015fyalar\u0131n, bah\u00e7elerin ve insanlar\u0131n o kendilerine has kokusu her zaman merhem olmuyor kabu\u011funu \u00f6zleyen yaraya. Kalabal\u0131k ak\u015fam sofralar\u0131n\u0131n,<span class=\"excerpt-hellip\"> [\u2026]<\/span><\/p>\n","protected":false},"featured_media":0,"template":"","meta":{"_monsterinsights_skip_tracking":false,"_monsterinsights_sitenote_active":false,"_monsterinsights_sitenote_note":"","_monsterinsights_sitenote_category":0},"product_brand":[],"product_cat":[12291,12711],"product_tag":[],"class_list":{"0":"post-728108","1":"product","2":"type-product","3":"status-publish","5":"product_cat-edebiyat","6":"product_cat-roman-oyku","7":"pa_cilt-ciltsiz","8":"pa_tur-kitap","9":"pa_yayinevi-ithaki-yayinlari","10":"pa_yazar-deniz-ceren-turkkan","12":"first","13":"instock","14":"sale","15":"shipping-taxable","16":"purchasable","17":"product-type-simple"},"_links":{"self":[{"href":"https:\/\/roveyayinevi.com.tr\/index.php\/wp-json\/wp\/v2\/product\/728108","targetHints":{"allow":["GET"]}}],"collection":[{"href":"https:\/\/roveyayinevi.com.tr\/index.php\/wp-json\/wp\/v2\/product"}],"about":[{"href":"https:\/\/roveyayinevi.com.tr\/index.php\/wp-json\/wp\/v2\/types\/product"}],"wp:attachment":[{"href":"https:\/\/roveyayinevi.com.tr\/index.php\/wp-json\/wp\/v2\/media?parent=728108"}],"wp:term":[{"taxonomy":"product_brand","embeddable":true,"href":"https:\/\/roveyayinevi.com.tr\/index.php\/wp-json\/wp\/v2\/product_brand?post=728108"},{"taxonomy":"product_cat","embeddable":true,"href":"https:\/\/roveyayinevi.com.tr\/index.php\/wp-json\/wp\/v2\/product_cat?post=728108"},{"taxonomy":"product_tag","embeddable":true,"href":"https:\/\/roveyayinevi.com.tr\/index.php\/wp-json\/wp\/v2\/product_tag?post=728108"}],"curies":[{"name":"wp","href":"https:\/\/api.w.org\/{rel}","templated":true}]}}