{"id":728107,"date":"2025-08-27T20:33:58","date_gmt":"2025-08-27T17:33:58","guid":{"rendered":"https:\/\/roveyayinevi.com.tr\/index.php\/urun\/safaga-gecit\/"},"modified":"2026-04-16T02:35:53","modified_gmt":"2026-04-15T23:35:53","slug":"safaga-gecit","status":"publish","type":"product","link":"https:\/\/roveyayinevi.com.tr\/index.php\/urun\/safaga-gecit\/","title":{"rendered":"\u015eafa\u011fa Ge\u00e7it"},"content":{"rendered":"<p>Alt\u0131 y\u0131l, bir kara elfin \u00f6mr\u00fcnde k\u0131sac\u0131k bir \u00e2na denk gelir. Ancak Mithral Salonu\u2019ndan ayr\u0131 d\u00fc\u015fen Drizzt ve Catti-brie i\u00e7in alt\u0131 y\u0131l ge\u00e7mek bilmemi\u015ftir. Kaybettikleri dostlar\u0131n\u0131n yas\u0131n\u0131 tutan ikili, K\u0131l\u0131\u00e7 Sahili\u2019ndeki bir gemide korsan avlayarak ge\u00e7irmektedir g\u00fcnlerini. Ancak ac\u0131 dolu ge\u00e7mi\u015flerinden ka\u00e7malar\u0131 o kadar da kolay olmayacakt\u0131r.   \u201cYuvam buras\u0131 m\u0131? Bilmiyorum. Bir di\u011fer basamak oldu\u011funu tahmin ediyorum ama beni yuvam diyebilece\u011fim bir yere g\u00f6t\u00fcrecek bir yol var m\u0131d\u0131r, bilmiyorum.   Bu konuya pek s\u0131k kafa da yormuyorum \u00e7\u00fcnk\u00fc zaman ge\u00e7tik\u00e7e onu umursamad\u0131\u011f\u0131m\u0131 anlad\u0131m. E\u011fer bu yol, bu basamaklar dizisi hi\u00e7bir yere \u00e7\u0131kmazsa bile sorun de\u011fil. Yolu dostlarla beraber y\u00fcr\u00fcd\u00fc\u011f\u00fcm i\u00e7in zaten yuvamda say\u0131l\u0131r\u0131m.\u201d <\/p>\n","protected":false},"excerpt":{"rendered":"<p>Alt\u0131 y\u0131l, bir kara elfin \u00f6mr\u00fcnde k\u0131sac\u0131k bir \u00e2na denk gelir. Ancak Mithral Salonu\u2019ndan ayr\u0131 d\u00fc\u015fen Drizzt ve Catti-brie i\u00e7in alt\u0131 y\u0131l ge\u00e7mek bilmemi\u015ftir. Kaybettikleri dostlar\u0131n\u0131n<span class=\"excerpt-hellip\"> [\u2026]<\/span><\/p>\n","protected":false},"featured_media":0,"template":"","meta":{"_monsterinsights_skip_tracking":false,"_monsterinsights_sitenote_active":false,"_monsterinsights_sitenote_note":"","_monsterinsights_sitenote_category":0},"product_brand":[],"product_cat":[12291,14777],"product_tag":[],"class_list":{"0":"post-728107","1":"product","2":"type-product","3":"status-publish","5":"product_cat-edebiyat","6":"product_cat-fantastik","7":"pa_cilt-ciltsiz","8":"pa_tur-kitap","9":"pa_yayinevi-ithaki-yayinlari","10":"pa_yazar-r-a-salvatore","12":"first","13":"instock","14":"sale","15":"shipping-taxable","16":"purchasable","17":"product-type-simple"},"_links":{"self":[{"href":"https:\/\/roveyayinevi.com.tr\/index.php\/wp-json\/wp\/v2\/product\/728107","targetHints":{"allow":["GET"]}}],"collection":[{"href":"https:\/\/roveyayinevi.com.tr\/index.php\/wp-json\/wp\/v2\/product"}],"about":[{"href":"https:\/\/roveyayinevi.com.tr\/index.php\/wp-json\/wp\/v2\/types\/product"}],"wp:attachment":[{"href":"https:\/\/roveyayinevi.com.tr\/index.php\/wp-json\/wp\/v2\/media?parent=728107"}],"wp:term":[{"taxonomy":"product_brand","embeddable":true,"href":"https:\/\/roveyayinevi.com.tr\/index.php\/wp-json\/wp\/v2\/product_brand?post=728107"},{"taxonomy":"product_cat","embeddable":true,"href":"https:\/\/roveyayinevi.com.tr\/index.php\/wp-json\/wp\/v2\/product_cat?post=728107"},{"taxonomy":"product_tag","embeddable":true,"href":"https:\/\/roveyayinevi.com.tr\/index.php\/wp-json\/wp\/v2\/product_tag?post=728107"}],"curies":[{"name":"wp","href":"https:\/\/api.w.org\/{rel}","templated":true}]}}