{"id":728106,"date":"2025-08-27T20:33:57","date_gmt":"2025-08-27T17:33:57","guid":{"rendered":"https:\/\/roveyayinevi.com.tr\/index.php\/urun\/karanligin-kusatmasi\/"},"modified":"2026-04-16T02:35:53","modified_gmt":"2026-04-15T23:35:53","slug":"karanligin-kusatmasi","status":"publish","type":"product","link":"https:\/\/roveyayinevi.com.tr\/index.php\/urun\/karanligin-kusatmasi\/","title":{"rendered":"Karanl\u0131\u011f\u0131n Ku\u015fatmas\u0131"},"content":{"rendered":"<p>Karanl\u0131kalt\u0131\u2019n\u0131n zifiri derinliklerinden \u00e7\u0131kan kara elf bir kez daha Mithral Salonu\u2019nun c\u00fcceleriyle bulu\u015fur. Drizzt Do\u2019urden\u2019la birlikte olan Bruenor Battlehammer d\u00f6v\u00fc\u015fe haz\u0131rd\u0131r \u2013 ancak bu sefer ne Wulfgar yanlar\u0131ndad\u0131r ne de Catti-brie.   \u201cAnahtar umuttur. Gelece\u011fin ge\u00e7mi\u015ften veya bug\u00fcnden daha iyi olaca\u011f\u0131na inanmazsak ya drow toplumundaki gibi her g\u00fcn nefsimizi tatmin etmek u\u011fruna bo\u015f bir m\u00fccadeleye gireriz ya da umutsuzlu\u011fa kap\u0131l\u0131p \u00f6l\u00fcm\u00fc bekleyerek hayat\u0131m\u0131z\u0131 heba ederiz.\u201d <\/p>\n","protected":false},"excerpt":{"rendered":"<p>Karanl\u0131kalt\u0131\u2019n\u0131n zifiri derinliklerinden \u00e7\u0131kan kara elf bir kez daha Mithral Salonu\u2019nun c\u00fcceleriyle bulu\u015fur. Drizzt Do\u2019urden\u2019la birlikte olan Bruenor Battlehammer d\u00f6v\u00fc\u015fe haz\u0131rd\u0131r \u2013 ancak bu sefer ne<span class=\"excerpt-hellip\"> [\u2026]<\/span><\/p>\n","protected":false},"featured_media":0,"template":"","meta":{"_monsterinsights_skip_tracking":false,"_monsterinsights_sitenote_active":false,"_monsterinsights_sitenote_note":"","_monsterinsights_sitenote_category":0},"product_brand":[],"product_cat":[12291,14777],"product_tag":[],"class_list":{"0":"post-728106","1":"product","2":"type-product","3":"status-publish","5":"product_cat-edebiyat","6":"product_cat-fantastik","7":"pa_cilt-ciltsiz","8":"pa_tur-kitap","9":"pa_yayinevi-ithaki-yayinlari","10":"pa_yazar-r-a-salvatore","12":"first","13":"instock","14":"sale","15":"shipping-taxable","16":"purchasable","17":"product-type-simple"},"_links":{"self":[{"href":"https:\/\/roveyayinevi.com.tr\/index.php\/wp-json\/wp\/v2\/product\/728106","targetHints":{"allow":["GET"]}}],"collection":[{"href":"https:\/\/roveyayinevi.com.tr\/index.php\/wp-json\/wp\/v2\/product"}],"about":[{"href":"https:\/\/roveyayinevi.com.tr\/index.php\/wp-json\/wp\/v2\/types\/product"}],"wp:attachment":[{"href":"https:\/\/roveyayinevi.com.tr\/index.php\/wp-json\/wp\/v2\/media?parent=728106"}],"wp:term":[{"taxonomy":"product_brand","embeddable":true,"href":"https:\/\/roveyayinevi.com.tr\/index.php\/wp-json\/wp\/v2\/product_brand?post=728106"},{"taxonomy":"product_cat","embeddable":true,"href":"https:\/\/roveyayinevi.com.tr\/index.php\/wp-json\/wp\/v2\/product_cat?post=728106"},{"taxonomy":"product_tag","embeddable":true,"href":"https:\/\/roveyayinevi.com.tr\/index.php\/wp-json\/wp\/v2\/product_tag?post=728106"}],"curies":[{"name":"wp","href":"https:\/\/api.w.org\/{rel}","templated":true}]}}